{"id":1464,"date":"2025-04-28T03:45:56","date_gmt":"2025-04-28T01:45:56","guid":{"rendered":"https:\/\/www.regionalis.shop\/huizbirn\/product\/holzschale-holzschuessel-20-cm-zirbenschale-handarbeit-unikat\/"},"modified":"2025-04-28T03:45:56","modified_gmt":"2025-04-28T01:45:56","slug":"holzschale-holzschuessel-20-cm-zirbenschale-handarbeit-unikat","status":"publish","type":"product","link":"https:\/\/www.regionalis.shop\/huizbirn\/shop\/holzschale-holzschuessel-20-cm-zirbenschale-handarbeit-unikat\/","title":{"rendered":"Holzschale Holzsch\u00fcssel 20 cm Zirbenschale Handarbeit Unikat"},"content":{"rendered":"<p>Wundersch\u00f6ne, handgearbeitete flache Schale aus \u00f6sterreichischem Zirben-Holz.<\/p>\n<p>Dem Geruch von Zirben sagt man beruhigende Wirkung nach und ist momentan der letzte Schrei. Was sicher ist: Motten m\u00f6gen den Geruch von Zirbenholz nicht gerne.<\/p>\n<p>Durchmesser: ca. 20 cm<br \/>\nH\u00f6he ca. 5 cm<\/p>\n<p>Die Schale wurde von Hand gedrechselt und mit lebensmittelechtem Zirben-\u00d6l dauerhaft versiegelt. Ein wundersch\u00f6nes Unikat, Made in Austria.<\/p>\n<p>Allgemeiner Hinweis: Holz ist ein Naturprodukt und nicht f\u00fcr den Geschirrsp\u00fcler geeignet!<\/p>\n<p>Eine tolle Geschenksidee zum Geburtstag, Weihnachten oder anderen Anlass.<\/p>\n","protected":false},"excerpt":{"rendered":"<p>Wundersch\u00f6ne, handgearbeitete flache Schale aus \u00f6sterreichischem Zirben-Holz. Dem Geruch von Zirben sagt man beruhigende Wirkung nach und ist momentan der letzte Schrei. Was sicher ist: Motten m\u00f6gen den Geruch von Zirbenholz nicht gerne. Durchmesser: ca. 20 cm H\u00f6he ca. 5 cm Die Schale wurde von Hand gedrechselt und mit lebensmittelechtem Zirben-\u00d6l dauerhaft versiegelt. Ein wundersch\u00f6nes &hellip; <a href=\"https:\/\/www.regionalis.shop\/huizbirn\/shop\/holzschale-holzschuessel-20-cm-zirbenschale-handarbeit-unikat\/\">Continued<\/a><\/p>\n","protected":false},"featured_media":1465,"template":"","meta":{"_acf_changed":false},"product_brand":[],"product_cat":[174,103],"product_tag":[],"class_list":{"0":"post-1464","1":"product","2":"type-product","3":"status-publish","4":"has-post-thumbnail","6":"product_cat-wohndekoration","7":"product_cat-wohnen-deko","9":"first","10":"instock","11":"purchasable","12":"product-type-simple"},"acf":[],"_links":{"self":[{"href":"https:\/\/www.regionalis.shop\/huizbirn\/wp-json\/wp\/v2\/product\/1464","targetHints":{"allow":["GET"]}}],"collection":[{"href":"https:\/\/www.regionalis.shop\/huizbirn\/wp-json\/wp\/v2\/product"}],"about":[{"href":"https:\/\/www.regionalis.shop\/huizbirn\/wp-json\/wp\/v2\/types\/product"}],"wp:featuredmedia":[{"embeddable":true,"href":"https:\/\/www.regionalis.shop\/huizbirn\/wp-json\/wp\/v2\/media\/1465"}],"wp:attachment":[{"href":"https:\/\/www.regionalis.shop\/huizbirn\/wp-json\/wp\/v2\/media?parent=1464"}],"wp:term":[{"taxonomy":"product_brand","embeddable":true,"href":"https:\/\/www.regionalis.shop\/huizbirn\/wp-json\/wp\/v2\/product_brand?post=1464"},{"taxonomy":"product_cat","embeddable":true,"href":"https:\/\/www.regionalis.shop\/huizbirn\/wp-json\/wp\/v2\/product_cat?post=1464"},{"taxonomy":"product_tag","embeddable":true,"href":"https:\/\/www.regionalis.shop\/huizbirn\/wp-json\/wp\/v2\/product_tag?post=1464"}],"curies":[{"name":"wp","href":"https:\/\/api.w.org\/{rel}","templated":true}]}}