{"id":1469,"date":"2025-04-28T03:45:56","date_gmt":"2025-04-28T01:45:56","guid":{"rendered":"https:\/\/www.regionalis.shop\/huizbirn\/product\/holz-wanduhr-holzuhr-uhr-zeder-23-cm-holzdeko\/"},"modified":"2025-04-28T03:45:56","modified_gmt":"2025-04-28T01:45:56","slug":"holz-wanduhr-holzuhr-uhr-zeder-23-cm-holzdeko","status":"publish","type":"product","link":"https:\/\/www.regionalis.shop\/huizbirn\/shop\/holz-wanduhr-holzuhr-uhr-zeder-23-cm-holzdeko\/","title":{"rendered":"Holz Wanduhr Holzuhr Uhr Zeder 23 cm Holzdeko"},"content":{"rendered":"<p>Diese wundersch\u00f6ne Wanduhr wurde aus \u00f6sterreichischem Atlas-Zedernholz gefertigt. <\/p>\n<p>Das wundersch\u00f6ne Holz in warmen Rott\u00f6nen besticht vor allem durch einen einmaligen aromatischen Geruch. <\/p>\n<p>\u00c4hnlich wie die Zirbe gilt das Holz bzw. der Geruch als beruhigend und wohltuend f\u00fcr Geist und Seele. Zus\u00e4tzlich h\u00e4lt es Sch\u00e4dlinge wie Motten fern. <\/p>\n<p>Die Atlas-Zeder wird in Europa erst seit rund 200-300 Jahren in G\u00e4rten oder Parkanlagen gepflanzt. <\/p>\n<p>Durchmesser: 23 cm Oberfl\u00e4che fein geschliffen und unbehandelt!<br \/>\nUhrwerk: Hinten eingefr\u00e4st, hochwertiges Quartzuhrwerk <\/p>\n<p>Ein tolles Geschenk oder f\u00fcr sein Eigenheim. Sie werden begeistert sein!<\/p>\n","protected":false},"excerpt":{"rendered":"<p>Diese wundersch\u00f6ne Wanduhr wurde aus \u00f6sterreichischem Atlas-Zedernholz gefertigt. Das wundersch\u00f6ne Holz in warmen Rott\u00f6nen besticht vor allem durch einen einmaligen aromatischen Geruch. \u00c4hnlich wie die Zirbe gilt das Holz bzw. der Geruch als beruhigend und wohltuend f\u00fcr Geist und Seele. Zus\u00e4tzlich h\u00e4lt es Sch\u00e4dlinge wie Motten fern. Die Atlas-Zeder wird in Europa erst seit rund &hellip; <a href=\"https:\/\/www.regionalis.shop\/huizbirn\/shop\/holz-wanduhr-holzuhr-uhr-zeder-23-cm-holzdeko\/\">Continued<\/a><\/p>\n","protected":false},"featured_media":1470,"template":"","meta":{"_acf_changed":false},"product_brand":[],"product_cat":[174,103],"product_tag":[],"class_list":{"0":"post-1469","1":"product","2":"type-product","3":"status-publish","4":"has-post-thumbnail","6":"product_cat-wohndekoration","7":"product_cat-wohnen-deko","9":"first","10":"instock","11":"purchasable","12":"product-type-simple"},"acf":[],"_links":{"self":[{"href":"https:\/\/www.regionalis.shop\/huizbirn\/wp-json\/wp\/v2\/product\/1469","targetHints":{"allow":["GET"]}}],"collection":[{"href":"https:\/\/www.regionalis.shop\/huizbirn\/wp-json\/wp\/v2\/product"}],"about":[{"href":"https:\/\/www.regionalis.shop\/huizbirn\/wp-json\/wp\/v2\/types\/product"}],"wp:featuredmedia":[{"embeddable":true,"href":"https:\/\/www.regionalis.shop\/huizbirn\/wp-json\/wp\/v2\/media\/1470"}],"wp:attachment":[{"href":"https:\/\/www.regionalis.shop\/huizbirn\/wp-json\/wp\/v2\/media?parent=1469"}],"wp:term":[{"taxonomy":"product_brand","embeddable":true,"href":"https:\/\/www.regionalis.shop\/huizbirn\/wp-json\/wp\/v2\/product_brand?post=1469"},{"taxonomy":"product_cat","embeddable":true,"href":"https:\/\/www.regionalis.shop\/huizbirn\/wp-json\/wp\/v2\/product_cat?post=1469"},{"taxonomy":"product_tag","embeddable":true,"href":"https:\/\/www.regionalis.shop\/huizbirn\/wp-json\/wp\/v2\/product_tag?post=1469"}],"curies":[{"name":"wp","href":"https:\/\/api.w.org\/{rel}","templated":true}]}}