{"id":1474,"date":"2025-04-28T03:44:49","date_gmt":"2025-04-28T01:44:49","guid":{"rendered":"https:\/\/www.regionalis.shop\/huizbirn\/product\/holz-fueller-fuellfeder-aus-holz-pen-esche-handmade-unikat-geschenk\/"},"modified":"2025-04-28T03:44:49","modified_gmt":"2025-04-28T01:44:49","slug":"holz-fueller-fuellfeder-aus-holz-pen-esche-handmade-unikat-geschenk","status":"publish","type":"product","link":"https:\/\/www.regionalis.shop\/huizbirn\/shop\/holz-fueller-fuellfeder-aus-holz-pen-esche-handmade-unikat-geschenk\/","title":{"rendered":"Holz F\u00fcller F\u00fcllfeder aus Holz Pen Esche handmade Unikat Geschenk"},"content":{"rendered":"<p>Handgearbeitete F\u00fcllfeder mit Tintenkonverter und Schraubkappe, handgefertigt aus \u00f6sterreichischem Eschen-Holz.<\/p>\n<p>Ein absolutes Unikat!<\/p>\n<p>Highlights:<br \/>\n&#8211; \u00d6sterreichisches Eschenholz<br \/>\n&#8211; L\u00e4nge ca. 13.5 cm, Bausatz-Farbe: gun metallic<br \/>\n&#8211; Tintenkammer mit Platz f\u00fcr 2 Patronen, inkl. Tintenkonverter<br \/>\n&#8211; Lieferung erfolgt im handgefertigtem Stoff-T\u00e4schchen<\/p>\n<p>Die Oberfl\u00e4che des Holzes wurde fein geschliffen, ge\u00f6lt und lebensmittelecht versiegelt! Dadurch ist dauerhafter Schutz gew\u00e4hrleistet und Sie haben lange Freude an Ihrem Unikat.<\/p>\n<p>Jedes Schreibger\u00e4t ideales Geschenk.<\/p>\n<p>Eine tolle Geschenksidee zum Geburtstag, Weihnachten oder anderen Anlass.<\/p>\n","protected":false},"excerpt":{"rendered":"<p>Handgearbeitete F\u00fcllfeder mit Tintenkonverter und Schraubkappe, handgefertigt aus \u00f6sterreichischem Eschen-Holz. Ein absolutes Unikat! Highlights: &#8211; \u00d6sterreichisches Eschenholz &#8211; L\u00e4nge ca. 13.5 cm, Bausatz-Farbe: gun metallic &#8211; Tintenkammer mit Platz f\u00fcr 2 Patronen, inkl. Tintenkonverter &#8211; Lieferung erfolgt im handgefertigtem Stoff-T\u00e4schchen Die Oberfl\u00e4che des Holzes wurde fein geschliffen, ge\u00f6lt und lebensmittelecht versiegelt! Dadurch ist dauerhafter Schutz &hellip; <a href=\"https:\/\/www.regionalis.shop\/huizbirn\/shop\/holz-fueller-fuellfeder-aus-holz-pen-esche-handmade-unikat-geschenk\/\">Continued<\/a><\/p>\n","protected":false},"featured_media":1475,"template":"","meta":{"_acf_changed":false},"product_brand":[],"product_cat":[62,72],"product_tag":[],"class_list":{"0":"post-1474","1":"product","2":"type-product","3":"status-publish","4":"has-post-thumbnail","6":"product_cat-papeterie-schreibwaren","7":"product_cat-schreibwaren","9":"first","10":"instock","11":"purchasable","12":"product-type-simple"},"acf":[],"_links":{"self":[{"href":"https:\/\/www.regionalis.shop\/huizbirn\/wp-json\/wp\/v2\/product\/1474","targetHints":{"allow":["GET"]}}],"collection":[{"href":"https:\/\/www.regionalis.shop\/huizbirn\/wp-json\/wp\/v2\/product"}],"about":[{"href":"https:\/\/www.regionalis.shop\/huizbirn\/wp-json\/wp\/v2\/types\/product"}],"wp:featuredmedia":[{"embeddable":true,"href":"https:\/\/www.regionalis.shop\/huizbirn\/wp-json\/wp\/v2\/media\/1475"}],"wp:attachment":[{"href":"https:\/\/www.regionalis.shop\/huizbirn\/wp-json\/wp\/v2\/media?parent=1474"}],"wp:term":[{"taxonomy":"product_brand","embeddable":true,"href":"https:\/\/www.regionalis.shop\/huizbirn\/wp-json\/wp\/v2\/product_brand?post=1474"},{"taxonomy":"product_cat","embeddable":true,"href":"https:\/\/www.regionalis.shop\/huizbirn\/wp-json\/wp\/v2\/product_cat?post=1474"},{"taxonomy":"product_tag","embeddable":true,"href":"https:\/\/www.regionalis.shop\/huizbirn\/wp-json\/wp\/v2\/product_tag?post=1474"}],"curies":[{"name":"wp","href":"https:\/\/api.w.org\/{rel}","templated":true}]}}