{"id":1483,"date":"2025-04-28T03:44:49","date_gmt":"2025-04-28T01:44:49","guid":{"rendered":"https:\/\/www.regionalis.shop\/huizbirn\/product\/weinverschluss-weinstoepsel-gestockte-buche-m-saeckchen\/"},"modified":"2025-04-28T03:44:49","modified_gmt":"2025-04-28T01:44:49","slug":"weinverschluss-weinstoepsel-gestockte-buche-m-saeckchen","status":"publish","type":"product","link":"https:\/\/www.regionalis.shop\/huizbirn\/shop\/weinverschluss-weinstoepsel-gestockte-buche-m-saeckchen\/","title":{"rendered":"Weinverschluss Weinst\u00f6psel gestockte Buche m. S\u00e4ckchen"},"content":{"rendered":"<p>Weinstopsel aus Edelstahl mit Gummidichtung.<\/p>\n<p>Hinten mit wundervoll handgearbeiteten Holzgriff aus gestockter Buche.<\/p>\n<p>L\u00e4nge: ca. 8 cm<\/p>\n<p>Made in Austria und ein absolutes Unikat mit einer traumhaften Maserung!<\/p>\n<p>Das Holz stammt selbstverst\u00e4ndlich aus \u00d6sterreich, ist geschliffen und wurde anschlie\u00dfend gewachst &#8211; also auch lebensmittelecht. Ein ideales Geschenk, egal ob Weihnachten, Geburtstag und viele Anl\u00e4sse mehr. Lieferung im Stoffsackerl.<\/p>\n","protected":false},"excerpt":{"rendered":"<p>Weinstopsel aus Edelstahl mit Gummidichtung. Hinten mit wundervoll handgearbeiteten Holzgriff aus gestockter Buche. L\u00e4nge: ca. 8 cm Made in Austria und ein absolutes Unikat mit einer traumhaften Maserung! Das Holz stammt selbstverst\u00e4ndlich aus \u00d6sterreich, ist geschliffen und wurde anschlie\u00dfend gewachst &#8211; also auch lebensmittelecht. Ein ideales Geschenk, egal ob Weihnachten, Geburtstag und viele Anl\u00e4sse mehr. &hellip; <a href=\"https:\/\/www.regionalis.shop\/huizbirn\/shop\/weinverschluss-weinstoepsel-gestockte-buche-m-saeckchen\/\">Continued<\/a><\/p>\n","protected":false},"featured_media":1484,"template":"","meta":{"_acf_changed":false},"product_brand":[],"product_cat":[127,103],"product_tag":[],"class_list":{"0":"post-1483","1":"product","2":"type-product","3":"status-publish","4":"has-post-thumbnail","6":"product_cat-essen-trinken","7":"product_cat-wohnen-deko","9":"first","10":"instock","11":"purchasable","12":"product-type-simple"},"acf":[],"_links":{"self":[{"href":"https:\/\/www.regionalis.shop\/huizbirn\/wp-json\/wp\/v2\/product\/1483","targetHints":{"allow":["GET"]}}],"collection":[{"href":"https:\/\/www.regionalis.shop\/huizbirn\/wp-json\/wp\/v2\/product"}],"about":[{"href":"https:\/\/www.regionalis.shop\/huizbirn\/wp-json\/wp\/v2\/types\/product"}],"wp:featuredmedia":[{"embeddable":true,"href":"https:\/\/www.regionalis.shop\/huizbirn\/wp-json\/wp\/v2\/media\/1484"}],"wp:attachment":[{"href":"https:\/\/www.regionalis.shop\/huizbirn\/wp-json\/wp\/v2\/media?parent=1483"}],"wp:term":[{"taxonomy":"product_brand","embeddable":true,"href":"https:\/\/www.regionalis.shop\/huizbirn\/wp-json\/wp\/v2\/product_brand?post=1483"},{"taxonomy":"product_cat","embeddable":true,"href":"https:\/\/www.regionalis.shop\/huizbirn\/wp-json\/wp\/v2\/product_cat?post=1483"},{"taxonomy":"product_tag","embeddable":true,"href":"https:\/\/www.regionalis.shop\/huizbirn\/wp-json\/wp\/v2\/product_tag?post=1483"}],"curies":[{"name":"wp","href":"https:\/\/api.w.org\/{rel}","templated":true}]}}