{"id":1512,"date":"2025-04-28T03:43:11","date_gmt":"2025-04-28T01:43:11","guid":{"rendered":"https:\/\/www.regionalis.shop\/huizbirn\/product\/holz-wanduhr-335x26-cm-holzuhr-ahorn-baumscheibenuhr\/"},"modified":"2025-04-28T03:43:11","modified_gmt":"2025-04-28T01:43:11","slug":"holz-wanduhr-335x26-cm-holzuhr-ahorn-baumscheibenuhr","status":"publish","type":"product","link":"https:\/\/www.regionalis.shop\/huizbirn\/shop\/holz-wanduhr-335x26-cm-holzuhr-ahorn-baumscheibenuhr\/","title":{"rendered":"Holz Wanduhr 33,5&#215;26 cm Holzuhr Ahorn Baumscheibenuhr"},"content":{"rendered":"<p>Wundersch\u00f6ne Wanduhr aus steirischem Ahorn.<\/p>\n<p>Diese Wanduhr wird der Blickfang in Ihrem Zuhause. Sie passt mit ihrem wundersch\u00f6nem Design in jeden Raum, egal wie dieser eingerichtet ist &#8211; zeitlos und einzigartig.<\/p>\n<p>Ahorn-Holz ist \u00fcberaus vielseitig und wird in den verschiedensten Bereichen eingesetzt, vor allem Innenausbau in Form von Parkett bzw. f\u00fcr M\u00f6bel. Das Holz ist hart, aber gut drechsel- oder schnitzbar.<\/p>\n<p>Ahornb\u00e4ume sind weltweit verbreitet und es sind ~ 200 Ahorn-Arten bekannt. Ahorn-B\u00e4ume k\u00f6nnen bis zu 500 Jahre alt und 30 &#8211; 40 Meter hoch werden.<\/p>\n<p>Ma\u00dfe: 33,5 x 26 cm<br \/>\nOberfl\u00e4che: fein geschliffen &#038; lebensmittelecht ge\u00f6lt<br \/>\nUhrwerk: hochwertiges Quartzuhrwerk<br \/>\nLieferumfang: Baumscheibe, Quartzuhrwerk mit Zeiger, Wandhaken (daher ist eine problemlose Wandmontage m\u00f6glich)<\/p>\n<p>PS: Holz ist ein Naturprodukt, leichte Abweichungen in Form, Farbe oder Maserung oder Risse vorbehalten und kein Reklamationsgrund!<\/p>\n<p>Eine tolle Geschenksidee zum Geburtstag, Weihnachten oder anderen Anlass.<\/p>\n","protected":false},"excerpt":{"rendered":"<p>Wundersch\u00f6ne Wanduhr aus steirischem Ahorn. Diese Wanduhr wird der Blickfang in Ihrem Zuhause. Sie passt mit ihrem wundersch\u00f6nem Design in jeden Raum, egal wie dieser eingerichtet ist &#8211; zeitlos und einzigartig. Ahorn-Holz ist \u00fcberaus vielseitig und wird in den verschiedensten Bereichen eingesetzt, vor allem Innenausbau in Form von Parkett bzw. f\u00fcr M\u00f6bel. Das Holz ist &hellip; <a href=\"https:\/\/www.regionalis.shop\/huizbirn\/shop\/holz-wanduhr-335x26-cm-holzuhr-ahorn-baumscheibenuhr\/\">Continued<\/a><\/p>\n","protected":false},"featured_media":1513,"template":"","meta":{"_acf_changed":false},"product_brand":[],"product_cat":[174,103],"product_tag":[],"class_list":{"0":"post-1512","1":"product","2":"type-product","3":"status-publish","4":"has-post-thumbnail","6":"product_cat-wohndekoration","7":"product_cat-wohnen-deko","9":"first","10":"instock","11":"purchasable","12":"product-type-simple"},"acf":[],"_links":{"self":[{"href":"https:\/\/www.regionalis.shop\/huizbirn\/wp-json\/wp\/v2\/product\/1512","targetHints":{"allow":["GET"]}}],"collection":[{"href":"https:\/\/www.regionalis.shop\/huizbirn\/wp-json\/wp\/v2\/product"}],"about":[{"href":"https:\/\/www.regionalis.shop\/huizbirn\/wp-json\/wp\/v2\/types\/product"}],"wp:featuredmedia":[{"embeddable":true,"href":"https:\/\/www.regionalis.shop\/huizbirn\/wp-json\/wp\/v2\/media\/1513"}],"wp:attachment":[{"href":"https:\/\/www.regionalis.shop\/huizbirn\/wp-json\/wp\/v2\/media?parent=1512"}],"wp:term":[{"taxonomy":"product_brand","embeddable":true,"href":"https:\/\/www.regionalis.shop\/huizbirn\/wp-json\/wp\/v2\/product_brand?post=1512"},{"taxonomy":"product_cat","embeddable":true,"href":"https:\/\/www.regionalis.shop\/huizbirn\/wp-json\/wp\/v2\/product_cat?post=1512"},{"taxonomy":"product_tag","embeddable":true,"href":"https:\/\/www.regionalis.shop\/huizbirn\/wp-json\/wp\/v2\/product_tag?post=1512"}],"curies":[{"name":"wp","href":"https:\/\/api.w.org\/{rel}","templated":true}]}}