{"id":1517,"date":"2025-04-28T03:43:11","date_gmt":"2025-04-28T01:43:11","guid":{"rendered":"https:\/\/www.regionalis.shop\/huizbirn\/product\/holz-wanduhr-28x26-cm-baumscheibe-walnuss-nussholz-holzdeko\/"},"modified":"2025-04-28T03:43:11","modified_gmt":"2025-04-28T01:43:11","slug":"holz-wanduhr-28x26-cm-baumscheibe-walnuss-nussholz-holzdeko","status":"publish","type":"product","link":"https:\/\/www.regionalis.shop\/huizbirn\/shop\/holz-wanduhr-28x26-cm-baumscheibe-walnuss-nussholz-holzdeko\/","title":{"rendered":"Holz Wanduhr 28&#215;26 cm Baumscheibe Walnuss Nussholz Holzdeko"},"content":{"rendered":"<p>Wanduhr aus wundersch\u00f6nem, \u00f6sterreichischem Walnuss-Holz. Handmade in \u00d6sterreich mit Holz aus \u00d6sterreich.<br \/>\nSie passt mit ihrem wundersch\u00f6nem Design in jeden Raum, egal wie dieser eingerichtet ist &#8211; zeitlos und einzigartig.<\/p>\n<p>Ma\u00dfe: 28x 26 cm, St\u00e4rke ca. 5 cm<br \/>\nOberfl\u00e4che geschliffen und ge\u00f6lt<br \/>\nUhrwerk: batteriebetrieben, Quartzuhrwerk<br \/>\nLieferumfang: Wanduhr, Uhrwerk, Zeiger, Zubeh\u00f6r zur Wandmontage<\/p>\n<p>Es handelt sich um ein handgefertigtes Unikat, Made in Austria. Das Holz stammt von einer steirischen Walnuss.<\/p>\n<p>Wissenswertes:<br \/>\nNussbaum-Holz gilt als besonders begehrt &#8211; vor allem im M\u00f6belbereich, f\u00fcr Furniere oder als Echtholz-Einlagen in Fahrzeugen.<\/p>\n<p>Hol dir ein St\u00fcck Natur ins Haus!<\/p>\n<p>PS: Holz ist ein Naturprodukt, leichte Abweichungen in Form, Farbe oder Maserung oder Risse vorbehalten und kein Reklamationsgrund!<\/p>\n<p>Eine tolle Geschenksidee zum Geburtstag, Weihnachten oder anderen Anlass.<\/p>\n","protected":false},"excerpt":{"rendered":"<p>Wanduhr aus wundersch\u00f6nem, \u00f6sterreichischem Walnuss-Holz. Handmade in \u00d6sterreich mit Holz aus \u00d6sterreich. Sie passt mit ihrem wundersch\u00f6nem Design in jeden Raum, egal wie dieser eingerichtet ist &#8211; zeitlos und einzigartig. Ma\u00dfe: 28x 26 cm, St\u00e4rke ca. 5 cm Oberfl\u00e4che geschliffen und ge\u00f6lt Uhrwerk: batteriebetrieben, Quartzuhrwerk Lieferumfang: Wanduhr, Uhrwerk, Zeiger, Zubeh\u00f6r zur Wandmontage Es handelt sich &hellip; <a href=\"https:\/\/www.regionalis.shop\/huizbirn\/shop\/holz-wanduhr-28x26-cm-baumscheibe-walnuss-nussholz-holzdeko\/\">Continued<\/a><\/p>\n","protected":false},"featured_media":1518,"template":"","meta":{"_acf_changed":false},"product_brand":[],"product_cat":[174,103],"product_tag":[],"class_list":{"0":"post-1517","1":"product","2":"type-product","3":"status-publish","4":"has-post-thumbnail","6":"product_cat-wohndekoration","7":"product_cat-wohnen-deko","9":"first","10":"instock","11":"purchasable","12":"product-type-simple"},"acf":[],"_links":{"self":[{"href":"https:\/\/www.regionalis.shop\/huizbirn\/wp-json\/wp\/v2\/product\/1517","targetHints":{"allow":["GET"]}}],"collection":[{"href":"https:\/\/www.regionalis.shop\/huizbirn\/wp-json\/wp\/v2\/product"}],"about":[{"href":"https:\/\/www.regionalis.shop\/huizbirn\/wp-json\/wp\/v2\/types\/product"}],"wp:featuredmedia":[{"embeddable":true,"href":"https:\/\/www.regionalis.shop\/huizbirn\/wp-json\/wp\/v2\/media\/1518"}],"wp:attachment":[{"href":"https:\/\/www.regionalis.shop\/huizbirn\/wp-json\/wp\/v2\/media?parent=1517"}],"wp:term":[{"taxonomy":"product_brand","embeddable":true,"href":"https:\/\/www.regionalis.shop\/huizbirn\/wp-json\/wp\/v2\/product_brand?post=1517"},{"taxonomy":"product_cat","embeddable":true,"href":"https:\/\/www.regionalis.shop\/huizbirn\/wp-json\/wp\/v2\/product_cat?post=1517"},{"taxonomy":"product_tag","embeddable":true,"href":"https:\/\/www.regionalis.shop\/huizbirn\/wp-json\/wp\/v2\/product_tag?post=1517"}],"curies":[{"name":"wp","href":"https:\/\/api.w.org\/{rel}","templated":true}]}}