{"id":1545,"date":"2025-04-28T03:42:18","date_gmt":"2025-04-28T01:42:18","guid":{"rendered":"https:\/\/www.regionalis.shop\/huizbirn\/product\/holzschale-obstschale-holzschuessel-ahorn-21x6-cm-handmade-made-in-austria\/"},"modified":"2025-04-28T03:42:18","modified_gmt":"2025-04-28T01:42:18","slug":"holzschale-obstschale-holzschuessel-ahorn-21x6-cm-handmade-made-in-austria","status":"publish","type":"product","link":"https:\/\/www.regionalis.shop\/huizbirn\/shop\/holzschale-obstschale-holzschuessel-ahorn-21x6-cm-handmade-made-in-austria\/","title":{"rendered":"Holzschale Obstschale Holzsch\u00fcssel Ahorn 21&#215;6  cm handmade made in austria"},"content":{"rendered":"<p>Diese &#8211;Holzschale&#8211; aus \u00f6sterreichischem Ahorn-Holz bereichert jedes Eigenheim.<br \/>\nEin einzigartiges, handgefertigtes &#8211;Unikat!&#8211;<\/p>\n<p>Die Schale besticht durch Nat\u00fcrlichkeit und einen warmen Farbton, der in jedes zu Hause passt.<\/p>\n<p>Die angenehm weiche, glatte Oberfl\u00e4che wurde fein geschliffen und &#8211;lebensmittelecht versiegelt&#8211;. Dadurch bleibt die Haptik des Holzes bestens erhalten und sorgt daf\u00fcr, dass die Schale langhaltig sch\u00f6n bleibt und auch f\u00fcr Obst oder \u00c4hnliches verwendet werden kann.<\/p>\n<p>Diese Schale wurdes sorgf\u00e4ltig aus \u00f6sterreichischem &#8211;Ahorn-Holz&#8211; hergestellt. Ahorn-Holz gilt als Hartholz, kennzeichnet sich allerdings durch schlichte Eleganz und einen warmen Farbton aus.<\/p>\n<p>&#8211;Gr\u00f6\u00dfe: ~21&#215;6 cm&#8211;<br \/>\n&#8211;Holz: Ahornholz aus \u00d6sterreich&#8211;<br \/>\n&#8211;Oberfl\u00e4che: fein geschliffen, lebensmittelecht versiegelt&#8211;<\/p>\n<p>Eine tolle Geschenksidee zum Geburtstag, Weihnachten oder anderen Anlass &#8211; f\u00fcr jeden, den Sie gerne beschenken m\u00f6chten!   <\/p>\n<p>Allgemeiner Hinweis: Holz ist ein Naturprodukt und nicht f\u00fcr den Geschirrsp\u00fcler geeignet!<\/p>\n","protected":false},"excerpt":{"rendered":"<p>Diese &#8211;Holzschale&#8211; aus \u00f6sterreichischem Ahorn-Holz bereichert jedes Eigenheim. Ein einzigartiges, handgefertigtes &#8211;Unikat!&#8211; Die Schale besticht durch Nat\u00fcrlichkeit und einen warmen Farbton, der in jedes zu Hause passt. Die angenehm weiche, glatte Oberfl\u00e4che wurde fein geschliffen und &#8211;lebensmittelecht versiegelt&#8211;. Dadurch bleibt die Haptik des Holzes bestens erhalten und sorgt daf\u00fcr, dass die Schale langhaltig sch\u00f6n bleibt &hellip; <a href=\"https:\/\/www.regionalis.shop\/huizbirn\/shop\/holzschale-obstschale-holzschuessel-ahorn-21x6-cm-handmade-made-in-austria\/\">Continued<\/a><\/p>\n","protected":false},"featured_media":1546,"template":"","meta":{"_acf_changed":false},"product_brand":[],"product_cat":[174,103],"product_tag":[],"class_list":{"0":"post-1545","1":"product","2":"type-product","3":"status-publish","4":"has-post-thumbnail","6":"product_cat-wohndekoration","7":"product_cat-wohnen-deko","9":"first","10":"instock","11":"purchasable","12":"product-type-simple"},"acf":[],"_links":{"self":[{"href":"https:\/\/www.regionalis.shop\/huizbirn\/wp-json\/wp\/v2\/product\/1545","targetHints":{"allow":["GET"]}}],"collection":[{"href":"https:\/\/www.regionalis.shop\/huizbirn\/wp-json\/wp\/v2\/product"}],"about":[{"href":"https:\/\/www.regionalis.shop\/huizbirn\/wp-json\/wp\/v2\/types\/product"}],"wp:featuredmedia":[{"embeddable":true,"href":"https:\/\/www.regionalis.shop\/huizbirn\/wp-json\/wp\/v2\/media\/1546"}],"wp:attachment":[{"href":"https:\/\/www.regionalis.shop\/huizbirn\/wp-json\/wp\/v2\/media?parent=1545"}],"wp:term":[{"taxonomy":"product_brand","embeddable":true,"href":"https:\/\/www.regionalis.shop\/huizbirn\/wp-json\/wp\/v2\/product_brand?post=1545"},{"taxonomy":"product_cat","embeddable":true,"href":"https:\/\/www.regionalis.shop\/huizbirn\/wp-json\/wp\/v2\/product_cat?post=1545"},{"taxonomy":"product_tag","embeddable":true,"href":"https:\/\/www.regionalis.shop\/huizbirn\/wp-json\/wp\/v2\/product_tag?post=1545"}],"curies":[{"name":"wp","href":"https:\/\/api.w.org\/{rel}","templated":true}]}}