{"id":1560,"date":"2025-04-28T03:41:26","date_gmt":"2025-04-28T01:41:26","guid":{"rendered":"https:\/\/www.regionalis.shop\/huizbirn\/product\/holz-kugelschreiber-drehkugelschreiber-aus-holz-eiche-handarbeit-geschenk\/"},"modified":"2025-04-28T03:41:26","modified_gmt":"2025-04-28T01:41:26","slug":"holz-kugelschreiber-drehkugelschreiber-aus-holz-eiche-handarbeit-geschenk","status":"publish","type":"product","link":"https:\/\/www.regionalis.shop\/huizbirn\/shop\/holz-kugelschreiber-drehkugelschreiber-aus-holz-eiche-handarbeit-geschenk\/","title":{"rendered":"Holz Kugelschreiber Drehkugelschreiber aus Holz Eiche Handarbeit Geschenk"},"content":{"rendered":"<p>Edler, &#8211;handgearbeiteter Kugelschreiber&#8211;, handgefertigt aus \u00f6sterreichischem Eichen-Holz. Ein absolutes Unikat!<\/p>\n<p>&#8211; wiederbef\u00fcllbar, wechselbare Mine<br \/>\n&#8211; Tintenfarbe schwarz<br \/>\n&#8211; Bausatz verchromt<br \/>\n&#8211; Holzart: steirische Eiche<br \/>\n&#8211; Oberfl\u00e4che: fein geschliffen, ge\u00f6lt, &#8211;lebensmittelecht versiegelt&#8211;<br \/>\n&#8211; L\u00e4nge: ca. 13,5 cm<\/p>\n<p>Die Lieferung erfolgt im handgefertigten Stoff-T\u00e4schchen<\/p>\n<p>Herstellung:<br \/>\nZun\u00e4chst wird das Holz ausgew\u00e4hlt und zugeschnitten, sowie die H\u00fclsen verklebt. Im Anschluss werden die Holz-Rohlinge von Hand gedrechselt, fein geschliffen, anschlie\u00dfend ge\u00f6lt, poliert und zu guter Letzt versiegelt. Dadurch ist dauerhafter Schutz gew\u00e4hrleistet. Nach rund einem Tag Trocknungszeit erfolgt der Zusammenbau des &#8211;einzigartigen Schreibger\u00e4tes&#8211; aus Holz.<\/p>\n<p>Jeder Kugelschreiber ist ein &#8211;absolutes Unikat&#8211; und ein ideales Geschenk.<\/p>\n","protected":false},"excerpt":{"rendered":"<p>Edler, &#8211;handgearbeiteter Kugelschreiber&#8211;, handgefertigt aus \u00f6sterreichischem Eichen-Holz. Ein absolutes Unikat! &#8211; wiederbef\u00fcllbar, wechselbare Mine &#8211; Tintenfarbe schwarz &#8211; Bausatz verchromt &#8211; Holzart: steirische Eiche &#8211; Oberfl\u00e4che: fein geschliffen, ge\u00f6lt, &#8211;lebensmittelecht versiegelt&#8211; &#8211; L\u00e4nge: ca. 13,5 cm Die Lieferung erfolgt im handgefertigten Stoff-T\u00e4schchen Herstellung: Zun\u00e4chst wird das Holz ausgew\u00e4hlt und zugeschnitten, sowie die H\u00fclsen verklebt. Im &hellip; <a href=\"https:\/\/www.regionalis.shop\/huizbirn\/shop\/holz-kugelschreiber-drehkugelschreiber-aus-holz-eiche-handarbeit-geschenk\/\">Continued<\/a><\/p>\n","protected":false},"featured_media":1561,"template":"","meta":{"_acf_changed":false},"product_brand":[],"product_cat":[62,72],"product_tag":[],"class_list":{"0":"post-1560","1":"product","2":"type-product","3":"status-publish","4":"has-post-thumbnail","6":"product_cat-papeterie-schreibwaren","7":"product_cat-schreibwaren","9":"first","10":"instock","11":"purchasable","12":"product-type-simple"},"acf":[],"_links":{"self":[{"href":"https:\/\/www.regionalis.shop\/huizbirn\/wp-json\/wp\/v2\/product\/1560","targetHints":{"allow":["GET"]}}],"collection":[{"href":"https:\/\/www.regionalis.shop\/huizbirn\/wp-json\/wp\/v2\/product"}],"about":[{"href":"https:\/\/www.regionalis.shop\/huizbirn\/wp-json\/wp\/v2\/types\/product"}],"wp:featuredmedia":[{"embeddable":true,"href":"https:\/\/www.regionalis.shop\/huizbirn\/wp-json\/wp\/v2\/media\/1561"}],"wp:attachment":[{"href":"https:\/\/www.regionalis.shop\/huizbirn\/wp-json\/wp\/v2\/media?parent=1560"}],"wp:term":[{"taxonomy":"product_brand","embeddable":true,"href":"https:\/\/www.regionalis.shop\/huizbirn\/wp-json\/wp\/v2\/product_brand?post=1560"},{"taxonomy":"product_cat","embeddable":true,"href":"https:\/\/www.regionalis.shop\/huizbirn\/wp-json\/wp\/v2\/product_cat?post=1560"},{"taxonomy":"product_tag","embeddable":true,"href":"https:\/\/www.regionalis.shop\/huizbirn\/wp-json\/wp\/v2\/product_tag?post=1560"}],"curies":[{"name":"wp","href":"https:\/\/api.w.org\/{rel}","templated":true}]}}