{"id":1563,"date":"2025-04-28T03:41:26","date_gmt":"2025-04-28T01:41:26","guid":{"rendered":"https:\/\/www.regionalis.shop\/huizbirn\/product\/holz-kugelschreiber-drehkugelschreiber-robinie-handarbeit-geschenkidee\/"},"modified":"2025-04-28T03:41:26","modified_gmt":"2025-04-28T01:41:26","slug":"holz-kugelschreiber-drehkugelschreiber-robinie-handarbeit-geschenkidee","status":"publish","type":"product","link":"https:\/\/www.regionalis.shop\/huizbirn\/shop\/holz-kugelschreiber-drehkugelschreiber-robinie-handarbeit-geschenkidee\/","title":{"rendered":"Holz Kugelschreiber Drehkugelschreiber Robinie Handarbeit Geschenkidee"},"content":{"rendered":"<p>Handgearbeiteter Drehkugelschreiber, handgefertigt aus \u00f6sterreichischem Robinien-Holz.<\/p>\n<p>Handarbeit aus \u00d6stereich, hochwertiger Bausatz mit wechselbarer Mine<br \/>\nHolzart: Robinie<\/p>\n<p>Oberfl\u00e4che fein geschliffen und lebensmittelecht versiegelt,\u00a0Lieferung erfolgt im handgefertigtem Stoff-T\u00e4schchen<\/p>\n<p>Jedes Schreibger\u00e4t\u00a0ist ein absolutes Unikat und ein ideales Geschenk.<\/p>\n<p>Eine tolle Geschenksidee zum Geburtstag, Weihnachten oder anderen Anlass.<\/p>\n","protected":false},"excerpt":{"rendered":"<p>Handgearbeiteter Drehkugelschreiber, handgefertigt aus \u00f6sterreichischem Robinien-Holz. Handarbeit aus \u00d6stereich, hochwertiger Bausatz mit wechselbarer Mine Holzart: Robinie Oberfl\u00e4che fein geschliffen und lebensmittelecht versiegelt,\u00a0Lieferung erfolgt im handgefertigtem Stoff-T\u00e4schchen Jedes Schreibger\u00e4t\u00a0ist ein absolutes Unikat und ein ideales Geschenk. Eine tolle Geschenksidee zum Geburtstag, Weihnachten oder anderen Anlass.<\/p>\n","protected":false},"featured_media":1564,"template":"","meta":{"_acf_changed":false},"product_brand":[],"product_cat":[62,72],"product_tag":[],"class_list":{"0":"post-1563","1":"product","2":"type-product","3":"status-publish","4":"has-post-thumbnail","6":"product_cat-papeterie-schreibwaren","7":"product_cat-schreibwaren","9":"first","10":"instock","11":"purchasable","12":"product-type-simple"},"acf":[],"_links":{"self":[{"href":"https:\/\/www.regionalis.shop\/huizbirn\/wp-json\/wp\/v2\/product\/1563","targetHints":{"allow":["GET"]}}],"collection":[{"href":"https:\/\/www.regionalis.shop\/huizbirn\/wp-json\/wp\/v2\/product"}],"about":[{"href":"https:\/\/www.regionalis.shop\/huizbirn\/wp-json\/wp\/v2\/types\/product"}],"wp:featuredmedia":[{"embeddable":true,"href":"https:\/\/www.regionalis.shop\/huizbirn\/wp-json\/wp\/v2\/media\/1564"}],"wp:attachment":[{"href":"https:\/\/www.regionalis.shop\/huizbirn\/wp-json\/wp\/v2\/media?parent=1563"}],"wp:term":[{"taxonomy":"product_brand","embeddable":true,"href":"https:\/\/www.regionalis.shop\/huizbirn\/wp-json\/wp\/v2\/product_brand?post=1563"},{"taxonomy":"product_cat","embeddable":true,"href":"https:\/\/www.regionalis.shop\/huizbirn\/wp-json\/wp\/v2\/product_cat?post=1563"},{"taxonomy":"product_tag","embeddable":true,"href":"https:\/\/www.regionalis.shop\/huizbirn\/wp-json\/wp\/v2\/product_tag?post=1563"}],"curies":[{"name":"wp","href":"https:\/\/api.w.org\/{rel}","templated":true}]}}