{"id":1570,"date":"2025-04-28T03:41:26","date_gmt":"2025-04-28T01:41:26","guid":{"rendered":"https:\/\/www.regionalis.shop\/huizbirn\/product\/weinstoppen-weinstoepsel-weinstopfen-holz-edelstahl-robinie\/"},"modified":"2025-04-28T03:41:26","modified_gmt":"2025-04-28T01:41:26","slug":"weinstoppen-weinstoepsel-weinstopfen-holz-edelstahl-robinie","status":"publish","type":"product","link":"https:\/\/www.regionalis.shop\/huizbirn\/shop\/weinstoppen-weinstoepsel-weinstopfen-holz-edelstahl-robinie\/","title":{"rendered":"Weinstoppen Weinst\u00f6psel Weinstopfen Holz Edelstahl Robinie"},"content":{"rendered":"<p>Weinstopsel mit Gummidichtung wundervoll handgearbeiteten Griff aus Robinien-Holz.<\/p>\n<p>L\u00e4nge: ca. 12 cm<\/p>\n<p>Made in Austria und ein absolutes Unikat mit einer traumhaften Maserung!<\/p>\n<p>Das Holz stammt selbstverst\u00e4ndlich aus \u00d6sterreich, ist geschliffen und wurde anschlie\u00dfend gewachst &#8211; also auch lebensmittelecht. Ein ideales Geschenk, egal ob Weihnachten, Geburtstag und viele Anl\u00e4sse mehr. Lieferung im Stoffsackerl.<\/p>\n","protected":false},"excerpt":{"rendered":"<p>Weinstopsel mit Gummidichtung wundervoll handgearbeiteten Griff aus Robinien-Holz. L\u00e4nge: ca. 12 cm Made in Austria und ein absolutes Unikat mit einer traumhaften Maserung! Das Holz stammt selbstverst\u00e4ndlich aus \u00d6sterreich, ist geschliffen und wurde anschlie\u00dfend gewachst &#8211; also auch lebensmittelecht. Ein ideales Geschenk, egal ob Weihnachten, Geburtstag und viele Anl\u00e4sse mehr. Lieferung im Stoffsackerl.<\/p>\n","protected":false},"featured_media":1571,"template":"","meta":{"_acf_changed":false},"product_brand":[],"product_cat":[127,103],"product_tag":[],"class_list":{"0":"post-1570","1":"product","2":"type-product","3":"status-publish","4":"has-post-thumbnail","6":"product_cat-essen-trinken","7":"product_cat-wohnen-deko","9":"first","10":"instock","11":"purchasable","12":"product-type-simple"},"acf":[],"_links":{"self":[{"href":"https:\/\/www.regionalis.shop\/huizbirn\/wp-json\/wp\/v2\/product\/1570","targetHints":{"allow":["GET"]}}],"collection":[{"href":"https:\/\/www.regionalis.shop\/huizbirn\/wp-json\/wp\/v2\/product"}],"about":[{"href":"https:\/\/www.regionalis.shop\/huizbirn\/wp-json\/wp\/v2\/types\/product"}],"wp:featuredmedia":[{"embeddable":true,"href":"https:\/\/www.regionalis.shop\/huizbirn\/wp-json\/wp\/v2\/media\/1571"}],"wp:attachment":[{"href":"https:\/\/www.regionalis.shop\/huizbirn\/wp-json\/wp\/v2\/media?parent=1570"}],"wp:term":[{"taxonomy":"product_brand","embeddable":true,"href":"https:\/\/www.regionalis.shop\/huizbirn\/wp-json\/wp\/v2\/product_brand?post=1570"},{"taxonomy":"product_cat","embeddable":true,"href":"https:\/\/www.regionalis.shop\/huizbirn\/wp-json\/wp\/v2\/product_cat?post=1570"},{"taxonomy":"product_tag","embeddable":true,"href":"https:\/\/www.regionalis.shop\/huizbirn\/wp-json\/wp\/v2\/product_tag?post=1570"}],"curies":[{"name":"wp","href":"https:\/\/api.w.org\/{rel}","templated":true}]}}