{"id":1590,"date":"2025-04-28T03:39:13","date_gmt":"2025-04-28T01:39:13","guid":{"rendered":"https:\/\/www.regionalis.shop\/huizbirn\/product\/wanduhr-standuhr-24-x-22-cm-baumscheibe-esche-eschenholz\/"},"modified":"2025-04-28T03:39:13","modified_gmt":"2025-04-28T01:39:13","slug":"wanduhr-standuhr-24-x-22-cm-baumscheibe-esche-eschenholz","status":"publish","type":"product","link":"https:\/\/www.regionalis.shop\/huizbirn\/shop\/wanduhr-standuhr-24-x-22-cm-baumscheibe-esche-eschenholz\/","title":{"rendered":"Wanduhr Standuhr 24 x 22 cm Baumscheibe Esche Eschenholz"},"content":{"rendered":"<p>Die Wanduhr\/Standuhr aus Eschenholz &#8211; &#8222;Die Vielseitige&#8220;.<\/p>\n<p>Eschenholz ist sehr vielseitig und wurde oftmals f\u00fcr Werkzeugstiele,Skiproduktion etc&#8230; verwendet.<br \/>\nHeute findet Eschenholz auch im M\u00f6belbau, Innenausbau, Parkette, Stufenbau, etc&#8230; Einzug.<\/p>\n<p>Der Eschen-Anteil in \u00d6sterreichs W\u00e4ldern ist verh\u00e4ltnism\u00e4\u00dfig gering (ca. 1 %) und der Eschenbestand ist durch einen eingeschleppten Pilz stark bedroht.<\/p>\n<p>Aber keine Angst, diese Esche wurde nicht f\u00fcr diese wundersch\u00f6ne Uhr geschl\u00e4gert \ud83d\ude09<\/p>\n<p>Eschenholz gilt als eher schwer und hart, z\u00e4h und elastisch. Die Esche ist bis zu H\u00f6hen von 1.200 Metern anzutreffen und wird bis zu 250 Jahre alt. Sie kann bis zu 40 Metern hoch werden und einen Stammdurchmesser von 2 Metern erreichen.<\/p>\n<p>Weiters hat die Esche auch Ihren Platz in der nordischen Mythologie (Weltenesche Yggdrasil).<\/p>\n<p>Das Holz dieser Uhr ist hell und warm &#8211; und dennoch durch einen ehemaligen &#8222;Untermieter&#8220; individuell gepr\u00e4gt und ein absolutes Unikat. Geben Sie Ihrem Zuhause einen individuellen Touch, den sonst niemand anders an seiner Wand h\u00e4ngen hat.<\/p>\n<p>Es handelt sich hier um ein handgefertigtes Unikat, Made in Austria. Das Holz selbst stammt von einer echten, steirischen Esche.<\/p>\n<p>Die Oberfl\u00e4che wurde gewachst.<\/p>\n<p>Die Uhr wird von einem Quartz-Uhrwerk mit Batterie (AA) betrieben. Die Vorderseite der Uhr wurde sorgf\u00e4ltig feingeschliffen.<\/p>\n<p>Das Uhrwerk wurde an der R\u00fcckseite eingefr\u00e4st, wodurch es mit dem Holz abschlie\u00dft.<br \/>\nDaher ist eine problemlose Wandmontage m\u00f6glich.<\/p>\n<p>Ma\u00dfe: ca. 24 x 22 cm, St\u00e4rke: ca. 4 cm<\/p>\n<p>Gewicht: ~ 1500 g<\/p>\n<p>Lieferumfang: 1 x Wanduhr, Uhrwerk inkl. Zubeh\u00f6r und Zeiger (ohne Batterien), Befestigungshaken inkl. 2 Schrauben zur Montage des Hakens an der Uhr.<\/p>\n<p>Hol dir ein St\u00fcck Natur ins Haus!<\/p>\n<p>PS: Holz ist ein Naturprodukt, leichte Abweichungen in Form, Farbe oder Maserung oder Risse vorbehalten und kein Reklamationsgrund!<\/p>\n<p>Eine tolle Geschenksidee zum Geburtstag, Weihnachten oder anderen Anlass.<\/p>\n","protected":false},"excerpt":{"rendered":"<p>Die Wanduhr\/Standuhr aus Eschenholz &#8211; &#8222;Die Vielseitige&#8220;. Eschenholz ist sehr vielseitig und wurde oftmals f\u00fcr Werkzeugstiele,Skiproduktion etc&#8230; verwendet. Heute findet Eschenholz auch im M\u00f6belbau, Innenausbau, Parkette, Stufenbau, etc&#8230; Einzug. Der Eschen-Anteil in \u00d6sterreichs W\u00e4ldern ist verh\u00e4ltnism\u00e4\u00dfig gering (ca. 1 %) und der Eschenbestand ist durch einen eingeschleppten Pilz stark bedroht. Aber keine Angst, diese Esche &hellip; <a href=\"https:\/\/www.regionalis.shop\/huizbirn\/shop\/wanduhr-standuhr-24-x-22-cm-baumscheibe-esche-eschenholz\/\">Continued<\/a><\/p>\n","protected":false},"featured_media":1591,"template":"","meta":{"_acf_changed":false},"product_brand":[],"product_cat":[174,103],"product_tag":[],"class_list":{"0":"post-1590","1":"product","2":"type-product","3":"status-publish","4":"has-post-thumbnail","6":"product_cat-wohndekoration","7":"product_cat-wohnen-deko","9":"first","10":"instock","11":"purchasable","12":"product-type-simple"},"acf":[],"_links":{"self":[{"href":"https:\/\/www.regionalis.shop\/huizbirn\/wp-json\/wp\/v2\/product\/1590","targetHints":{"allow":["GET"]}}],"collection":[{"href":"https:\/\/www.regionalis.shop\/huizbirn\/wp-json\/wp\/v2\/product"}],"about":[{"href":"https:\/\/www.regionalis.shop\/huizbirn\/wp-json\/wp\/v2\/types\/product"}],"wp:featuredmedia":[{"embeddable":true,"href":"https:\/\/www.regionalis.shop\/huizbirn\/wp-json\/wp\/v2\/media\/1591"}],"wp:attachment":[{"href":"https:\/\/www.regionalis.shop\/huizbirn\/wp-json\/wp\/v2\/media?parent=1590"}],"wp:term":[{"taxonomy":"product_brand","embeddable":true,"href":"https:\/\/www.regionalis.shop\/huizbirn\/wp-json\/wp\/v2\/product_brand?post=1590"},{"taxonomy":"product_cat","embeddable":true,"href":"https:\/\/www.regionalis.shop\/huizbirn\/wp-json\/wp\/v2\/product_cat?post=1590"},{"taxonomy":"product_tag","embeddable":true,"href":"https:\/\/www.regionalis.shop\/huizbirn\/wp-json\/wp\/v2\/product_tag?post=1590"}],"curies":[{"name":"wp","href":"https:\/\/api.w.org\/{rel}","templated":true}]}}