{"id":1619,"date":"2025-04-28T03:35:21","date_gmt":"2025-04-28T01:35:21","guid":{"rendered":"https:\/\/www.regionalis.shop\/huizbirn\/product\/holz-weinstoepsel-korkenzieher-2in1-weinstopfen-handarbeit-geschenk-geschenkidee\/"},"modified":"2025-04-28T03:35:21","modified_gmt":"2025-04-28T01:35:21","slug":"holz-weinstoepsel-korkenzieher-2in1-weinstopfen-handarbeit-geschenk-geschenkidee","status":"publish","type":"product","link":"https:\/\/www.regionalis.shop\/huizbirn\/shop\/holz-weinstoepsel-korkenzieher-2in1-weinstopfen-handarbeit-geschenk-geschenkidee\/","title":{"rendered":"Holz Weinst\u00f6psel Korkenzieher 2in1 Weinstopfen handarbeit Geschenk Geschenkidee"},"content":{"rendered":"<p>Praktischer und eleganter 2-in-1 Holzweinst\u00f6psel mit Korkenzieher aus \u00f6sterreichischem Birnenholz. <\/p>\n<p>Machen Sie Ihre Weinproben noch angenehmer mit diesem 2-in-1<br \/>\nHolzweinst\u00f6psel mit integriertem Korkenzieher. Dieser praktische Helfer besticht aus sch\u00f6nem und nat\u00fcrlichem Holz und einem robusten Edelstahlkorkenzieher. <\/p>\n<p>Dazu l\u00e4sst sich der Oberteil aus Holz einfach vom Weinst\u00f6psel schrauben.<\/p>\n<p>Jeder St\u00f6psel ist ein handgefertigtes Unikat und kann leicht von Hand gereinigt werden.<\/p>\n<p>&#8211;L\u00e4nge gesamt ca. 15 cm&#8211;<br \/>\n&#8211;Holzart: steirische Birne&#8211;<br \/>\n&#8211;Oberfl\u00e4che: fein geschliffen, lebensmittelecht ge\u00f6lt und versiegelt&#8211;<\/p>\n<p>Jeder Weinst\u00f6psel ist ein absolutes Unikat und ein ideales Geschenk.<\/p>\n<p>Eine tolle Geschenkidee zum Geburtstag, Weihnachten oder anderen Anlass!<\/p>\n","protected":false},"excerpt":{"rendered":"<p>Praktischer und eleganter 2-in-1 Holzweinst\u00f6psel mit Korkenzieher aus \u00f6sterreichischem Birnenholz. Machen Sie Ihre Weinproben noch angenehmer mit diesem 2-in-1 Holzweinst\u00f6psel mit integriertem Korkenzieher. Dieser praktische Helfer besticht aus sch\u00f6nem und nat\u00fcrlichem Holz und einem robusten Edelstahlkorkenzieher. Dazu l\u00e4sst sich der Oberteil aus Holz einfach vom Weinst\u00f6psel schrauben. Jeder St\u00f6psel ist ein handgefertigtes Unikat und kann &hellip; <a href=\"https:\/\/www.regionalis.shop\/huizbirn\/shop\/holz-weinstoepsel-korkenzieher-2in1-weinstopfen-handarbeit-geschenk-geschenkidee\/\">Continued<\/a><\/p>\n","protected":false},"featured_media":1620,"template":"","meta":{"_acf_changed":false},"product_brand":[],"product_cat":[127,103],"product_tag":[],"class_list":{"0":"post-1619","1":"product","2":"type-product","3":"status-publish","4":"has-post-thumbnail","6":"product_cat-essen-trinken","7":"product_cat-wohnen-deko","9":"first","10":"instock","11":"purchasable","12":"product-type-simple"},"acf":[],"_links":{"self":[{"href":"https:\/\/www.regionalis.shop\/huizbirn\/wp-json\/wp\/v2\/product\/1619","targetHints":{"allow":["GET"]}}],"collection":[{"href":"https:\/\/www.regionalis.shop\/huizbirn\/wp-json\/wp\/v2\/product"}],"about":[{"href":"https:\/\/www.regionalis.shop\/huizbirn\/wp-json\/wp\/v2\/types\/product"}],"wp:featuredmedia":[{"embeddable":true,"href":"https:\/\/www.regionalis.shop\/huizbirn\/wp-json\/wp\/v2\/media\/1620"}],"wp:attachment":[{"href":"https:\/\/www.regionalis.shop\/huizbirn\/wp-json\/wp\/v2\/media?parent=1619"}],"wp:term":[{"taxonomy":"product_brand","embeddable":true,"href":"https:\/\/www.regionalis.shop\/huizbirn\/wp-json\/wp\/v2\/product_brand?post=1619"},{"taxonomy":"product_cat","embeddable":true,"href":"https:\/\/www.regionalis.shop\/huizbirn\/wp-json\/wp\/v2\/product_cat?post=1619"},{"taxonomy":"product_tag","embeddable":true,"href":"https:\/\/www.regionalis.shop\/huizbirn\/wp-json\/wp\/v2\/product_tag?post=1619"}],"curies":[{"name":"wp","href":"https:\/\/api.w.org\/{rel}","templated":true}]}}