{"id":1624,"date":"2025-04-28T03:35:21","date_gmt":"2025-04-28T01:35:21","guid":{"rendered":"https:\/\/www.regionalis.shop\/huizbirn\/product\/holz-weinstoepsel-hainbuche-flaschenverschluss-handarbeit-unikat-geschenk\/"},"modified":"2025-04-28T03:35:21","modified_gmt":"2025-04-28T01:35:21","slug":"holz-weinstoepsel-hainbuche-flaschenverschluss-handarbeit-unikat-geschenk","status":"publish","type":"product","link":"https:\/\/www.regionalis.shop\/huizbirn\/shop\/holz-weinstoepsel-hainbuche-flaschenverschluss-handarbeit-unikat-geschenk\/","title":{"rendered":"Holz Weinst\u00f6psel Hainbuche Flaschenverschluss Handarbeit Unikat Geschenk"},"content":{"rendered":"<p>Holz Weinst\u00f6psel aus \u00f6sterreichischer Hainbuche und Edelstahl mit Gummidichtung.\u00a0\u00a0Dieser Holz Flaschenverschluss\u00a0verbindet\u00a0traditionelle Handwerkskunst mit modernem Design, um Ihre Weinflaschen stilvoll und effektiv zu verschlie\u00dfen.<\/p>\n<p>Hainbuchenholz ist ein robustes und langlebiges Holz mit nat\u00fcrlicher Sch\u00f6nheit und ruhigem Maserverlauf. Die Hainbuche verleiht jedem Weinstopfen eine einzigartige Holzmaserung und nat\u00fcrliche Farbvariationen. Das Holz wird regional bezogen und sorgf\u00e4ltig ausgew\u00e4hlt &#8211; nachhaltiger geht es kaum.<\/p>\n<p>Jeder St\u00f6psel wird handgefertigt und ist somit ein Unikat. Durch die hochwertige Gummidichtung ist eine l\u00e4ngere, luftdichte Haltbarkeit gew\u00e4hrleistet und h\u00e4lt Fl\u00fcssigkeiten (wie beispielsweise Wein) l\u00e4nger frisch.<\/p>\n<p>Meine Weinst\u00f6psel eignen sich nicht nur f\u00fcr Weinflaschen, sondern auch f\u00fcr Champagner, Sekt oder andere Getr\u00e4nkeflaschen &#8211; ideal f\u00fcr Ihre K\u00fcche oder Bar. Dieses unverzichtbare K\u00fcchenaccessoire bringt Ihnen Design, Eleganz und Stil beim Weingenuss.<\/p>\n<p>&#8211; Holzart: \u00d6sterreichische Hainbuche<br \/>\n&#8211; L\u00e4nge: ca. 10 cm<br \/>\n&#8211; Oberfl\u00e4che: Fein geschliffen, lebensmittelecht ge\u00f6lt<\/p>\n<p>Eine tolle Geschenksidee zum Geburtstag, Weihnachten oder anderen Anlass.<\/p>\n","protected":false},"excerpt":{"rendered":"<p>Holz Weinst\u00f6psel aus \u00f6sterreichischer Hainbuche und Edelstahl mit Gummidichtung.\u00a0\u00a0Dieser Holz Flaschenverschluss\u00a0verbindet\u00a0traditionelle Handwerkskunst mit modernem Design, um Ihre Weinflaschen stilvoll und effektiv zu verschlie\u00dfen. Hainbuchenholz ist ein robustes und langlebiges Holz mit nat\u00fcrlicher Sch\u00f6nheit und ruhigem Maserverlauf. Die Hainbuche verleiht jedem Weinstopfen eine einzigartige Holzmaserung und nat\u00fcrliche Farbvariationen. Das Holz wird regional bezogen und sorgf\u00e4ltig ausgew\u00e4hlt &hellip; <a href=\"https:\/\/www.regionalis.shop\/huizbirn\/shop\/holz-weinstoepsel-hainbuche-flaschenverschluss-handarbeit-unikat-geschenk\/\">Continued<\/a><\/p>\n","protected":false},"featured_media":1625,"template":"","meta":{"_acf_changed":false},"product_brand":[],"product_cat":[127,103],"product_tag":[],"class_list":{"0":"post-1624","1":"product","2":"type-product","3":"status-publish","4":"has-post-thumbnail","6":"product_cat-essen-trinken","7":"product_cat-wohnen-deko","9":"first","10":"instock","11":"purchasable","12":"product-type-simple"},"acf":[],"_links":{"self":[{"href":"https:\/\/www.regionalis.shop\/huizbirn\/wp-json\/wp\/v2\/product\/1624","targetHints":{"allow":["GET"]}}],"collection":[{"href":"https:\/\/www.regionalis.shop\/huizbirn\/wp-json\/wp\/v2\/product"}],"about":[{"href":"https:\/\/www.regionalis.shop\/huizbirn\/wp-json\/wp\/v2\/types\/product"}],"wp:featuredmedia":[{"embeddable":true,"href":"https:\/\/www.regionalis.shop\/huizbirn\/wp-json\/wp\/v2\/media\/1625"}],"wp:attachment":[{"href":"https:\/\/www.regionalis.shop\/huizbirn\/wp-json\/wp\/v2\/media?parent=1624"}],"wp:term":[{"taxonomy":"product_brand","embeddable":true,"href":"https:\/\/www.regionalis.shop\/huizbirn\/wp-json\/wp\/v2\/product_brand?post=1624"},{"taxonomy":"product_cat","embeddable":true,"href":"https:\/\/www.regionalis.shop\/huizbirn\/wp-json\/wp\/v2\/product_cat?post=1624"},{"taxonomy":"product_tag","embeddable":true,"href":"https:\/\/www.regionalis.shop\/huizbirn\/wp-json\/wp\/v2\/product_tag?post=1624"}],"curies":[{"name":"wp","href":"https:\/\/api.w.org\/{rel}","templated":true}]}}