{"id":1642,"date":"2025-04-28T03:34:22","date_gmt":"2025-04-28T01:34:22","guid":{"rendered":"https:\/\/www.regionalis.shop\/huizbirn\/product\/holz-kugelschreiber-zwetschke-handarbeit-geschenk-geschenkidee-unikat-handmade\/"},"modified":"2025-04-28T03:34:22","modified_gmt":"2025-04-28T01:34:22","slug":"holz-kugelschreiber-zwetschke-handarbeit-geschenk-geschenkidee-unikat-handmade","status":"publish","type":"product","link":"https:\/\/www.regionalis.shop\/huizbirn\/shop\/holz-kugelschreiber-zwetschke-handarbeit-geschenk-geschenkidee-unikat-handmade\/","title":{"rendered":"Holz Kugelschreiber Zwetschke Handarbeit Geschenk Geschenkidee Unikat handmade"},"content":{"rendered":"<p>Handgearbeiteter Drehkugelschreiber aus \u00f6sterreichischem Zwetschken-Holz.<\/p>\n<p>Ein absolutes Unikat!<\/p>\n<p>Eckdaten:<br \/>\nTintenfarbe: schwarz<br \/>\nOberfl\u00e4che fein geschliffen und lebensmittelecht versiegelt, dadurch ist dauerhafter Schutz gew\u00e4hrleistet.<br \/>\nL\u00e4nge ca. 13.5 cm, Bausatz Farbe silber<br \/>\nLieferung erfolgt im handgefertigtem Stoff-T\u00e4schchen<\/p>\n<p>Jedes Schreibger\u00e4t ist ein absolutes Unikat und ein ideales Geschenk.<\/p>\n<p>Eine tolle Geschenksidee zum Geburtstag, Weihnachten oder anderen Anlass.<\/p>\n","protected":false},"excerpt":{"rendered":"<p>Handgearbeiteter Drehkugelschreiber aus \u00f6sterreichischem Zwetschken-Holz. Ein absolutes Unikat! Eckdaten: Tintenfarbe: schwarz Oberfl\u00e4che fein geschliffen und lebensmittelecht versiegelt, dadurch ist dauerhafter Schutz gew\u00e4hrleistet. L\u00e4nge ca. 13.5 cm, Bausatz Farbe silber Lieferung erfolgt im handgefertigtem Stoff-T\u00e4schchen Jedes Schreibger\u00e4t ist ein absolutes Unikat und ein ideales Geschenk. Eine tolle Geschenksidee zum Geburtstag, Weihnachten oder anderen Anlass.<\/p>\n","protected":false},"featured_media":1643,"template":"","meta":{"_acf_changed":false},"product_brand":[],"product_cat":[62,72],"product_tag":[],"class_list":{"0":"post-1642","1":"product","2":"type-product","3":"status-publish","4":"has-post-thumbnail","6":"product_cat-papeterie-schreibwaren","7":"product_cat-schreibwaren","9":"first","10":"instock","11":"purchasable","12":"product-type-simple"},"acf":[],"_links":{"self":[{"href":"https:\/\/www.regionalis.shop\/huizbirn\/wp-json\/wp\/v2\/product\/1642","targetHints":{"allow":["GET"]}}],"collection":[{"href":"https:\/\/www.regionalis.shop\/huizbirn\/wp-json\/wp\/v2\/product"}],"about":[{"href":"https:\/\/www.regionalis.shop\/huizbirn\/wp-json\/wp\/v2\/types\/product"}],"wp:featuredmedia":[{"embeddable":true,"href":"https:\/\/www.regionalis.shop\/huizbirn\/wp-json\/wp\/v2\/media\/1643"}],"wp:attachment":[{"href":"https:\/\/www.regionalis.shop\/huizbirn\/wp-json\/wp\/v2\/media?parent=1642"}],"wp:term":[{"taxonomy":"product_brand","embeddable":true,"href":"https:\/\/www.regionalis.shop\/huizbirn\/wp-json\/wp\/v2\/product_brand?post=1642"},{"taxonomy":"product_cat","embeddable":true,"href":"https:\/\/www.regionalis.shop\/huizbirn\/wp-json\/wp\/v2\/product_cat?post=1642"},{"taxonomy":"product_tag","embeddable":true,"href":"https:\/\/www.regionalis.shop\/huizbirn\/wp-json\/wp\/v2\/product_tag?post=1642"}],"curies":[{"name":"wp","href":"https:\/\/api.w.org\/{rel}","templated":true}]}}