{"id":1646,"date":"2025-04-18T12:16:07","date_gmt":"2025-04-18T10:16:07","guid":{"rendered":"https:\/\/www.regionalis.shop\/huizbirn\/product\/geldgeschenk-holzbild-mit-geldklammer-16x13-cm-geburtstagsgeschenk-handarbeit\/"},"modified":"2025-04-18T12:16:07","modified_gmt":"2025-04-18T10:16:07","slug":"geldgeschenk-holzbild-mit-geldklammer-16x13-cm-geburtstagsgeschenk-handarbeit","status":"publish","type":"product","link":"https:\/\/www.regionalis.shop\/huizbirn\/shop\/geldgeschenk-holzbild-mit-geldklammer-16x13-cm-geburtstagsgeschenk-handarbeit\/","title":{"rendered":"Geldgeschenk Holzbild mit Geldklammer 16&#215;13 cm Geburtstagsgeschenk Handarbeit"},"content":{"rendered":"<p>Handgefertigtes Holz Wandbild mit\u00a0 Motto &#8222;Lass dich feiern&#8220;. Dank Klammer eignet sich dieses Holzbild ideal als Geldgeschenk &#8211; Scheine lassen sich problemlos mittels Klammer fixieren. Dieses handgefertigte Unikat ist das perfekte Geburtstagsgeschenk f\u00fcr Geldgeschenke.<\/p>\n<p>Die Holzplatte ist mit kleinen Baumscheiben in verschiedenen Gr\u00f6\u00dfen verziert und der Schriftzug auf das Holz von Hand mittels Acrylfarbe aufgemalt.<\/p>\n<p>Ma\u00dfe: ca. 16&#215;13\u00a0cm<br \/>\ninkl. Wandhaken zur Montage<br \/>\nDieses Unikat ist ideal als Geburtstagsgeschenk, Geldgeschenk, Vatertagsgeschenk, Schulabschlussgeschenk oder viele andere Anl\u00e4sse.<\/p>\n","protected":false},"excerpt":{"rendered":"<p>Handgefertigtes Holz Wandbild mit\u00a0 Motto &#8222;Lass dich feiern&#8220;. Dank Klammer eignet sich dieses Holzbild ideal als Geldgeschenk &#8211; Scheine lassen sich problemlos mittels Klammer fixieren. Dieses handgefertigte Unikat ist das perfekte Geburtstagsgeschenk f\u00fcr Geldgeschenke. Die Holzplatte ist mit kleinen Baumscheiben in verschiedenen Gr\u00f6\u00dfen verziert und der Schriftzug auf das Holz von Hand mittels Acrylfarbe aufgemalt. &hellip; <a href=\"https:\/\/www.regionalis.shop\/huizbirn\/shop\/geldgeschenk-holzbild-mit-geldklammer-16x13-cm-geburtstagsgeschenk-handarbeit\/\">Continued<\/a><\/p>\n","protected":false},"featured_media":1647,"template":"","meta":{"_acf_changed":false},"product_brand":[],"product_cat":[174,103],"product_tag":[],"class_list":{"0":"post-1646","1":"product","2":"type-product","3":"status-publish","4":"has-post-thumbnail","6":"product_cat-wohndekoration","7":"product_cat-wohnen-deko","9":"first","10":"instock","11":"purchasable","12":"product-type-simple"},"acf":[],"_links":{"self":[{"href":"https:\/\/www.regionalis.shop\/huizbirn\/wp-json\/wp\/v2\/product\/1646","targetHints":{"allow":["GET"]}}],"collection":[{"href":"https:\/\/www.regionalis.shop\/huizbirn\/wp-json\/wp\/v2\/product"}],"about":[{"href":"https:\/\/www.regionalis.shop\/huizbirn\/wp-json\/wp\/v2\/types\/product"}],"wp:featuredmedia":[{"embeddable":true,"href":"https:\/\/www.regionalis.shop\/huizbirn\/wp-json\/wp\/v2\/media\/1647"}],"wp:attachment":[{"href":"https:\/\/www.regionalis.shop\/huizbirn\/wp-json\/wp\/v2\/media?parent=1646"}],"wp:term":[{"taxonomy":"product_brand","embeddable":true,"href":"https:\/\/www.regionalis.shop\/huizbirn\/wp-json\/wp\/v2\/product_brand?post=1646"},{"taxonomy":"product_cat","embeddable":true,"href":"https:\/\/www.regionalis.shop\/huizbirn\/wp-json\/wp\/v2\/product_cat?post=1646"},{"taxonomy":"product_tag","embeddable":true,"href":"https:\/\/www.regionalis.shop\/huizbirn\/wp-json\/wp\/v2\/product_tag?post=1646"}],"curies":[{"name":"wp","href":"https:\/\/api.w.org\/{rel}","templated":true}]}}