{"id":1650,"date":"2025-04-18T12:15:23","date_gmt":"2025-04-18T10:15:23","guid":{"rendered":"https:\/\/www.regionalis.shop\/huizbirn\/product\/holzbild-bier-flaschenoeffner-375x21-maennergeschenk-fuer-bierliebhaber-handarbeit\/"},"modified":"2025-04-18T12:15:23","modified_gmt":"2025-04-18T10:15:23","slug":"holzbild-bier-flaschenoeffner-375x21-maennergeschenk-fuer-bierliebhaber-handarbeit","status":"publish","type":"product","link":"https:\/\/www.regionalis.shop\/huizbirn\/shop\/holzbild-bier-flaschenoeffner-375x21-maennergeschenk-fuer-bierliebhaber-handarbeit\/","title":{"rendered":"Holzbild Bier Flaschen\u00f6ffner 37,5&#215;21 M\u00e4nnergeschenk f\u00fcr Bierliebhaber Handarbeit"},"content":{"rendered":"<p>Handgefertigtes Holz Wandbild mit Flaschen\u00f6ffner aus \u00f6sterreichischem Holz mit Schriftzug &#8222;A Bier geht imma&#8220;. Dieses handgefertigte Unikat ist das perfekte Geschenk f\u00fcr M\u00e4nner und jeden Bierliebhaber.<\/p>\n<p>Es ist nicht nur eine perfekte Holzdeko f\u00fcr zu Hause oder jedes Kellerst\u00fcberl &#8211; der integrierte Bier\u00f6ffner kann auch gleich zum \u00d6ffnen seiner Bierflaschen verwendet werden. Die Holzplatte ist mit kleinen Baumscheiben in verschiedenen Gr\u00f6\u00dfen verziert und das Holz mit blauer Acrylfarbe bemalt.<\/p>\n<p>Ma\u00dfe: ca. 37,5\u00a0x 21\u00a0cm<br \/>\ninkl. Wandhaken zur Montage<\/p>\n<p>Passt beispielsweise ideal ins Kellerst\u00fcberl, in jeden Partyraum oder in die Gartenh\u00fctte und ist ideal als Geburtstagsgeschenk oder Vatertagsgeschenk.<\/p>\n","protected":false},"excerpt":{"rendered":"<p>Handgefertigtes Holz Wandbild mit Flaschen\u00f6ffner aus \u00f6sterreichischem Holz mit Schriftzug &#8222;A Bier geht imma&#8220;. Dieses handgefertigte Unikat ist das perfekte Geschenk f\u00fcr M\u00e4nner und jeden Bierliebhaber. Es ist nicht nur eine perfekte Holzdeko f\u00fcr zu Hause oder jedes Kellerst\u00fcberl &#8211; der integrierte Bier\u00f6ffner kann auch gleich zum \u00d6ffnen seiner Bierflaschen verwendet werden. Die Holzplatte ist &hellip; <a href=\"https:\/\/www.regionalis.shop\/huizbirn\/shop\/holzbild-bier-flaschenoeffner-375x21-maennergeschenk-fuer-bierliebhaber-handarbeit\/\">Continued<\/a><\/p>\n","protected":false},"featured_media":1651,"template":"","meta":{"_acf_changed":false},"product_brand":[],"product_cat":[127,103],"product_tag":[],"class_list":{"0":"post-1650","1":"product","2":"type-product","3":"status-publish","4":"has-post-thumbnail","6":"product_cat-essen-trinken","7":"product_cat-wohnen-deko","9":"first","10":"instock","11":"purchasable","12":"product-type-simple"},"acf":[],"_links":{"self":[{"href":"https:\/\/www.regionalis.shop\/huizbirn\/wp-json\/wp\/v2\/product\/1650","targetHints":{"allow":["GET"]}}],"collection":[{"href":"https:\/\/www.regionalis.shop\/huizbirn\/wp-json\/wp\/v2\/product"}],"about":[{"href":"https:\/\/www.regionalis.shop\/huizbirn\/wp-json\/wp\/v2\/types\/product"}],"wp:featuredmedia":[{"embeddable":true,"href":"https:\/\/www.regionalis.shop\/huizbirn\/wp-json\/wp\/v2\/media\/1651"}],"wp:attachment":[{"href":"https:\/\/www.regionalis.shop\/huizbirn\/wp-json\/wp\/v2\/media?parent=1650"}],"wp:term":[{"taxonomy":"product_brand","embeddable":true,"href":"https:\/\/www.regionalis.shop\/huizbirn\/wp-json\/wp\/v2\/product_brand?post=1650"},{"taxonomy":"product_cat","embeddable":true,"href":"https:\/\/www.regionalis.shop\/huizbirn\/wp-json\/wp\/v2\/product_cat?post=1650"},{"taxonomy":"product_tag","embeddable":true,"href":"https:\/\/www.regionalis.shop\/huizbirn\/wp-json\/wp\/v2\/product_tag?post=1650"}],"curies":[{"name":"wp","href":"https:\/\/api.w.org\/{rel}","templated":true}]}}