{"id":1655,"date":"2025-04-18T12:13:08","date_gmt":"2025-04-18T10:13:08","guid":{"rendered":"https:\/\/www.regionalis.shop\/huizbirn\/product\/holz-bilderrahmen-babygeschenk-geburt-285x285-cm-handarbeit\/"},"modified":"2025-04-18T12:13:08","modified_gmt":"2025-04-18T10:13:08","slug":"holz-bilderrahmen-babygeschenk-geburt-285x285-cm-handarbeit","status":"publish","type":"product","link":"https:\/\/www.regionalis.shop\/huizbirn\/shop\/holz-bilderrahmen-babygeschenk-geburt-285x285-cm-handarbeit\/","title":{"rendered":"Holz Bilderrahmen Babygeschenk Geburt 28,5&#215;28,5 cm Handarbeit"},"content":{"rendered":"<p>Bilderrahmen mit Schriftzug &#8222;Hello Baby&#8220; . Der Bilderrahmen wurde von Hand mit verschiedenen Deko-Elementen verziert und bietet Platz f\u00fcr sch\u00f6ne Erinnerungsfotos.<\/p>\n<p>Dieser Bilderrahmen ist ein ideales Geschenk zur Geburt und kann unter anderem perfekt als Andenken f\u00fcr diesen sch\u00f6nen Moment genutzt werden.<\/p>\n<p>&#8211; Ma\u00dfe: 28,5 x 28,5 cm<br \/>\n&#8211; Material: Holz, Stoff, Rinde<br \/>\n&#8211; Bilderrahmen mit Wandaufh\u00e4ngung<\/p>\n<p>\u00dcber dieses einzigartige und handgefertigte Babygeschenk freut man sich als frisch gebackene Mama oder Papa besonders und ist ein perfektes Andenken.<\/p>\n","protected":false},"excerpt":{"rendered":"<p>Bilderrahmen mit Schriftzug &#8222;Hello Baby&#8220; . Der Bilderrahmen wurde von Hand mit verschiedenen Deko-Elementen verziert und bietet Platz f\u00fcr sch\u00f6ne Erinnerungsfotos. Dieser Bilderrahmen ist ein ideales Geschenk zur Geburt und kann unter anderem perfekt als Andenken f\u00fcr diesen sch\u00f6nen Moment genutzt werden. &#8211; Ma\u00dfe: 28,5 x 28,5 cm &#8211; Material: Holz, Stoff, Rinde &#8211; Bilderrahmen &hellip; <a href=\"https:\/\/www.regionalis.shop\/huizbirn\/shop\/holz-bilderrahmen-babygeschenk-geburt-285x285-cm-handarbeit\/\">Continued<\/a><\/p>\n","protected":false},"featured_media":1656,"template":"","meta":{"_acf_changed":false},"product_brand":[],"product_cat":[174,103],"product_tag":[],"class_list":{"0":"post-1655","1":"product","2":"type-product","3":"status-publish","4":"has-post-thumbnail","6":"product_cat-wohndekoration","7":"product_cat-wohnen-deko","9":"first","10":"instock","11":"purchasable","12":"product-type-simple"},"acf":[],"_links":{"self":[{"href":"https:\/\/www.regionalis.shop\/huizbirn\/wp-json\/wp\/v2\/product\/1655","targetHints":{"allow":["GET"]}}],"collection":[{"href":"https:\/\/www.regionalis.shop\/huizbirn\/wp-json\/wp\/v2\/product"}],"about":[{"href":"https:\/\/www.regionalis.shop\/huizbirn\/wp-json\/wp\/v2\/types\/product"}],"wp:featuredmedia":[{"embeddable":true,"href":"https:\/\/www.regionalis.shop\/huizbirn\/wp-json\/wp\/v2\/media\/1656"}],"wp:attachment":[{"href":"https:\/\/www.regionalis.shop\/huizbirn\/wp-json\/wp\/v2\/media?parent=1655"}],"wp:term":[{"taxonomy":"product_brand","embeddable":true,"href":"https:\/\/www.regionalis.shop\/huizbirn\/wp-json\/wp\/v2\/product_brand?post=1655"},{"taxonomy":"product_cat","embeddable":true,"href":"https:\/\/www.regionalis.shop\/huizbirn\/wp-json\/wp\/v2\/product_cat?post=1655"},{"taxonomy":"product_tag","embeddable":true,"href":"https:\/\/www.regionalis.shop\/huizbirn\/wp-json\/wp\/v2\/product_tag?post=1655"}],"curies":[{"name":"wp","href":"https:\/\/api.w.org\/{rel}","templated":true}]}}