{"id":1665,"date":"2025-04-18T12:12:42","date_gmt":"2025-04-18T10:12:42","guid":{"rendered":"https:\/\/www.regionalis.shop\/huizbirn\/product\/tuerkranz-dekokranz-%e2%8c%8037-cm-sommer-meer-handarbeit-naturmaterialien-blau\/"},"modified":"2025-04-18T12:12:42","modified_gmt":"2025-04-18T10:12:42","slug":"tuerkranz-dekokranz-%e2%8c%8037-cm-sommer-meer-handarbeit-naturmaterialien-blau","status":"publish","type":"product","link":"https:\/\/www.regionalis.shop\/huizbirn\/shop\/tuerkranz-dekokranz-%e2%8c%8037-cm-sommer-meer-handarbeit-naturmaterialien-blau\/","title":{"rendered":"T\u00fcrkranz Dekokranz \u230037 cm Sommer Meer Handarbeit Naturmaterialien blau"},"content":{"rendered":"<p>Dieser wundersch\u00f6ne T\u00fcrkranz ist ein tolkes Unikat und wurde aus verschiedenen Naturmaterialien mit viel Liebe von &#8211;Hand gefertigt&#8211; &#8211; passend f\u00fcr jede Haust\u00fcr und jedes Eigenheim.<\/p>\n<p>Durchmesser: ca. 37 cm<br \/>\nGesamtl\u00e4nge mit Band: ca. 110 cm<\/p>\n<p>Der handgefertigte T\u00fcrkranz besteht unter anderem aus einer Vielzahl von Naturmaterialen wie gesammelten Muscheln, Zweigen und Holzteilen. Da er farblich entsprechend sommerlich abgestimmt ist, ist er der ideale Begleiter f\u00fcr die warme Jahreszeit und zieht garantiert die Blicke der Nachbarn auf sich.<\/p>\n<p>Dieser &#8211;T\u00fcrkranz&#8211; ist perfekt f\u00fcr diejenigen, die Wert auf eine sch\u00f6ne und  nat\u00fcrliche Note in ihrem Eigenheim legen. Der T\u00fcrkranz kann an der Haust\u00fcr, aber auch an einer Wand im Haus angebracht werden und wird garantiert alle Blicke auf sich ziehen.<\/p>\n<p>Da dieser &#8211;handgefertigte T\u00fcrkranz&#8211; aus Naturmaterialien besteht, ist er ein &#8211;absolutes Einzelst\u00fcck&#8211;. Gerade das macht den individuellen Charme dieses Kranzes aus. <\/p>\n<p>Der T\u00fcrkranz eignet sich auch perfekt als &#8211;Geschenk&#8211; f\u00fcr Freunde und Familie, die die Sch\u00f6nheit der Natur zu sch\u00e4tzen wissen und Wert auf Handarbeit legen.<\/p>\n","protected":false},"excerpt":{"rendered":"<p>Dieser wundersch\u00f6ne T\u00fcrkranz ist ein tolkes Unikat und wurde aus verschiedenen Naturmaterialien mit viel Liebe von &#8211;Hand gefertigt&#8211; &#8211; passend f\u00fcr jede Haust\u00fcr und jedes Eigenheim. Durchmesser: ca. 37 cm Gesamtl\u00e4nge mit Band: ca. 110 cm Der handgefertigte T\u00fcrkranz besteht unter anderem aus einer Vielzahl von Naturmaterialen wie gesammelten Muscheln, Zweigen und Holzteilen. Da er &hellip; <a href=\"https:\/\/www.regionalis.shop\/huizbirn\/shop\/tuerkranz-dekokranz-%e2%8c%8037-cm-sommer-meer-handarbeit-naturmaterialien-blau\/\">Continued<\/a><\/p>\n","protected":false},"featured_media":1666,"template":"","meta":{"_acf_changed":false},"product_brand":[],"product_cat":[174,103],"product_tag":[],"class_list":{"0":"post-1665","1":"product","2":"type-product","3":"status-publish","4":"has-post-thumbnail","6":"product_cat-wohndekoration","7":"product_cat-wohnen-deko","9":"first","10":"instock","11":"purchasable","12":"product-type-simple"},"acf":[],"_links":{"self":[{"href":"https:\/\/www.regionalis.shop\/huizbirn\/wp-json\/wp\/v2\/product\/1665","targetHints":{"allow":["GET"]}}],"collection":[{"href":"https:\/\/www.regionalis.shop\/huizbirn\/wp-json\/wp\/v2\/product"}],"about":[{"href":"https:\/\/www.regionalis.shop\/huizbirn\/wp-json\/wp\/v2\/types\/product"}],"wp:featuredmedia":[{"embeddable":true,"href":"https:\/\/www.regionalis.shop\/huizbirn\/wp-json\/wp\/v2\/media\/1666"}],"wp:attachment":[{"href":"https:\/\/www.regionalis.shop\/huizbirn\/wp-json\/wp\/v2\/media?parent=1665"}],"wp:term":[{"taxonomy":"product_brand","embeddable":true,"href":"https:\/\/www.regionalis.shop\/huizbirn\/wp-json\/wp\/v2\/product_brand?post=1665"},{"taxonomy":"product_cat","embeddable":true,"href":"https:\/\/www.regionalis.shop\/huizbirn\/wp-json\/wp\/v2\/product_cat?post=1665"},{"taxonomy":"product_tag","embeddable":true,"href":"https:\/\/www.regionalis.shop\/huizbirn\/wp-json\/wp\/v2\/product_tag?post=1665"}],"curies":[{"name":"wp","href":"https:\/\/api.w.org\/{rel}","templated":true}]}}