{"id":1670,"date":"2025-04-18T12:12:42","date_gmt":"2025-04-18T10:12:42","guid":{"rendered":"https:\/\/www.regionalis.shop\/huizbirn\/product\/holzbild-bilderrahmen-hochzeitsgeschenk-geldgeschenk-23x19-handarbeit\/"},"modified":"2025-04-18T12:12:42","modified_gmt":"2025-04-18T10:12:42","slug":"holzbild-bilderrahmen-hochzeitsgeschenk-geldgeschenk-23x19-handarbeit","status":"publish","type":"product","link":"https:\/\/www.regionalis.shop\/huizbirn\/shop\/holzbild-bilderrahmen-hochzeitsgeschenk-geldgeschenk-23x19-handarbeit\/","title":{"rendered":"Holzbild Bilderrahmen Hochzeitsgeschenk Geldgeschenk 23&#215;19 Handarbeit"},"content":{"rendered":"<p>Handgefertigtes Holz Wandbild aus \u00f6sterreichischem Holz mit Schriftzug &#8222;just married&#8220;. Dieser Bilderrahmen ist ein ideales Hochzeitsgeschenk und kann unter anderem perfekt f\u00fcr Geldgeschenke genutzt werden.<\/p>\n<p>&#8211; Ma\u00dfe: 23 x 19 cm<br \/>\n&#8211; Material: Baumscheiben aus verschiedenen Holzsorten und verschiedenen Gr\u00f6\u00dfen<br \/>\n&#8211; Bilderrahmen mit Wandaufh\u00e4ngung<\/p>\n<p>\u00dcber dieses einzigartige und handgefertigte Hochzeitsgeschenk freut sich jedes frisch verm\u00e4hlte Brautpaar und ist ein perfektes Andenken.<\/p>\n","protected":false},"excerpt":{"rendered":"<p>Handgefertigtes Holz Wandbild aus \u00f6sterreichischem Holz mit Schriftzug &#8222;just married&#8220;. Dieser Bilderrahmen ist ein ideales Hochzeitsgeschenk und kann unter anderem perfekt f\u00fcr Geldgeschenke genutzt werden. &#8211; Ma\u00dfe: 23 x 19 cm &#8211; Material: Baumscheiben aus verschiedenen Holzsorten und verschiedenen Gr\u00f6\u00dfen &#8211; Bilderrahmen mit Wandaufh\u00e4ngung \u00dcber dieses einzigartige und handgefertigte Hochzeitsgeschenk freut sich jedes frisch verm\u00e4hlte &hellip; <a href=\"https:\/\/www.regionalis.shop\/huizbirn\/shop\/holzbild-bilderrahmen-hochzeitsgeschenk-geldgeschenk-23x19-handarbeit\/\">Continued<\/a><\/p>\n","protected":false},"featured_media":1671,"template":"","meta":{"_acf_changed":false},"product_brand":[],"product_cat":[174,103],"product_tag":[],"class_list":{"0":"post-1670","1":"product","2":"type-product","3":"status-publish","4":"has-post-thumbnail","6":"product_cat-wohndekoration","7":"product_cat-wohnen-deko","9":"first","10":"instock","11":"purchasable","12":"product-type-simple"},"acf":[],"_links":{"self":[{"href":"https:\/\/www.regionalis.shop\/huizbirn\/wp-json\/wp\/v2\/product\/1670","targetHints":{"allow":["GET"]}}],"collection":[{"href":"https:\/\/www.regionalis.shop\/huizbirn\/wp-json\/wp\/v2\/product"}],"about":[{"href":"https:\/\/www.regionalis.shop\/huizbirn\/wp-json\/wp\/v2\/types\/product"}],"wp:featuredmedia":[{"embeddable":true,"href":"https:\/\/www.regionalis.shop\/huizbirn\/wp-json\/wp\/v2\/media\/1671"}],"wp:attachment":[{"href":"https:\/\/www.regionalis.shop\/huizbirn\/wp-json\/wp\/v2\/media?parent=1670"}],"wp:term":[{"taxonomy":"product_brand","embeddable":true,"href":"https:\/\/www.regionalis.shop\/huizbirn\/wp-json\/wp\/v2\/product_brand?post=1670"},{"taxonomy":"product_cat","embeddable":true,"href":"https:\/\/www.regionalis.shop\/huizbirn\/wp-json\/wp\/v2\/product_cat?post=1670"},{"taxonomy":"product_tag","embeddable":true,"href":"https:\/\/www.regionalis.shop\/huizbirn\/wp-json\/wp\/v2\/product_tag?post=1670"}],"curies":[{"name":"wp","href":"https:\/\/api.w.org\/{rel}","templated":true}]}}