{"id":1680,"date":"2025-04-18T12:12:18","date_gmt":"2025-04-18T10:12:18","guid":{"rendered":"https:\/\/www.regionalis.shop\/huizbirn\/product\/tuerkranz-dekokranz-%e2%8c%8027-cm-nusschalen-handarbeit-naturmaterialien\/"},"modified":"2025-04-18T12:12:18","modified_gmt":"2025-04-18T10:12:18","slug":"tuerkranz-dekokranz-%e2%8c%8027-cm-nusschalen-handarbeit-naturmaterialien","status":"publish","type":"product","link":"https:\/\/www.regionalis.shop\/huizbirn\/shop\/tuerkranz-dekokranz-%e2%8c%8027-cm-nusschalen-handarbeit-naturmaterialien\/","title":{"rendered":"T\u00fcrkranz Dekokranz \u230027 cm Nusschalen Handarbeit Naturmaterialien"},"content":{"rendered":"<p>Dieser wundersch\u00f6ne T\u00fcrkranz ist ein wundersch\u00f6nes Unikat und wurde aus verschiedenen Naturmaterialien mit viel Liebe von &#8211;Hand gefertigt&#8211; &#8211; passend f\u00fcr jede Haust\u00fcr und jedes Eigenheim.<\/p>\n<p>Durchmesser: ca. 27 cm<br \/>\nGesamtl\u00e4nge mit Band: ca. 46 cm<\/p>\n<p>Der handgefertigte T\u00fcrkranz besteht unter anderem aus einer Vielzahl von Naturmaterialen wie Zweigen, getrockneten Sonnehut-Bl\u00fcten und Walnussschalen.<\/p>\n<p>Dieser &#8211;T\u00fcrkranz&#8211; ist perfekt f\u00fcr diejenigen, die Wert auf eine sch\u00f6ne und  nat\u00fcrliche Note in ihrem Eigenheim legen. Der T\u00fcrkranz kann an der Haust\u00fcr, aber auch an einer Wand im Haus angebracht werden und wird garantiert alle Blicke auf sich ziehen.<\/p>\n<p>Da dieser &#8211;handgefertigte T\u00fcrkranz&#8211; aus Naturmaterialien besteht, ist er ein &#8212;absolutes Einzelst\u00fcck&#8211;. Gerade das macht den individuellen Charme dieses Kranzes aus. <\/p>\n<p>Der T\u00fcrkranz eignet sich auch perfekt als &#8211;Geschenk&#8211; f\u00fcr Freunde und Familie, die die Sch\u00f6nheit der Natur zu sch\u00e4tzen wissen und Wert auf Handarbeit legen.<\/p>\n","protected":false},"excerpt":{"rendered":"<p>Dieser wundersch\u00f6ne T\u00fcrkranz ist ein wundersch\u00f6nes Unikat und wurde aus verschiedenen Naturmaterialien mit viel Liebe von &#8211;Hand gefertigt&#8211; &#8211; passend f\u00fcr jede Haust\u00fcr und jedes Eigenheim. Durchmesser: ca. 27 cm Gesamtl\u00e4nge mit Band: ca. 46 cm Der handgefertigte T\u00fcrkranz besteht unter anderem aus einer Vielzahl von Naturmaterialen wie Zweigen, getrockneten Sonnehut-Bl\u00fcten und Walnussschalen. Dieser &#8211;T\u00fcrkranz&#8211; &hellip; <a href=\"https:\/\/www.regionalis.shop\/huizbirn\/shop\/tuerkranz-dekokranz-%e2%8c%8027-cm-nusschalen-handarbeit-naturmaterialien\/\">Continued<\/a><\/p>\n","protected":false},"featured_media":1681,"template":"","meta":{"_acf_changed":false},"product_brand":[],"product_cat":[174,103],"product_tag":[],"class_list":{"0":"post-1680","1":"product","2":"type-product","3":"status-publish","4":"has-post-thumbnail","6":"product_cat-wohndekoration","7":"product_cat-wohnen-deko","9":"first","10":"instock","11":"purchasable","12":"product-type-simple"},"acf":[],"_links":{"self":[{"href":"https:\/\/www.regionalis.shop\/huizbirn\/wp-json\/wp\/v2\/product\/1680","targetHints":{"allow":["GET"]}}],"collection":[{"href":"https:\/\/www.regionalis.shop\/huizbirn\/wp-json\/wp\/v2\/product"}],"about":[{"href":"https:\/\/www.regionalis.shop\/huizbirn\/wp-json\/wp\/v2\/types\/product"}],"wp:featuredmedia":[{"embeddable":true,"href":"https:\/\/www.regionalis.shop\/huizbirn\/wp-json\/wp\/v2\/media\/1681"}],"wp:attachment":[{"href":"https:\/\/www.regionalis.shop\/huizbirn\/wp-json\/wp\/v2\/media?parent=1680"}],"wp:term":[{"taxonomy":"product_brand","embeddable":true,"href":"https:\/\/www.regionalis.shop\/huizbirn\/wp-json\/wp\/v2\/product_brand?post=1680"},{"taxonomy":"product_cat","embeddable":true,"href":"https:\/\/www.regionalis.shop\/huizbirn\/wp-json\/wp\/v2\/product_cat?post=1680"},{"taxonomy":"product_tag","embeddable":true,"href":"https:\/\/www.regionalis.shop\/huizbirn\/wp-json\/wp\/v2\/product_tag?post=1680"}],"curies":[{"name":"wp","href":"https:\/\/api.w.org\/{rel}","templated":true}]}}