{"id":1703,"date":"2025-04-18T11:19:53","date_gmt":"2025-04-18T09:19:53","guid":{"rendered":"https:\/\/www.regionalis.shop\/huizbirn\/product\/holzvase-vase-18-cm-eiche-blumenvase-vase-holzdekoration-geschenk\/"},"modified":"2025-04-18T11:19:53","modified_gmt":"2025-04-18T09:19:53","slug":"holzvase-vase-18-cm-eiche-blumenvase-vase-holzdekoration-geschenk","status":"publish","type":"product","link":"https:\/\/www.regionalis.shop\/huizbirn\/shop\/holzvase-vase-18-cm-eiche-blumenvase-vase-holzdekoration-geschenk\/","title":{"rendered":"Holzvase Vase 18 cm Eiche Blumenvase Vase Holzdekoration Geschenk"},"content":{"rendered":"<p>Holzvase mit Kunststoffglas-Einsatz aus steirischem Eichen-Holz. Diese wundersch\u00f6ne Vase kann sowohl f\u00fcr Schnittblumen, als auch f\u00fcr Trockenblumen verwendet werden.<\/p>\n<p>H\u00f6he ca.: 18\u00a0cm<br \/>\nOberfl\u00e4che: fein geschliffen, lebensmittelecht ge\u00f6lt<br \/>\ninkl. Glaseinsatz aus Kunststoff<br \/>\nDieses tolle Unikat wurde handgefertigt und lebensmittelecht ge\u00f6lt. Eine sch\u00f6ne Holzdekoration f\u00fcr Ihr Eigenheim oder eine nette Geschenksidee.<\/p>\n<p>Entdecken Sie die zeitlose Sch\u00f6nheit der Holzvase aus Eiche mit einer H\u00f6he von 18\u00a0cm. Diese handgefertigte Vase vereint exquisite Handwerkskunst mit der nat\u00fcrlichen Eleganz von Eichenholz.<\/p>\n<p>Das Eichenholz zeichnet sich durch seine helle, warme Farbe und die markante Maserung aus, die jedem Raum eine nat\u00fcrliche und ansprechende Note verleiht. Jede Vase ist ein Unikat, da das Holz individuelle Nuancen und Texturen aufweist, die sie zu einem einzigartigen Kunstwerk machen.<\/p>\n<p>Mit einer H\u00f6he von 19\u00a0cm ist diese Vase perfekt dimensioniert, um als Blickfang auf einem Tisch, einer Kommode oder einem Regal zu dienen. Sie eignet sich ideal f\u00fcr die Pr\u00e4sentation von frischen Blumenstr\u00e4u\u00dfen, Trockenblumenarrangements oder auch als eigenst\u00e4ndiges dekoratives Element.<\/p>\n<p>Dank der handwerklichen Verarbeitung ist die Holzvase nicht nur \u00e4sthetisch ansprechend, sondern auch von hoher Qualit\u00e4t.\u00a0<\/p>\n<p>Versch\u00f6nern Sie Ihr Zuhause mit der zeitlosen Eleganz der Holzvase aus Eichenholz.<\/p>\n","protected":false},"excerpt":{"rendered":"<p>Holzvase mit Kunststoffglas-Einsatz aus steirischem Eichen-Holz. Diese wundersch\u00f6ne Vase kann sowohl f\u00fcr Schnittblumen, als auch f\u00fcr Trockenblumen verwendet werden. H\u00f6he ca.: 18\u00a0cm Oberfl\u00e4che: fein geschliffen, lebensmittelecht ge\u00f6lt inkl. Glaseinsatz aus Kunststoff Dieses tolle Unikat wurde handgefertigt und lebensmittelecht ge\u00f6lt. Eine sch\u00f6ne Holzdekoration f\u00fcr Ihr Eigenheim oder eine nette Geschenksidee. Entdecken Sie die zeitlose Sch\u00f6nheit der &hellip; <a href=\"https:\/\/www.regionalis.shop\/huizbirn\/shop\/holzvase-vase-18-cm-eiche-blumenvase-vase-holzdekoration-geschenk\/\">Continued<\/a><\/p>\n","protected":false},"featured_media":1704,"template":"","meta":{"_acf_changed":false},"product_brand":[],"product_cat":[174,103],"product_tag":[],"class_list":{"0":"post-1703","1":"product","2":"type-product","3":"status-publish","4":"has-post-thumbnail","6":"product_cat-wohndekoration","7":"product_cat-wohnen-deko","9":"first","10":"instock","11":"purchasable","12":"product-type-simple"},"acf":[],"_links":{"self":[{"href":"https:\/\/www.regionalis.shop\/huizbirn\/wp-json\/wp\/v2\/product\/1703","targetHints":{"allow":["GET"]}}],"collection":[{"href":"https:\/\/www.regionalis.shop\/huizbirn\/wp-json\/wp\/v2\/product"}],"about":[{"href":"https:\/\/www.regionalis.shop\/huizbirn\/wp-json\/wp\/v2\/types\/product"}],"wp:featuredmedia":[{"embeddable":true,"href":"https:\/\/www.regionalis.shop\/huizbirn\/wp-json\/wp\/v2\/media\/1704"}],"wp:attachment":[{"href":"https:\/\/www.regionalis.shop\/huizbirn\/wp-json\/wp\/v2\/media?parent=1703"}],"wp:term":[{"taxonomy":"product_brand","embeddable":true,"href":"https:\/\/www.regionalis.shop\/huizbirn\/wp-json\/wp\/v2\/product_brand?post=1703"},{"taxonomy":"product_cat","embeddable":true,"href":"https:\/\/www.regionalis.shop\/huizbirn\/wp-json\/wp\/v2\/product_cat?post=1703"},{"taxonomy":"product_tag","embeddable":true,"href":"https:\/\/www.regionalis.shop\/huizbirn\/wp-json\/wp\/v2\/product_tag?post=1703"}],"curies":[{"name":"wp","href":"https:\/\/api.w.org\/{rel}","templated":true}]}}