{"id":1708,"date":"2025-04-18T11:19:53","date_gmt":"2025-04-18T09:19:53","guid":{"rendered":"https:\/\/www.regionalis.shop\/huizbirn\/product\/holz-bieroeffner-flaschenoeffner-oeffner-laerche-kapselheber-handarbeit-gravur\/"},"modified":"2025-04-18T11:19:53","modified_gmt":"2025-04-18T09:19:53","slug":"holz-bieroeffner-flaschenoeffner-oeffner-laerche-kapselheber-handarbeit-gravur","status":"publish","type":"product","link":"https:\/\/www.regionalis.shop\/huizbirn\/shop\/holz-bieroeffner-flaschenoeffner-oeffner-laerche-kapselheber-handarbeit-gravur\/","title":{"rendered":"Holz Bier\u00f6ffner Flaschen\u00f6ffner \u00d6ffner L\u00e4rche Kapselheber Handarbeit  Gravur"},"content":{"rendered":"<p>Kinderleicht und stilvoll Bier \u00f6ffnen? Ganz einfach &#8211; mit diesem wundersch\u00f6nen, handgearbeiteten\u00a0Flaschen\u00f6ffner\u00a0aus \u00f6sterreichischem L\u00e4rchenholz. Der ideale Begleiter f\u00fcr jeden Bierliebhaber.\u00a0<br \/>\nLiebevoll von Hand gefertigt &#8211; ein passendes Geschenk f\u00fcr jeden Anlass!<\/p>\n<p>Abgerundet wird dieser einzigartige Bier\u00f6ffner durch einen edel verchromten Bausatz &#8211; hochwertig verarbeitet f\u00fcr l\u00e4ngste Lebensdauer und ausgiebige Benutzung.<\/p>\n<p>Holzart: \u00d6sterreichisches L\u00e4rchenholz<br \/>\nL\u00e4nge ca.: 15 cm<br \/>\nBausatzfarbe: verchromt<br \/>\nOberfl\u00e4che: fein geschliffen und lebensmittelecht versiegelt<br \/>\nEin tolles Geschenk f\u00fcr jeden, der Freude an einem Unikat aus Holz hat oder einen Kapselheber bzw. Bier\u00f6ffner ben\u00f6tigt. Egal ob Geburtstag, Jubil\u00e4um, Vatertag, zu Weihnachten oder jeden anderen Anlass.<\/p>\n<p>Wissenswertes zu L\u00e4rchenholz:<\/p>\n<p>L\u00e4rchenholz gilt als eines der h\u00e4rtesten Nadelh\u00f6lzer und besitzt viele besondere Eigenschaften und Einsatzgebiete. Aufgrund der Haltbarkeit und nat\u00fcrlichen Best\u00e4ndigkeit kann L\u00e4rchenholz sowohl im Innen- als auch Au\u00dfenbereich eingesetzt werden. Es ist best\u00e4ndig gegen\u00fcber F\u00e4ulnis oder Insektenbefall und durch den hohen Harzgehalt witterungsbest\u00e4ndig. Frisch geschnitten wei\u00dft L\u00e4rchenholz eine attraktive Maserung in den verschiedensten warmen Farbt\u00f6nen, wie gelb, r\u00f6tlich bis rotbr\u00e4unlich auf. Im Au\u00dfenbereich vergraut L\u00e4rchenholz allerdings nach einer gewissen Zeit und bildet eine silbergraue Patina.<\/p>\n<p>L\u00e4rchenholz wird unter anderem f\u00fcr Au\u00dfenverkleidungen, Terrassen, Gartenm\u00f6bel, Z\u00e4une, Fenster und T\u00fcren verwendet, findet aber auch f\u00fcr Fu\u00dfb\u00f6den oder M\u00f6bel Verwendung.<\/p>\n<p>Zusammenfassend l\u00e4sst sich sagen, dass L\u00e4rchenholz aufgrund seiner Haltbarkeit, Wetterbest\u00e4ndigkeit, Sch\u00f6nheit und vielseitigen Verwendungsm\u00f6glichkeiten ein beliebtes Holz f\u00fcr den Innen- und Au\u00dfenbereich ist. Es ist eine nachhaltige Wahl, die eine nat\u00fcrliche und rustikale \u00c4sthetik in jedes Projekt bringt.<\/p>\n<p>Als einziger europ\u00e4ischer Nadelbaum wirft die L\u00e4rche ihre goldfarbenen Nadeln im Sp\u00e4therbst ab, um im Fr\u00fchjahr dann wieder neu auszutreiben. L\u00e4rchen k\u00f6nnen bis zu 500 Jahre alt und 50 Meter hoch werden.<\/p>\n","protected":false},"excerpt":{"rendered":"<p>Kinderleicht und stilvoll Bier \u00f6ffnen? Ganz einfach &#8211; mit diesem wundersch\u00f6nen, handgearbeiteten\u00a0Flaschen\u00f6ffner\u00a0aus \u00f6sterreichischem L\u00e4rchenholz. Der ideale Begleiter f\u00fcr jeden Bierliebhaber.\u00a0 Liebevoll von Hand gefertigt &#8211; ein passendes Geschenk f\u00fcr jeden Anlass! Abgerundet wird dieser einzigartige Bier\u00f6ffner durch einen edel verchromten Bausatz &#8211; hochwertig verarbeitet f\u00fcr l\u00e4ngste Lebensdauer und ausgiebige Benutzung. Holzart: \u00d6sterreichisches L\u00e4rchenholz L\u00e4nge ca.: &hellip; <a href=\"https:\/\/www.regionalis.shop\/huizbirn\/shop\/holz-bieroeffner-flaschenoeffner-oeffner-laerche-kapselheber-handarbeit-gravur\/\">Continued<\/a><\/p>\n","protected":false},"featured_media":1709,"template":"","meta":{"_acf_changed":false},"product_brand":[],"product_cat":[127,103],"product_tag":[],"class_list":{"0":"post-1708","1":"product","2":"type-product","3":"status-publish","4":"has-post-thumbnail","6":"product_cat-essen-trinken","7":"product_cat-wohnen-deko","9":"first","10":"instock","11":"purchasable","12":"product-type-simple"},"acf":[],"_links":{"self":[{"href":"https:\/\/www.regionalis.shop\/huizbirn\/wp-json\/wp\/v2\/product\/1708","targetHints":{"allow":["GET"]}}],"collection":[{"href":"https:\/\/www.regionalis.shop\/huizbirn\/wp-json\/wp\/v2\/product"}],"about":[{"href":"https:\/\/www.regionalis.shop\/huizbirn\/wp-json\/wp\/v2\/types\/product"}],"wp:featuredmedia":[{"embeddable":true,"href":"https:\/\/www.regionalis.shop\/huizbirn\/wp-json\/wp\/v2\/media\/1709"}],"wp:attachment":[{"href":"https:\/\/www.regionalis.shop\/huizbirn\/wp-json\/wp\/v2\/media?parent=1708"}],"wp:term":[{"taxonomy":"product_brand","embeddable":true,"href":"https:\/\/www.regionalis.shop\/huizbirn\/wp-json\/wp\/v2\/product_brand?post=1708"},{"taxonomy":"product_cat","embeddable":true,"href":"https:\/\/www.regionalis.shop\/huizbirn\/wp-json\/wp\/v2\/product_cat?post=1708"},{"taxonomy":"product_tag","embeddable":true,"href":"https:\/\/www.regionalis.shop\/huizbirn\/wp-json\/wp\/v2\/product_tag?post=1708"}],"curies":[{"name":"wp","href":"https:\/\/api.w.org\/{rel}","templated":true}]}}