{"id":1728,"date":"2025-04-18T11:19:09","date_gmt":"2025-04-18T09:19:09","guid":{"rendered":"https:\/\/www.regionalis.shop\/huizbirn\/product\/holz-fotohalter-fotostaender-bilderhalter-28x9-apfel-holzdeko-unikat-handarbeit\/"},"modified":"2025-04-18T11:19:09","modified_gmt":"2025-04-18T09:19:09","slug":"holz-fotohalter-fotostaender-bilderhalter-28x9-apfel-holzdeko-unikat-handarbeit","status":"publish","type":"product","link":"https:\/\/www.regionalis.shop\/huizbirn\/shop\/holz-fotohalter-fotostaender-bilderhalter-28x9-apfel-holzdeko-unikat-handarbeit\/","title":{"rendered":"Holz Fotohalter Fotost\u00e4nder Bilderhalter 28&#215;9  Apfel Holzdeko Unikat Handarbeit"},"content":{"rendered":"<p>Einzigartiger\u00a0Fotohalter aus handgefertigtem Apfelholz. Mit einer Gr\u00f6\u00dfe von 28 x 9 cm ist dieser Fotohalter nicht nur funktional, sondern auch ein stilvolles und dekoratives Element f\u00fcr Ihr Zuhause. Das Apfelholz verleiht jedem Fotohalter eine nat\u00fcrliche Sch\u00f6nheit und eine warme, einladende Atmosph\u00e4re. Jeder Fotohalter ist ein Unikat, da das Holz individuelle Farbt\u00f6ne und Maserungen aufweist, die ihn zu einem echten Blickfang machen.<\/p>\n<p>Holzart: Apfelholz<br \/>\nGr\u00f6\u00dfe: ca. 28 x 9 cm<br \/>\nfein geschliffen, lebensmittelecht ge\u00f6lt<br \/>\nDer Fotohalter wurde mit viel Liebe zum Detail von Hand gefertigt. Er bietet Ihnen die M\u00f6glichkeit, Ihre Lieblingsfotos, Postkarten oder Notizen stilvoll zu pr\u00e4sentieren. Egal, ob Sie ihn auf einem Schreibtisch, einem Regal oder einem Sideboard platzieren, er wird garantiert die Blicke auf sich ziehen.<\/p>\n<p>Dank der hochwertigen Verarbeitung ist dieser Fotohalter aus Apfelholz robust und langlebig.\u00a0<\/p>\n<p>Verleihen Sie Ihrem Zuhause eine pers\u00f6nliche Note mit dem Fotohalter aus handgefertigtem Apfelholz. Die einzigartige Kombination aus Naturmaterialien und handwerklicher Meisterschaft macht diesen Fotohalter zu einem au\u00dfergew\u00f6hnlichen Accessoire f\u00fcr Ihre Wohnkultur. Bringen Sie Ihre sch\u00f6nsten Erinnerungen stilvoll zur Geltung und lassen Sie diesen Fotohalter zum Blickfang in Ihrem Zuhause werden.<\/p>\n","protected":false},"excerpt":{"rendered":"<p>Einzigartiger\u00a0Fotohalter aus handgefertigtem Apfelholz. Mit einer Gr\u00f6\u00dfe von 28 x 9 cm ist dieser Fotohalter nicht nur funktional, sondern auch ein stilvolles und dekoratives Element f\u00fcr Ihr Zuhause. Das Apfelholz verleiht jedem Fotohalter eine nat\u00fcrliche Sch\u00f6nheit und eine warme, einladende Atmosph\u00e4re. Jeder Fotohalter ist ein Unikat, da das Holz individuelle Farbt\u00f6ne und Maserungen aufweist, die &hellip; <a href=\"https:\/\/www.regionalis.shop\/huizbirn\/shop\/holz-fotohalter-fotostaender-bilderhalter-28x9-apfel-holzdeko-unikat-handarbeit\/\">Continued<\/a><\/p>\n","protected":false},"featured_media":1729,"template":"","meta":{"_acf_changed":false},"product_brand":[],"product_cat":[174,103],"product_tag":[],"class_list":{"0":"post-1728","1":"product","2":"type-product","3":"status-publish","4":"has-post-thumbnail","6":"product_cat-wohndekoration","7":"product_cat-wohnen-deko","9":"first","10":"instock","11":"purchasable","12":"product-type-simple"},"acf":[],"_links":{"self":[{"href":"https:\/\/www.regionalis.shop\/huizbirn\/wp-json\/wp\/v2\/product\/1728","targetHints":{"allow":["GET"]}}],"collection":[{"href":"https:\/\/www.regionalis.shop\/huizbirn\/wp-json\/wp\/v2\/product"}],"about":[{"href":"https:\/\/www.regionalis.shop\/huizbirn\/wp-json\/wp\/v2\/types\/product"}],"wp:featuredmedia":[{"embeddable":true,"href":"https:\/\/www.regionalis.shop\/huizbirn\/wp-json\/wp\/v2\/media\/1729"}],"wp:attachment":[{"href":"https:\/\/www.regionalis.shop\/huizbirn\/wp-json\/wp\/v2\/media?parent=1728"}],"wp:term":[{"taxonomy":"product_brand","embeddable":true,"href":"https:\/\/www.regionalis.shop\/huizbirn\/wp-json\/wp\/v2\/product_brand?post=1728"},{"taxonomy":"product_cat","embeddable":true,"href":"https:\/\/www.regionalis.shop\/huizbirn\/wp-json\/wp\/v2\/product_cat?post=1728"},{"taxonomy":"product_tag","embeddable":true,"href":"https:\/\/www.regionalis.shop\/huizbirn\/wp-json\/wp\/v2\/product_tag?post=1728"}],"curies":[{"name":"wp","href":"https:\/\/api.w.org\/{rel}","templated":true}]}}