{"id":1733,"date":"2025-04-18T10:55:20","date_gmt":"2025-04-18T08:55:20","guid":{"rendered":"https:\/\/www.regionalis.shop\/huizbirn\/product\/holzvase-vase-20-cm-birkenholz-blumenvase-vase-holzdekoration-geschenk\/"},"modified":"2025-04-18T10:55:20","modified_gmt":"2025-04-18T08:55:20","slug":"holzvase-vase-20-cm-birkenholz-blumenvase-vase-holzdekoration-geschenk","status":"publish","type":"product","link":"https:\/\/www.regionalis.shop\/huizbirn\/shop\/holzvase-vase-20-cm-birkenholz-blumenvase-vase-holzdekoration-geschenk\/","title":{"rendered":"Holzvase Vase 20 cm Birkenholz Blumenvase Vase Holzdekoration Geschenk"},"content":{"rendered":"<p>Holzvase mit Kunststoffglas-Einsatz aus steirischem Birkenholz. Diese wundersch\u00f6ne Vase kann sowohl f\u00fcr Schnittblumen, als auch f\u00fcr Trockenblumen verwendet werden.<\/p>\n<p>H\u00f6he ca.: 20 cm<br \/>\nOberfl\u00e4che: fein geschliffen, lebensmittelecht ge\u00f6lt<br \/>\ninkl. Glaseinsatz aus Kunststoff<br \/>\nDieses tolle Unikat wurde handgefertigt und lebensmittelecht ge\u00f6lt. Eine sch\u00f6ne Holzdekoration f\u00fcr Ihr Eigenheim oder eine nette Geschenksidee.<\/p>\n<p>Das steirische Birkenholz wurde sorgf\u00e4ltig ausgew\u00e4hlt und von Hand zu einer wundersch\u00f6nen Vase verarbeitet. Jedes St\u00fcck ist ein Unikat und bringt die individuelle Maserung und Farbnuancen des Holzes zur Geltung.<\/p>\n<p>Die Oberfl\u00e4che der Vase ist fein geschliffen und anschlie\u00dfend lebensmittelecht ge\u00f6lt, um das Holz zu sch\u00fctzen und seine nat\u00fcrliche Sch\u00f6nheit hervorzuheben. Der Kunststoffglas-Einsatz bietet eine praktische L\u00f6sung, um Wasser f\u00fcr frische Schnittblumen aufzunehmen und das Holz vor Feuchtigkeit zu sch\u00fctzen.<\/p>\n<p>Diese Holzvase ist nicht nur eine beeindruckende Dekoration f\u00fcr Ihr Eigenheim, sondern auch eine wunderbare Geschenksidee. Ob als Geburtstagsgeschenk, Hochzeitsgeschenk oder einfach nur als kleine Aufmerksamkeit &#8211; sie wird sicherlich Begeisterung hervorrufen.<\/p>\n<p>Bringen Sie die Natur in Ihr Zuhause mit dieser Holzvase mit Kunststoffglas-Einsatz. Sie vereint Handwerkskunst, Funktionalit\u00e4t und \u00e4sthetischen Genuss auf harmonische Weise. Lassen Sie sich von der nat\u00fcrlichen Sch\u00f6nheit des steirischen Birkenholzes verzaubern.<\/p>\n","protected":false},"excerpt":{"rendered":"<p>Holzvase mit Kunststoffglas-Einsatz aus steirischem Birkenholz. Diese wundersch\u00f6ne Vase kann sowohl f\u00fcr Schnittblumen, als auch f\u00fcr Trockenblumen verwendet werden. H\u00f6he ca.: 20 cm Oberfl\u00e4che: fein geschliffen, lebensmittelecht ge\u00f6lt inkl. Glaseinsatz aus Kunststoff Dieses tolle Unikat wurde handgefertigt und lebensmittelecht ge\u00f6lt. Eine sch\u00f6ne Holzdekoration f\u00fcr Ihr Eigenheim oder eine nette Geschenksidee. Das steirische Birkenholz wurde sorgf\u00e4ltig &hellip; <a href=\"https:\/\/www.regionalis.shop\/huizbirn\/shop\/holzvase-vase-20-cm-birkenholz-blumenvase-vase-holzdekoration-geschenk\/\">Continued<\/a><\/p>\n","protected":false},"featured_media":1734,"template":"","meta":{"_acf_changed":false},"product_brand":[],"product_cat":[174,103],"product_tag":[],"class_list":{"0":"post-1733","1":"product","2":"type-product","3":"status-publish","4":"has-post-thumbnail","6":"product_cat-wohndekoration","7":"product_cat-wohnen-deko","9":"first","10":"instock","11":"purchasable","12":"product-type-simple"},"acf":[],"_links":{"self":[{"href":"https:\/\/www.regionalis.shop\/huizbirn\/wp-json\/wp\/v2\/product\/1733","targetHints":{"allow":["GET"]}}],"collection":[{"href":"https:\/\/www.regionalis.shop\/huizbirn\/wp-json\/wp\/v2\/product"}],"about":[{"href":"https:\/\/www.regionalis.shop\/huizbirn\/wp-json\/wp\/v2\/types\/product"}],"wp:featuredmedia":[{"embeddable":true,"href":"https:\/\/www.regionalis.shop\/huizbirn\/wp-json\/wp\/v2\/media\/1734"}],"wp:attachment":[{"href":"https:\/\/www.regionalis.shop\/huizbirn\/wp-json\/wp\/v2\/media?parent=1733"}],"wp:term":[{"taxonomy":"product_brand","embeddable":true,"href":"https:\/\/www.regionalis.shop\/huizbirn\/wp-json\/wp\/v2\/product_brand?post=1733"},{"taxonomy":"product_cat","embeddable":true,"href":"https:\/\/www.regionalis.shop\/huizbirn\/wp-json\/wp\/v2\/product_cat?post=1733"},{"taxonomy":"product_tag","embeddable":true,"href":"https:\/\/www.regionalis.shop\/huizbirn\/wp-json\/wp\/v2\/product_tag?post=1733"}],"curies":[{"name":"wp","href":"https:\/\/api.w.org\/{rel}","templated":true}]}}