{"id":1743,"date":"2025-04-18T10:41:24","date_gmt":"2025-04-18T08:41:24","guid":{"rendered":"https:\/\/www.regionalis.shop\/huizbirn\/product\/lederguertel-mit-holz-guertelschnalle-ahorn-schwarz-bueffelleder-holzguertel\/"},"modified":"2025-04-18T10:41:24","modified_gmt":"2025-04-18T08:41:24","slug":"lederguertel-mit-holz-guertelschnalle-ahorn-schwarz-bueffelleder-holzguertel","status":"publish","type":"product","link":"https:\/\/www.regionalis.shop\/huizbirn\/shop\/lederguertel-mit-holz-guertelschnalle-ahorn-schwarz-bueffelleder-holzguertel\/","title":{"rendered":"Lederg\u00fcrtel mit Holz G\u00fcrtelschnalle Ahorn schwarz B\u00fcffelleder Holzg\u00fcrtel"},"content":{"rendered":"<p>Wundersch\u00f6ner Herren G\u00fcrtel aus B\u00fcffelleder mit einer G\u00fcrtelschnalle aus handbearbeitetem Ahorn-Holz.<\/p>\n<p>&#8211; G\u00fcrtel: hochwertiges, weiches B\u00fcffelleder in schwarz, used Optik<br \/>\n&#8211; Breite: 38 mm<br \/>\n&#8211; L\u00e4nge G\u00fcrtel: ~ 130 cm, kann beliebig gek\u00fcrzt werden!<br \/>\n&#8211; Ma\u00dfe G\u00fcrtelschnalle: ca. 9 x 5 cm<br \/>\n&#8211; Holzart G\u00fcrtelschnalle: Ahorn<br \/>\n&#8211; handbearbeitet, mehrmals lebensmittelecht ge\u00f6lt<\/p>\n<p>Besonders praktisch:<br \/>\n&#8211; Keine l\u00e4stige G\u00fcrtelschlaufe an der Vorderseite der Hose &#8211; das G\u00fcrtelende wird einfach hinter der Schnalle und dem G\u00fcrtel vorbeigef\u00fchrt.<br \/>\n&#8211; G\u00fcrtel kann beliebig getauscht werden. Dazu einfach die L\u00f6cher neu stanzen<\/p>\n","protected":false},"excerpt":{"rendered":"<p>Wundersch\u00f6ner Herren G\u00fcrtel aus B\u00fcffelleder mit einer G\u00fcrtelschnalle aus handbearbeitetem Ahorn-Holz. &#8211; G\u00fcrtel: hochwertiges, weiches B\u00fcffelleder in schwarz, used Optik &#8211; Breite: 38 mm &#8211; L\u00e4nge G\u00fcrtel: ~ 130 cm, kann beliebig gek\u00fcrzt werden! &#8211; Ma\u00dfe G\u00fcrtelschnalle: ca. 9 x 5 cm &#8211; Holzart G\u00fcrtelschnalle: Ahorn &#8211; handbearbeitet, mehrmals lebensmittelecht ge\u00f6lt Besonders praktisch: &#8211; Keine &hellip; <a href=\"https:\/\/www.regionalis.shop\/huizbirn\/shop\/lederguertel-mit-holz-guertelschnalle-ahorn-schwarz-bueffelleder-holzguertel\/\">Continued<\/a><\/p>\n","protected":false},"featured_media":1744,"template":"","meta":{"_acf_changed":false},"product_brand":[],"product_cat":[37,42],"product_tag":[],"class_list":{"0":"post-1743","1":"product","2":"type-product","3":"status-publish","4":"has-post-thumbnail","6":"product_cat-accessoires","7":"product_cat-guertel-hosentraeger","9":"first","10":"instock","11":"purchasable","12":"product-type-simple"},"acf":[],"_links":{"self":[{"href":"https:\/\/www.regionalis.shop\/huizbirn\/wp-json\/wp\/v2\/product\/1743","targetHints":{"allow":["GET"]}}],"collection":[{"href":"https:\/\/www.regionalis.shop\/huizbirn\/wp-json\/wp\/v2\/product"}],"about":[{"href":"https:\/\/www.regionalis.shop\/huizbirn\/wp-json\/wp\/v2\/types\/product"}],"wp:featuredmedia":[{"embeddable":true,"href":"https:\/\/www.regionalis.shop\/huizbirn\/wp-json\/wp\/v2\/media\/1744"}],"wp:attachment":[{"href":"https:\/\/www.regionalis.shop\/huizbirn\/wp-json\/wp\/v2\/media?parent=1743"}],"wp:term":[{"taxonomy":"product_brand","embeddable":true,"href":"https:\/\/www.regionalis.shop\/huizbirn\/wp-json\/wp\/v2\/product_brand?post=1743"},{"taxonomy":"product_cat","embeddable":true,"href":"https:\/\/www.regionalis.shop\/huizbirn\/wp-json\/wp\/v2\/product_cat?post=1743"},{"taxonomy":"product_tag","embeddable":true,"href":"https:\/\/www.regionalis.shop\/huizbirn\/wp-json\/wp\/v2\/product_tag?post=1743"}],"curies":[{"name":"wp","href":"https:\/\/api.w.org\/{rel}","templated":true}]}}