{"id":1758,"date":"2025-04-18T10:23:31","date_gmt":"2025-04-18T08:23:31","guid":{"rendered":"https:\/\/www.regionalis.shop\/huizbirn\/product\/holz-pizzaschneider-massiv-aus-eiche-handarbeit-unikat\/"},"modified":"2025-04-18T10:23:31","modified_gmt":"2025-04-18T08:23:31","slug":"holz-pizzaschneider-massiv-aus-eiche-handarbeit-unikat","status":"publish","type":"product","link":"https:\/\/www.regionalis.shop\/huizbirn\/shop\/holz-pizzaschneider-massiv-aus-eiche-handarbeit-unikat\/","title":{"rendered":"Holz Pizzaschneider massiv aus Eiche Handarbeit Unikat"},"content":{"rendered":"<p>Massive &#8211;Pizzaschneider&#8211; mit Edelstahlklinge und Holzgriff aus Eiche. <\/p>\n<p>Dieses perfekte Werkzeug ist ideal, um Ihre Pizza problemlos in St\u00fccke zu schneiden.<\/p>\n<p>Jeder Pizzaschneider ist &#8211;liebevoll handgefertigt&#8211; und kommt direkt aus der Werkstatt in der Oststeiermark. Verwendet werden ausschlie\u00dflich H\u00f6lzer aus der Region &#8211; also beste Nachhaltigkeit!<\/p>\n<p>Der Griff des Pizzaschneiders ist aus &#8211;Eichen-Holz&#8211; gefertigt. Das sorgt nicht nur f\u00fcr eine sch\u00f6ne Optik, sondern auch f\u00fcr eine angenehme Haptik. <\/p>\n<p>Die gesch\u00e4rfte Klinge ist aus &#8211;rostfreiem Edelstahl&#8211; hergestellt und l\u00e4sst sich problemlos durch den Teig schneiden, ohne die Bel\u00e4ge zu zerdr\u00fccken.<\/p>\n<p>Holzart: Eiche<br \/>\nOberfl\u00e4che: fein geschliffen, ge\u00f6lt, lebensmittelecht versiegelt<br \/>\nKlinge: aus Edelstahl<br \/>\nL\u00e4nge: ca. 23 cm, Durchmesser Schneider ca. 10,5 cm<\/p>\n<p>Da ich besonderen Wert auf Nachhaltigkeit lege, verwende ich f\u00fcr meine Pizzaschneider nur H\u00f6lzer aus der Region, die umweltfreundlich und ressourcenschonend gewonnen werden &#8211; hier wird kein Baum extra f\u00fcr meine Produkte gef\u00e4llt! <\/p>\n<p>Meine Produkte sind nicht nur &#8211;handgefertigte Unikate&#8211;, die nicht nur funktional, sondern auch umweltfreundlich sind.<\/p>\n<p>Ideal auch als Geschenk f\u00fcr Geburtstag, Weihnachten, Hochzeitstag und viele andere Gelegenheiten geeignet.<\/p>\n","protected":false},"excerpt":{"rendered":"<p>Massive &#8211;Pizzaschneider&#8211; mit Edelstahlklinge und Holzgriff aus Eiche. Dieses perfekte Werkzeug ist ideal, um Ihre Pizza problemlos in St\u00fccke zu schneiden. Jeder Pizzaschneider ist &#8211;liebevoll handgefertigt&#8211; und kommt direkt aus der Werkstatt in der Oststeiermark. Verwendet werden ausschlie\u00dflich H\u00f6lzer aus der Region &#8211; also beste Nachhaltigkeit! Der Griff des Pizzaschneiders ist aus &#8211;Eichen-Holz&#8211; gefertigt. Das &hellip; <a href=\"https:\/\/www.regionalis.shop\/huizbirn\/shop\/holz-pizzaschneider-massiv-aus-eiche-handarbeit-unikat\/\">Continued<\/a><\/p>\n","protected":false},"featured_media":1759,"template":"","meta":{"_acf_changed":false},"product_brand":[],"product_cat":[127,103],"product_tag":[],"class_list":{"0":"post-1758","1":"product","2":"type-product","3":"status-publish","4":"has-post-thumbnail","6":"product_cat-essen-trinken","7":"product_cat-wohnen-deko","9":"first","10":"instock","11":"purchasable","12":"product-type-simple"},"acf":[],"_links":{"self":[{"href":"https:\/\/www.regionalis.shop\/huizbirn\/wp-json\/wp\/v2\/product\/1758","targetHints":{"allow":["GET"]}}],"collection":[{"href":"https:\/\/www.regionalis.shop\/huizbirn\/wp-json\/wp\/v2\/product"}],"about":[{"href":"https:\/\/www.regionalis.shop\/huizbirn\/wp-json\/wp\/v2\/types\/product"}],"wp:featuredmedia":[{"embeddable":true,"href":"https:\/\/www.regionalis.shop\/huizbirn\/wp-json\/wp\/v2\/media\/1759"}],"wp:attachment":[{"href":"https:\/\/www.regionalis.shop\/huizbirn\/wp-json\/wp\/v2\/media?parent=1758"}],"wp:term":[{"taxonomy":"product_brand","embeddable":true,"href":"https:\/\/www.regionalis.shop\/huizbirn\/wp-json\/wp\/v2\/product_brand?post=1758"},{"taxonomy":"product_cat","embeddable":true,"href":"https:\/\/www.regionalis.shop\/huizbirn\/wp-json\/wp\/v2\/product_cat?post=1758"},{"taxonomy":"product_tag","embeddable":true,"href":"https:\/\/www.regionalis.shop\/huizbirn\/wp-json\/wp\/v2\/product_tag?post=1758"}],"curies":[{"name":"wp","href":"https:\/\/api.w.org\/{rel}","templated":true}]}}