{"id":1768,"date":"2025-04-18T09:51:00","date_gmt":"2025-04-18T07:51:00","guid":{"rendered":"https:\/\/www.regionalis.shop\/huizbirn\/product\/holz-ohrringe-trachtenschmuck-ohranhaenger-ohrstecker-zwetschke-1-5-cm-handmade\/"},"modified":"2025-04-18T09:51:00","modified_gmt":"2025-04-18T07:51:00","slug":"holz-ohrringe-trachtenschmuck-ohranhaenger-ohrstecker-zwetschke-1-5-cm-handmade","status":"publish","type":"product","link":"https:\/\/www.regionalis.shop\/huizbirn\/shop\/holz-ohrringe-trachtenschmuck-ohranhaenger-ohrstecker-zwetschke-1-5-cm-handmade\/","title":{"rendered":"Holz Ohrringe Trachtenschmuck Ohranh\u00e4nger Ohrstecker Zwetschke 1.5 cm handmade"},"content":{"rendered":"<p>Ein wundersch\u00f6nes paar Ohrstecker aus &#8211;\u00f6sterreichischem Zwetschken Holz&#8211; in Edelstahlfassung. Wenn Sie 2 wunderbare Unikate an Ihren Ohren<br \/>\ntragen m\u00f6chten, dann sind Sie genau richtig.<\/p>\n<p>Liebevolle &#8211;Handarbeit&#8211; mit H\u00f6lzern aus dem steirischen Wechselland.<\/p>\n<p>&#8211;Gr\u00f6\u00dfe: Durchmesser 1,5 cm&#8211;<br \/>\n&#8211;Holzart: Zwetschke&#8211;<br \/>\nIn Edelstahlfassung<\/p>\n<p>Schenken Sie sich selbst oder Ihren liebsten ein Unikat aus Holz. Egal ob zu Geburtstag, Namenstag, Ostern, Weihnachten, Hochzeit, Valentinstag, Verlobung oder anderen Anl\u00e4ssen.<\/p>\n","protected":false},"excerpt":{"rendered":"<p>Ein wundersch\u00f6nes paar Ohrstecker aus &#8211;\u00f6sterreichischem Zwetschken Holz&#8211; in Edelstahlfassung. Wenn Sie 2 wunderbare Unikate an Ihren Ohren tragen m\u00f6chten, dann sind Sie genau richtig. Liebevolle &#8211;Handarbeit&#8211; mit H\u00f6lzern aus dem steirischen Wechselland. &#8211;Gr\u00f6\u00dfe: Durchmesser 1,5 cm&#8211; &#8211;Holzart: Zwetschke&#8211; In Edelstahlfassung Schenken Sie sich selbst oder Ihren liebsten ein Unikat aus Holz. Egal ob zu &hellip; <a href=\"https:\/\/www.regionalis.shop\/huizbirn\/shop\/holz-ohrringe-trachtenschmuck-ohranhaenger-ohrstecker-zwetschke-1-5-cm-handmade\/\">Continued<\/a><\/p>\n","protected":false},"featured_media":1769,"template":"","meta":{"_acf_changed":false},"product_brand":[],"product_cat":[163,70],"product_tag":[],"class_list":{"0":"post-1768","1":"product","2":"type-product","3":"status-publish","4":"has-post-thumbnail","6":"product_cat-ohrringe","7":"product_cat-schmuck","9":"first","10":"instock","11":"purchasable","12":"product-type-simple"},"acf":[],"_links":{"self":[{"href":"https:\/\/www.regionalis.shop\/huizbirn\/wp-json\/wp\/v2\/product\/1768","targetHints":{"allow":["GET"]}}],"collection":[{"href":"https:\/\/www.regionalis.shop\/huizbirn\/wp-json\/wp\/v2\/product"}],"about":[{"href":"https:\/\/www.regionalis.shop\/huizbirn\/wp-json\/wp\/v2\/types\/product"}],"wp:featuredmedia":[{"embeddable":true,"href":"https:\/\/www.regionalis.shop\/huizbirn\/wp-json\/wp\/v2\/media\/1769"}],"wp:attachment":[{"href":"https:\/\/www.regionalis.shop\/huizbirn\/wp-json\/wp\/v2\/media?parent=1768"}],"wp:term":[{"taxonomy":"product_brand","embeddable":true,"href":"https:\/\/www.regionalis.shop\/huizbirn\/wp-json\/wp\/v2\/product_brand?post=1768"},{"taxonomy":"product_cat","embeddable":true,"href":"https:\/\/www.regionalis.shop\/huizbirn\/wp-json\/wp\/v2\/product_cat?post=1768"},{"taxonomy":"product_tag","embeddable":true,"href":"https:\/\/www.regionalis.shop\/huizbirn\/wp-json\/wp\/v2\/product_tag?post=1768"}],"curies":[{"name":"wp","href":"https:\/\/api.w.org\/{rel}","templated":true}]}}