{"id":1790,"date":"2025-04-18T09:43:43","date_gmt":"2025-04-18T07:43:43","guid":{"rendered":"https:\/\/www.regionalis.shop\/huizbirn\/product\/holz-kugelschreiber-drehkugelschreiber-goldregen-jaeger-gewehr-handmade-geschenk\/"},"modified":"2025-04-18T09:43:43","modified_gmt":"2025-04-18T07:43:43","slug":"holz-kugelschreiber-drehkugelschreiber-goldregen-jaeger-gewehr-handmade-geschenk","status":"publish","type":"product","link":"https:\/\/www.regionalis.shop\/huizbirn\/shop\/holz-kugelschreiber-drehkugelschreiber-goldregen-jaeger-gewehr-handmade-geschenk\/","title":{"rendered":"Holz Kugelschreiber Drehkugelschreiber Goldregen J\u00e4ger Gewehr handmade Geschenk"},"content":{"rendered":"<p>Einzigartiges Schreibger\u00e4t aus Holz gesucht?<\/p>\n<p>Entdecken Sie den perfekten &#8211;Kugelschreiber&#8211; f\u00fcr alle, die Wert auf Qualit\u00e4t und Nachhaltigkeit legen! Dieser handgefertigter Drehkugelschreiber aus Goldregen-Holz ist ein einzigartiger Schreibger\u00e4t, das jeden begeistert.<\/p>\n<p>Dank seiner &#8211;erstklassigen Verarbeitung aus nat\u00fcrlichem Goldregen&#8211; f\u00fchlt sich der Stift angenehm in der Hand an und verleiht Ihren Notizen und Ideen eine besondere Note. <\/p>\n<p>Aufgrund der Optik des Bausatzes, bestehend aus Patrone und Gewehr-Clip, ein must-have f\u00fcr jeden leidenschaftlichen J\u00e4ger.<\/p>\n<p>Ob im B\u00fcro oder unterwegs, der Kugelschreiber ist der ideale Begleiter f\u00fcr alle, die Wert auf eine &#8211;nachhaltige Alternative&#8211; zu herk\u00f6mmlichen Schreibger\u00e4ten legen. <\/p>\n<p>Der Kugelschreiber wurde von Hand aus \u00f6sterreichischem Goldregen Holz gefertigt.<\/p>\n<p>Ein absolutes Unikat und mit traumhafter Maserung! <\/p>\n<p>&#8211; hochwertiger Bausatz mit &#8211;kinderleichter Dreh-Mechanik&#8211;<br \/>\n&#8211; &#8211;wechselbare Mine&#8211;<br \/>\n&#8211; Schriftfarbe schwarz<br \/>\n&#8211; L\u00e4nge ca. 13.5 cm, Bausatz Farbe chrom\/ros\u00e9gold<br \/>\n&#8211; Lieferung erfolgt im handgefertigtem Stoff-T\u00e4schchen<\/p>\n<p>Die Oberfl\u00e4che des Holzes wurde fein geschliffen, ge\u00f6lt &#038; versiegelt sowie poliert. Dadurch ist &#8211;dauerhafter Schutz&#8211; gew\u00e4hrleistet.<\/p>\n<p>Jedes Schreibger\u00e4t ist ein absolutes Unikat und ein ideales Geschenk.<\/p>\n<p>Eine tolle Geschenksidee zum Geburtstag, Weihnachten oder anderen Anlass.<\/p>\n","protected":false},"excerpt":{"rendered":"<p>Einzigartiges Schreibger\u00e4t aus Holz gesucht? Entdecken Sie den perfekten &#8211;Kugelschreiber&#8211; f\u00fcr alle, die Wert auf Qualit\u00e4t und Nachhaltigkeit legen! Dieser handgefertigter Drehkugelschreiber aus Goldregen-Holz ist ein einzigartiger Schreibger\u00e4t, das jeden begeistert. Dank seiner &#8211;erstklassigen Verarbeitung aus nat\u00fcrlichem Goldregen&#8211; f\u00fchlt sich der Stift angenehm in der Hand an und verleiht Ihren Notizen und Ideen eine besondere &hellip; <a href=\"https:\/\/www.regionalis.shop\/huizbirn\/shop\/holz-kugelschreiber-drehkugelschreiber-goldregen-jaeger-gewehr-handmade-geschenk\/\">Continued<\/a><\/p>\n","protected":false},"featured_media":1791,"template":"","meta":{"_acf_changed":false},"product_brand":[],"product_cat":[62,72],"product_tag":[],"class_list":{"0":"post-1790","1":"product","2":"type-product","3":"status-publish","4":"has-post-thumbnail","6":"product_cat-papeterie-schreibwaren","7":"product_cat-schreibwaren","9":"first","10":"instock","11":"purchasable","12":"product-type-simple"},"acf":[],"_links":{"self":[{"href":"https:\/\/www.regionalis.shop\/huizbirn\/wp-json\/wp\/v2\/product\/1790","targetHints":{"allow":["GET"]}}],"collection":[{"href":"https:\/\/www.regionalis.shop\/huizbirn\/wp-json\/wp\/v2\/product"}],"about":[{"href":"https:\/\/www.regionalis.shop\/huizbirn\/wp-json\/wp\/v2\/types\/product"}],"wp:featuredmedia":[{"embeddable":true,"href":"https:\/\/www.regionalis.shop\/huizbirn\/wp-json\/wp\/v2\/media\/1791"}],"wp:attachment":[{"href":"https:\/\/www.regionalis.shop\/huizbirn\/wp-json\/wp\/v2\/media?parent=1790"}],"wp:term":[{"taxonomy":"product_brand","embeddable":true,"href":"https:\/\/www.regionalis.shop\/huizbirn\/wp-json\/wp\/v2\/product_brand?post=1790"},{"taxonomy":"product_cat","embeddable":true,"href":"https:\/\/www.regionalis.shop\/huizbirn\/wp-json\/wp\/v2\/product_cat?post=1790"},{"taxonomy":"product_tag","embeddable":true,"href":"https:\/\/www.regionalis.shop\/huizbirn\/wp-json\/wp\/v2\/product_tag?post=1790"}],"curies":[{"name":"wp","href":"https:\/\/api.w.org\/{rel}","templated":true}]}}