{"id":1794,"date":"2025-04-18T09:42:04","date_gmt":"2025-04-18T07:42:04","guid":{"rendered":"https:\/\/www.regionalis.shop\/huizbirn\/product\/holz-flachmann-schnapsflache-rund-30-ml-kirsche-geschenk-geschenkidee-handmade\/"},"modified":"2025-04-18T09:42:04","modified_gmt":"2025-04-18T07:42:04","slug":"holz-flachmann-schnapsflache-rund-30-ml-kirsche-geschenk-geschenkidee-handmade","status":"publish","type":"product","link":"https:\/\/www.regionalis.shop\/huizbirn\/shop\/holz-flachmann-schnapsflache-rund-30-ml-kirsche-geschenk-geschenkidee-handmade\/","title":{"rendered":"Holz Flachmann Schnapsflache rund 30 ml Kirsche Geschenk Geschenkidee handmade"},"content":{"rendered":"<p>Suchen Sie ein besonders stilvolles Geschenk? Dann ist dieser Holzflachmann aus \u00f6sterreichischem Kirschholz genau das Richtige.<\/p>\n<p>Ein idealer Begleiter f\u00fcr unterwegs um Eindruck zu schinden.<\/p>\n<p>Handgefertigt aus \u00f6sterreichischem Kirschholz und dem Innenleben aus Edelstahl bietet dieser Flachmann ein Fassungsverm\u00f6gen von 30 ml. Verschlie\u00dfbar mit einem praktischen Schraubverschluss, passt er bequem in jede Tasche.<\/p>\n<p>Genau das richtige Geschenk, um Ihren Lieblingsschnaps, -whiskey oder andere Spirituosen f\u00fcr unterwegs aufzubewahren.<\/p>\n<p>Die Oberfl\u00e4che wurde fein geschliffen und mehrmals lebensmittelecht versiegelt. So bleibt Ihnen die sch\u00f6ne Optik Ihres neuen Schnapsfl\u00e4schchens lange erhalten.<\/p>\n<p>&#8211;Holzart: \u00d6sterreichische Kirsche&#8211;<br \/>\n&#8211;H\u00f6he: ~ 11 cm&#8211;<br \/>\n&#8211;Oberfl\u00e4che: fein geschliffen und lebensmittelecht versiegelt&#8211;<\/p>\n<p>&#8211;Ein absolutes Unikat&#8211;, von Hand gefertigt. Ideal als Geschenk f\u00fcr sich selbst oder als Geschenkidee f\u00fcr Geburtstag, Muttertag, Vatertag, Weihnachten oder sonstigem Anlass.<\/p>\n<p>Allgemeiner Hinweis: Holz ist ein Naturprodukt und nicht f\u00fcr den Geschirrsp\u00fcler geeignet &#8211; da es sich um ein Naturprodukt handelt, kann es zu leichter Rissbildung, Verformung oder Verf\u00e4rbung kommen.<\/p>\n","protected":false},"excerpt":{"rendered":"<p>Suchen Sie ein besonders stilvolles Geschenk? Dann ist dieser Holzflachmann aus \u00f6sterreichischem Kirschholz genau das Richtige. Ein idealer Begleiter f\u00fcr unterwegs um Eindruck zu schinden. Handgefertigt aus \u00f6sterreichischem Kirschholz und dem Innenleben aus Edelstahl bietet dieser Flachmann ein Fassungsverm\u00f6gen von 30 ml. Verschlie\u00dfbar mit einem praktischen Schraubverschluss, passt er bequem in jede Tasche. Genau das &hellip; <a href=\"https:\/\/www.regionalis.shop\/huizbirn\/shop\/holz-flachmann-schnapsflache-rund-30-ml-kirsche-geschenk-geschenkidee-handmade\/\">Continued<\/a><\/p>\n","protected":false},"featured_media":1795,"template":"","meta":{"_acf_changed":false},"product_brand":[],"product_cat":[127,103],"product_tag":[],"class_list":{"0":"post-1794","1":"product","2":"type-product","3":"status-publish","4":"has-post-thumbnail","6":"product_cat-essen-trinken","7":"product_cat-wohnen-deko","9":"first","10":"instock","11":"purchasable","12":"product-type-simple"},"acf":[],"_links":{"self":[{"href":"https:\/\/www.regionalis.shop\/huizbirn\/wp-json\/wp\/v2\/product\/1794","targetHints":{"allow":["GET"]}}],"collection":[{"href":"https:\/\/www.regionalis.shop\/huizbirn\/wp-json\/wp\/v2\/product"}],"about":[{"href":"https:\/\/www.regionalis.shop\/huizbirn\/wp-json\/wp\/v2\/types\/product"}],"wp:featuredmedia":[{"embeddable":true,"href":"https:\/\/www.regionalis.shop\/huizbirn\/wp-json\/wp\/v2\/media\/1795"}],"wp:attachment":[{"href":"https:\/\/www.regionalis.shop\/huizbirn\/wp-json\/wp\/v2\/media?parent=1794"}],"wp:term":[{"taxonomy":"product_brand","embeddable":true,"href":"https:\/\/www.regionalis.shop\/huizbirn\/wp-json\/wp\/v2\/product_brand?post=1794"},{"taxonomy":"product_cat","embeddable":true,"href":"https:\/\/www.regionalis.shop\/huizbirn\/wp-json\/wp\/v2\/product_cat?post=1794"},{"taxonomy":"product_tag","embeddable":true,"href":"https:\/\/www.regionalis.shop\/huizbirn\/wp-json\/wp\/v2\/product_tag?post=1794"}],"curies":[{"name":"wp","href":"https:\/\/api.w.org\/{rel}","templated":true}]}}