{"id":1803,"date":"2025-04-18T08:29:41","date_gmt":"2025-04-18T06:29:41","guid":{"rendered":"https:\/\/www.regionalis.shop\/huizbirn\/product\/holz-gluecksbringer-5er-set-silvester-45-cm-unikat-5-stueck-geschenk\/"},"modified":"2025-04-18T08:29:41","modified_gmt":"2025-04-18T06:29:41","slug":"holz-gluecksbringer-5er-set-silvester-45-cm-unikat-5-stueck-geschenk","status":"publish","type":"product","link":"https:\/\/www.regionalis.shop\/huizbirn\/shop\/holz-gluecksbringer-5er-set-silvester-45-cm-unikat-5-stueck-geschenk\/","title":{"rendered":"Holz Gl\u00fccksbringer 5er-Set Silvester 4,5 cm Unikat 5 St\u00fcck Geschenk"},"content":{"rendered":"<p>5er-Set Holz Gl\u00fccksbringer f\u00fcr Silvester und Jahreswechsel. Schenken Sie Ihren Lieben einen von Hand und liebevoll gefertigten Gl\u00fccksbringer, den man auch als Holzdeko verwenden kann.<\/p>\n<p>Nat\u00fcrlich wurde nur Holz aus \u00d6sterreich verwendet und die Gravur wurde von Hand gebrannt.<\/p>\n<p>Anzahl: 5 St\u00fcck<br \/>\nDurchmesser ca. zwischen 3 und 4,5 cm, je nach Baumscheibe.<\/p>\n<p>Auswahl der Motive erfolgt sortiert \/ zuf\u00e4llig, k\u00f6nnen Sie aber gerne auch nach der Bestellung \u00fcbermitteln.<\/p>\n<p>Schenken Sie ein einzigartiges Unikat und zaubern Sie dem Beschenkten ein L\u00e4cheln ins Gesicht.<\/p>\n","protected":false},"excerpt":{"rendered":"<p>5er-Set Holz Gl\u00fccksbringer f\u00fcr Silvester und Jahreswechsel. Schenken Sie Ihren Lieben einen von Hand und liebevoll gefertigten Gl\u00fccksbringer, den man auch als Holzdeko verwenden kann. Nat\u00fcrlich wurde nur Holz aus \u00d6sterreich verwendet und die Gravur wurde von Hand gebrannt. Anzahl: 5 St\u00fcck Durchmesser ca. zwischen 3 und 4,5 cm, je nach Baumscheibe. Auswahl der Motive &hellip; <a href=\"https:\/\/www.regionalis.shop\/huizbirn\/shop\/holz-gluecksbringer-5er-set-silvester-45-cm-unikat-5-stueck-geschenk\/\">Continued<\/a><\/p>\n","protected":false},"featured_media":1804,"template":"","meta":{"_acf_changed":false},"product_brand":[],"product_cat":[134,62],"product_tag":[],"class_list":{"0":"post-1803","1":"product","2":"type-product","3":"status-publish","4":"has-post-thumbnail","6":"product_cat-geschenk-gruskarten","7":"product_cat-papeterie-schreibwaren","9":"first","10":"instock","11":"purchasable","12":"product-type-simple"},"acf":[],"_links":{"self":[{"href":"https:\/\/www.regionalis.shop\/huizbirn\/wp-json\/wp\/v2\/product\/1803","targetHints":{"allow":["GET"]}}],"collection":[{"href":"https:\/\/www.regionalis.shop\/huizbirn\/wp-json\/wp\/v2\/product"}],"about":[{"href":"https:\/\/www.regionalis.shop\/huizbirn\/wp-json\/wp\/v2\/types\/product"}],"wp:featuredmedia":[{"embeddable":true,"href":"https:\/\/www.regionalis.shop\/huizbirn\/wp-json\/wp\/v2\/media\/1804"}],"wp:attachment":[{"href":"https:\/\/www.regionalis.shop\/huizbirn\/wp-json\/wp\/v2\/media?parent=1803"}],"wp:term":[{"taxonomy":"product_brand","embeddable":true,"href":"https:\/\/www.regionalis.shop\/huizbirn\/wp-json\/wp\/v2\/product_brand?post=1803"},{"taxonomy":"product_cat","embeddable":true,"href":"https:\/\/www.regionalis.shop\/huizbirn\/wp-json\/wp\/v2\/product_cat?post=1803"},{"taxonomy":"product_tag","embeddable":true,"href":"https:\/\/www.regionalis.shop\/huizbirn\/wp-json\/wp\/v2\/product_tag?post=1803"}],"curies":[{"name":"wp","href":"https:\/\/api.w.org\/{rel}","templated":true}]}}