{"id":1811,"date":"2025-04-18T08:29:03","date_gmt":"2025-04-18T06:29:03","guid":{"rendered":"https:\/\/www.regionalis.shop\/huizbirn\/product\/holzbild-minibild-16x13cm-holz-deko-wanddeko-ruhe-wandbild-holzdeko-handmade\/"},"modified":"2025-04-18T08:29:03","modified_gmt":"2025-04-18T06:29:03","slug":"holzbild-minibild-16x13cm-holz-deko-wanddeko-ruhe-wandbild-holzdeko-handmade","status":"publish","type":"product","link":"https:\/\/www.regionalis.shop\/huizbirn\/shop\/holzbild-minibild-16x13cm-holz-deko-wanddeko-ruhe-wandbild-holzdeko-handmade\/","title":{"rendered":"Holzbild Minibild 16x13cm Holz Deko Wanddeko &#8222;Ruhe&#8220; Wandbild Holzdeko handmade"},"content":{"rendered":"<p>Handgefertigtes Holz Wandbild mit Motiv\u00a0aus \u00f6sterreichischem Holz.\u00a0<\/p>\n<p>Das Holzbild ist aus kleinen, unbehandelten Baumscheiben in verschiedenen Gr\u00f6\u00dfen gefertigt und l\u00e4sst sich problemlos an die Wand h\u00e4ngen.<br \/>\nPasst in Ihr Eigenheim, eignet sich aber auch als ideales Hochzeitsgeschenk, Geschenk f\u00fcr den Valentinstag, Geburtstag oder einfach so.<\/p>\n<p>Ma\u00dfe: ca. 16&#215;13\u00a0cm, Lieferung inkl. Haken zur Wandmontage.<\/p>\n<p>Liebevoll handgearbeitet und Made in Austria.\u00a0<\/p>\n<p>Schenken Sie sich selbst oder Ihren liebsten ein Unikat aus Holz. Egal ob zu Geburtstag, Namenstag, Ostern, Weihnachten, Hochzeit, Valentinstag, Verlobung oder anderen Anl\u00e4ssen.<\/p>\n","protected":false},"excerpt":{"rendered":"<p>Handgefertigtes Holz Wandbild mit Motiv\u00a0aus \u00f6sterreichischem Holz.\u00a0 Das Holzbild ist aus kleinen, unbehandelten Baumscheiben in verschiedenen Gr\u00f6\u00dfen gefertigt und l\u00e4sst sich problemlos an die Wand h\u00e4ngen. Passt in Ihr Eigenheim, eignet sich aber auch als ideales Hochzeitsgeschenk, Geschenk f\u00fcr den Valentinstag, Geburtstag oder einfach so. Ma\u00dfe: ca. 16&#215;13\u00a0cm, Lieferung inkl. Haken zur Wandmontage. Liebevoll handgearbeitet &hellip; <a href=\"https:\/\/www.regionalis.shop\/huizbirn\/shop\/holzbild-minibild-16x13cm-holz-deko-wanddeko-ruhe-wandbild-holzdeko-handmade\/\">Continued<\/a><\/p>\n","protected":false},"featured_media":1812,"template":"","meta":{"_acf_changed":false},"product_brand":[],"product_cat":[174,103],"product_tag":[],"class_list":{"0":"post-1811","1":"product","2":"type-product","3":"status-publish","4":"has-post-thumbnail","6":"product_cat-wohndekoration","7":"product_cat-wohnen-deko","9":"first","10":"instock","11":"purchasable","12":"product-type-simple"},"acf":[],"_links":{"self":[{"href":"https:\/\/www.regionalis.shop\/huizbirn\/wp-json\/wp\/v2\/product\/1811","targetHints":{"allow":["GET"]}}],"collection":[{"href":"https:\/\/www.regionalis.shop\/huizbirn\/wp-json\/wp\/v2\/product"}],"about":[{"href":"https:\/\/www.regionalis.shop\/huizbirn\/wp-json\/wp\/v2\/types\/product"}],"wp:featuredmedia":[{"embeddable":true,"href":"https:\/\/www.regionalis.shop\/huizbirn\/wp-json\/wp\/v2\/media\/1812"}],"wp:attachment":[{"href":"https:\/\/www.regionalis.shop\/huizbirn\/wp-json\/wp\/v2\/media?parent=1811"}],"wp:term":[{"taxonomy":"product_brand","embeddable":true,"href":"https:\/\/www.regionalis.shop\/huizbirn\/wp-json\/wp\/v2\/product_brand?post=1811"},{"taxonomy":"product_cat","embeddable":true,"href":"https:\/\/www.regionalis.shop\/huizbirn\/wp-json\/wp\/v2\/product_cat?post=1811"},{"taxonomy":"product_tag","embeddable":true,"href":"https:\/\/www.regionalis.shop\/huizbirn\/wp-json\/wp\/v2\/product_tag?post=1811"}],"curies":[{"name":"wp","href":"https:\/\/api.w.org\/{rel}","templated":true}]}}