{"id":1815,"date":"2025-04-18T08:29:03","date_gmt":"2025-04-18T06:29:03","guid":{"rendered":"https:\/\/www.regionalis.shop\/huizbirn\/product\/holzbild-home-holz-dekoration-schriftbild-bild-wandbild-handmade\/"},"modified":"2025-04-18T08:29:03","modified_gmt":"2025-04-18T06:29:03","slug":"holzbild-home-holz-dekoration-schriftbild-bild-wandbild-handmade","status":"publish","type":"product","link":"https:\/\/www.regionalis.shop\/huizbirn\/shop\/holzbild-home-holz-dekoration-schriftbild-bild-wandbild-handmade\/","title":{"rendered":"Holzbild &#8222;Home&#8220; Holz Dekoration Schriftbild Bild Wandbild handmade"},"content":{"rendered":"<p>Handgefertigtes Holz Wandbild aus \u00f6sterreichischem Holz mit Schriftzug &#8222;Home&#8220;.<\/p>\n<p>Die Holzplatte ist mit kleinen Baumscheiben in verschiedenen Gr\u00f6\u00dfen verziert. Der Schriftzug mit Acryl ausgemalt.<br \/>\nPasst in Ihr Eigenheim, eignet sich aber auch als ideales Hochzeitsgeschenk, Geschenk f\u00fcr den Valentinstag, Geburtstag oder einfach so.<\/p>\n<p>Ma\u00dfe: ca. 28\u00a0x 18,5\u00a0cm<\/p>\n<p>Liebevoll handgearbeitet und Made in Austria.\u00a0<\/p>\n<p>Die Oberfl\u00e4che ist naturbelassen.<\/p>\n","protected":false},"excerpt":{"rendered":"<p>Handgefertigtes Holz Wandbild aus \u00f6sterreichischem Holz mit Schriftzug &#8222;Home&#8220;. Die Holzplatte ist mit kleinen Baumscheiben in verschiedenen Gr\u00f6\u00dfen verziert. Der Schriftzug mit Acryl ausgemalt. Passt in Ihr Eigenheim, eignet sich aber auch als ideales Hochzeitsgeschenk, Geschenk f\u00fcr den Valentinstag, Geburtstag oder einfach so. Ma\u00dfe: ca. 28\u00a0x 18,5\u00a0cm Liebevoll handgearbeitet und Made in Austria.\u00a0 Die Oberfl\u00e4che &hellip; <a href=\"https:\/\/www.regionalis.shop\/huizbirn\/shop\/holzbild-home-holz-dekoration-schriftbild-bild-wandbild-handmade\/\">Continued<\/a><\/p>\n","protected":false},"featured_media":1816,"template":"","meta":{"_acf_changed":false},"product_brand":[],"product_cat":[174,103],"product_tag":[],"class_list":{"0":"post-1815","1":"product","2":"type-product","3":"status-publish","4":"has-post-thumbnail","6":"product_cat-wohndekoration","7":"product_cat-wohnen-deko","9":"first","10":"instock","11":"purchasable","12":"product-type-simple"},"acf":[],"_links":{"self":[{"href":"https:\/\/www.regionalis.shop\/huizbirn\/wp-json\/wp\/v2\/product\/1815","targetHints":{"allow":["GET"]}}],"collection":[{"href":"https:\/\/www.regionalis.shop\/huizbirn\/wp-json\/wp\/v2\/product"}],"about":[{"href":"https:\/\/www.regionalis.shop\/huizbirn\/wp-json\/wp\/v2\/types\/product"}],"wp:featuredmedia":[{"embeddable":true,"href":"https:\/\/www.regionalis.shop\/huizbirn\/wp-json\/wp\/v2\/media\/1816"}],"wp:attachment":[{"href":"https:\/\/www.regionalis.shop\/huizbirn\/wp-json\/wp\/v2\/media?parent=1815"}],"wp:term":[{"taxonomy":"product_brand","embeddable":true,"href":"https:\/\/www.regionalis.shop\/huizbirn\/wp-json\/wp\/v2\/product_brand?post=1815"},{"taxonomy":"product_cat","embeddable":true,"href":"https:\/\/www.regionalis.shop\/huizbirn\/wp-json\/wp\/v2\/product_cat?post=1815"},{"taxonomy":"product_tag","embeddable":true,"href":"https:\/\/www.regionalis.shop\/huizbirn\/wp-json\/wp\/v2\/product_tag?post=1815"}],"curies":[{"name":"wp","href":"https:\/\/api.w.org\/{rel}","templated":true}]}}