{"id":1841,"date":"2025-04-18T08:12:59","date_gmt":"2025-04-18T06:12:59","guid":{"rendered":"https:\/\/www.regionalis.shop\/huizbirn\/product\/holz-rollerpen-tintenroller-kugelschreiber-ahorn-handarbeit-unikat\/"},"modified":"2025-04-18T08:12:59","modified_gmt":"2025-04-18T06:12:59","slug":"holz-rollerpen-tintenroller-kugelschreiber-ahorn-handarbeit-unikat","status":"publish","type":"product","link":"https:\/\/www.regionalis.shop\/huizbirn\/shop\/holz-rollerpen-tintenroller-kugelschreiber-ahorn-handarbeit-unikat\/","title":{"rendered":"Holz Rollerpen Tintenroller Kugelschreiber Ahorn Handarbeit Unikat"},"content":{"rendered":"<p>Handgearbeitete F\u00fcllfeder mit Schraubkappe, handgefertigt aus \u00f6sterreichischem Ahorn-Holz.<br \/>\nEin absolutes Unikat!<\/p>\n<p>&#8211; L\u00e4nge ca. 13 cm<br \/>\n&#8211; hochwertiger Bausatz in Spitzenqualit\u00e4t!<br \/>\n&#8211; Bausatzfarbe: gun metallic<br \/>\n&#8211; Lieferung erfolgt im handgefertigtem Stoff-T\u00e4schchen<\/p>\n<p>Die Oberfl\u00e4che des Holzes wurde fein geschliffen, ge\u00f6lt und lebensmittelecht versiegelt!<br \/>\nDadurch ist dauerhafter Schutz gew\u00e4hrleistet.<\/p>\n<p>Jedes Schreibger\u00e4t ist ein absolutes Unikat und ein ideales Geschenk.<\/p>\n<p>Eine tolle Geschenksidee zum Geburtstag, Weihnachten oder anderen Anlass.<\/p>\n","protected":false},"excerpt":{"rendered":"<p>Handgearbeitete F\u00fcllfeder mit Schraubkappe, handgefertigt aus \u00f6sterreichischem Ahorn-Holz. Ein absolutes Unikat! &#8211; L\u00e4nge ca. 13 cm &#8211; hochwertiger Bausatz in Spitzenqualit\u00e4t! &#8211; Bausatzfarbe: gun metallic &#8211; Lieferung erfolgt im handgefertigtem Stoff-T\u00e4schchen Die Oberfl\u00e4che des Holzes wurde fein geschliffen, ge\u00f6lt und lebensmittelecht versiegelt! Dadurch ist dauerhafter Schutz gew\u00e4hrleistet. Jedes Schreibger\u00e4t ist ein absolutes Unikat und ein &hellip; <a href=\"https:\/\/www.regionalis.shop\/huizbirn\/shop\/holz-rollerpen-tintenroller-kugelschreiber-ahorn-handarbeit-unikat\/\">Continued<\/a><\/p>\n","protected":false},"featured_media":1842,"template":"","meta":{"_acf_changed":false},"product_brand":[],"product_cat":[62,72],"product_tag":[],"class_list":{"0":"post-1841","1":"product","2":"type-product","3":"status-publish","4":"has-post-thumbnail","6":"product_cat-papeterie-schreibwaren","7":"product_cat-schreibwaren","9":"first","10":"instock","11":"purchasable","12":"product-type-simple"},"acf":[],"_links":{"self":[{"href":"https:\/\/www.regionalis.shop\/huizbirn\/wp-json\/wp\/v2\/product\/1841","targetHints":{"allow":["GET"]}}],"collection":[{"href":"https:\/\/www.regionalis.shop\/huizbirn\/wp-json\/wp\/v2\/product"}],"about":[{"href":"https:\/\/www.regionalis.shop\/huizbirn\/wp-json\/wp\/v2\/types\/product"}],"wp:featuredmedia":[{"embeddable":true,"href":"https:\/\/www.regionalis.shop\/huizbirn\/wp-json\/wp\/v2\/media\/1842"}],"wp:attachment":[{"href":"https:\/\/www.regionalis.shop\/huizbirn\/wp-json\/wp\/v2\/media?parent=1841"}],"wp:term":[{"taxonomy":"product_brand","embeddable":true,"href":"https:\/\/www.regionalis.shop\/huizbirn\/wp-json\/wp\/v2\/product_brand?post=1841"},{"taxonomy":"product_cat","embeddable":true,"href":"https:\/\/www.regionalis.shop\/huizbirn\/wp-json\/wp\/v2\/product_cat?post=1841"},{"taxonomy":"product_tag","embeddable":true,"href":"https:\/\/www.regionalis.shop\/huizbirn\/wp-json\/wp\/v2\/product_tag?post=1841"}],"curies":[{"name":"wp","href":"https:\/\/api.w.org\/{rel}","templated":true}]}}