{"id":1856,"date":"2025-04-18T08:12:59","date_gmt":"2025-04-18T06:12:59","guid":{"rendered":"https:\/\/www.regionalis.shop\/huizbirn\/product\/holzfuellfeder-holzfueller-briefoeffner-zwetschke-geschenkset-handarbeit\/"},"modified":"2025-04-18T08:12:59","modified_gmt":"2025-04-18T06:12:59","slug":"holzfuellfeder-holzfueller-briefoeffner-zwetschke-geschenkset-handarbeit","status":"publish","type":"product","link":"https:\/\/www.regionalis.shop\/huizbirn\/shop\/holzfuellfeder-holzfueller-briefoeffner-zwetschke-geschenkset-handarbeit\/","title":{"rendered":"Holzf\u00fcllfeder Holzf\u00fcller Brief\u00f6ffner Zwetschke Geschenkset Handarbeit"},"content":{"rendered":"<p>Handgearbeitetes Geschenkset bestehend aus F\u00fcllfeder und Brief\u00f6ffner handgefertigt aus \u00f6sterreichischem Zwetschken-Holz.<\/p>\n<p>Ein absolutes Unikat, welches Seinesgleichen sucht!<\/p>\n<p>&#8211; Bausatz von h\u00f6chster Qualit\u00e4t<br \/>\n&#8211; Holzart: Zwetschke, Bausatz: 24k vergoldet<br \/>\n&#8211; die Holzoberfl\u00e4che wurde fein geschliffen und lebensmittelecht versiegelt<br \/>\n&#8211; L\u00e4nge: ca. 13.5 cm<br \/>\n&#8211; mit handels\u00fcblichen Tintenpatronen oder Konverter verwendbar!<br \/>\n&#8211; Lieferung erfolgt im Geschenk-Karton<br \/>\n\u00a0\u00a0<\/p>\n<p>Jeder Kugelschreiber ist ein absolutes Unikat und ein ideales Geschenk.<\/p>\n<p>Eine tolle Geschenksidee zum Geburtstag, Weihnachten oder anderen Anlass.<\/p>\n","protected":false},"excerpt":{"rendered":"<p>Handgearbeitetes Geschenkset bestehend aus F\u00fcllfeder und Brief\u00f6ffner handgefertigt aus \u00f6sterreichischem Zwetschken-Holz. Ein absolutes Unikat, welches Seinesgleichen sucht! &#8211; Bausatz von h\u00f6chster Qualit\u00e4t &#8211; Holzart: Zwetschke, Bausatz: 24k vergoldet &#8211; die Holzoberfl\u00e4che wurde fein geschliffen und lebensmittelecht versiegelt &#8211; L\u00e4nge: ca. 13.5 cm &#8211; mit handels\u00fcblichen Tintenpatronen oder Konverter verwendbar! &#8211; Lieferung erfolgt im Geschenk-Karton \u00a0\u00a0 &hellip; <a href=\"https:\/\/www.regionalis.shop\/huizbirn\/shop\/holzfuellfeder-holzfueller-briefoeffner-zwetschke-geschenkset-handarbeit\/\">Continued<\/a><\/p>\n","protected":false},"featured_media":1857,"template":"","meta":{"_acf_changed":false},"product_brand":[],"product_cat":[62,72],"product_tag":[],"class_list":{"0":"post-1856","1":"product","2":"type-product","3":"status-publish","4":"has-post-thumbnail","6":"product_cat-papeterie-schreibwaren","7":"product_cat-schreibwaren","9":"first","10":"instock","11":"purchasable","12":"product-type-simple"},"acf":[],"_links":{"self":[{"href":"https:\/\/www.regionalis.shop\/huizbirn\/wp-json\/wp\/v2\/product\/1856","targetHints":{"allow":["GET"]}}],"collection":[{"href":"https:\/\/www.regionalis.shop\/huizbirn\/wp-json\/wp\/v2\/product"}],"about":[{"href":"https:\/\/www.regionalis.shop\/huizbirn\/wp-json\/wp\/v2\/types\/product"}],"wp:featuredmedia":[{"embeddable":true,"href":"https:\/\/www.regionalis.shop\/huizbirn\/wp-json\/wp\/v2\/media\/1857"}],"wp:attachment":[{"href":"https:\/\/www.regionalis.shop\/huizbirn\/wp-json\/wp\/v2\/media?parent=1856"}],"wp:term":[{"taxonomy":"product_brand","embeddable":true,"href":"https:\/\/www.regionalis.shop\/huizbirn\/wp-json\/wp\/v2\/product_brand?post=1856"},{"taxonomy":"product_cat","embeddable":true,"href":"https:\/\/www.regionalis.shop\/huizbirn\/wp-json\/wp\/v2\/product_cat?post=1856"},{"taxonomy":"product_tag","embeddable":true,"href":"https:\/\/www.regionalis.shop\/huizbirn\/wp-json\/wp\/v2\/product_tag?post=1856"}],"curies":[{"name":"wp","href":"https:\/\/api.w.org\/{rel}","templated":true}]}}