{"id":1860,"date":"2025-04-18T08:12:26","date_gmt":"2025-04-18T06:12:26","guid":{"rendered":"https:\/\/www.regionalis.shop\/huizbirn\/product\/holzschale-holzschuessel-linde-%e2%88%8524x4-5-cm-obstschale-dekoschuessel-handmade\/"},"modified":"2025-04-18T08:12:26","modified_gmt":"2025-04-18T06:12:26","slug":"holzschale-holzschuessel-linde-%e2%88%8524x4-5-cm-obstschale-dekoschuessel-handmade","status":"publish","type":"product","link":"https:\/\/www.regionalis.shop\/huizbirn\/shop\/holzschale-holzschuessel-linde-%e2%88%8524x4-5-cm-obstschale-dekoschuessel-handmade\/","title":{"rendered":"Holzschale Holzsch\u00fcssel Linde \u220524&#215;4.5 cm Obstschale Dekosch\u00fcssel Handmade"},"content":{"rendered":"<p>Wundersch\u00f6ne, handgearbeitete Schale aus \u00f6sterreichischem Linden-Holz!<\/p>\n<p>Durchmesser: ca. 25\u00a0cm<br \/>\nH\u00f6he: ca. 4.5 cm<br \/>\nOberfl\u00e4che: fein geschliffen, lebensmittelcht ge\u00f6lt, poliert<\/p>\n<p>Ein einzigartiges Unikat, handmade in Austria.<\/p>\n<p>Die Schale wurde mit lebensmittelechtem \u00d6l dauerhaft versiegelt. Ein wundersch\u00f6nes Unikat, Made in Austria.<\/p>\n<p>Allgemeiner Hinweis: Holz ist ein Naturprodukt und nicht f\u00fcr den Geschirrsp\u00fcler geeignet!<\/p>\n<p>Eine tolle Geschenksidee zum Geburtstag, Weihnachten oder anderen Anlass.<\/p>\n","protected":false},"excerpt":{"rendered":"<p>Wundersch\u00f6ne, handgearbeitete Schale aus \u00f6sterreichischem Linden-Holz! Durchmesser: ca. 25\u00a0cm H\u00f6he: ca. 4.5 cm Oberfl\u00e4che: fein geschliffen, lebensmittelcht ge\u00f6lt, poliert Ein einzigartiges Unikat, handmade in Austria. Die Schale wurde mit lebensmittelechtem \u00d6l dauerhaft versiegelt. Ein wundersch\u00f6nes Unikat, Made in Austria. Allgemeiner Hinweis: Holz ist ein Naturprodukt und nicht f\u00fcr den Geschirrsp\u00fcler geeignet! Eine tolle Geschenksidee zum &hellip; <a href=\"https:\/\/www.regionalis.shop\/huizbirn\/shop\/holzschale-holzschuessel-linde-%e2%88%8524x4-5-cm-obstschale-dekoschuessel-handmade\/\">Continued<\/a><\/p>\n","protected":false},"featured_media":1861,"template":"","meta":{"_acf_changed":false},"product_brand":[],"product_cat":[174,103],"product_tag":[],"class_list":{"0":"post-1860","1":"product","2":"type-product","3":"status-publish","4":"has-post-thumbnail","6":"product_cat-wohndekoration","7":"product_cat-wohnen-deko","9":"first","10":"instock","11":"purchasable","12":"product-type-simple"},"acf":[],"_links":{"self":[{"href":"https:\/\/www.regionalis.shop\/huizbirn\/wp-json\/wp\/v2\/product\/1860","targetHints":{"allow":["GET"]}}],"collection":[{"href":"https:\/\/www.regionalis.shop\/huizbirn\/wp-json\/wp\/v2\/product"}],"about":[{"href":"https:\/\/www.regionalis.shop\/huizbirn\/wp-json\/wp\/v2\/types\/product"}],"wp:featuredmedia":[{"embeddable":true,"href":"https:\/\/www.regionalis.shop\/huizbirn\/wp-json\/wp\/v2\/media\/1861"}],"wp:attachment":[{"href":"https:\/\/www.regionalis.shop\/huizbirn\/wp-json\/wp\/v2\/media?parent=1860"}],"wp:term":[{"taxonomy":"product_brand","embeddable":true,"href":"https:\/\/www.regionalis.shop\/huizbirn\/wp-json\/wp\/v2\/product_brand?post=1860"},{"taxonomy":"product_cat","embeddable":true,"href":"https:\/\/www.regionalis.shop\/huizbirn\/wp-json\/wp\/v2\/product_cat?post=1860"},{"taxonomy":"product_tag","embeddable":true,"href":"https:\/\/www.regionalis.shop\/huizbirn\/wp-json\/wp\/v2\/product_tag?post=1860"}],"curies":[{"name":"wp","href":"https:\/\/api.w.org\/{rel}","templated":true}]}}