{"id":1865,"date":"2025-04-18T08:07:05","date_gmt":"2025-04-18T06:07:05","guid":{"rendered":"https:\/\/www.regionalis.shop\/huizbirn\/product\/holzfliege-fliege-mascherl-hainbuche-handmade-in-austria-unikat-geschenk\/"},"modified":"2025-04-18T08:07:05","modified_gmt":"2025-04-18T06:07:05","slug":"holzfliege-fliege-mascherl-hainbuche-handmade-in-austria-unikat-geschenk","status":"publish","type":"product","link":"https:\/\/www.regionalis.shop\/huizbirn\/shop\/holzfliege-fliege-mascherl-hainbuche-handmade-in-austria-unikat-geschenk\/","title":{"rendered":"Holzfliege Fliege Mascherl Hainbuche handmade in Austria Unikat Geschenk"},"content":{"rendered":"<p>Holzfliege gefertigt aus \u00f6sterreichischem gestockten Hainbuchenholz. Ein absolutes Unikt, 100 % handgefertigt in \u00d6sterreich!<\/p>\n<p>Befestigt wird das Mascherl ganz bequem mit gr\u00f6\u00dfenverstellbarem Band &#8211; das Besondere dran: Die Tr\u00e4ger wurden aus BHs und der Mittelteil aus Stoffresten recycelt!\u00a0<\/p>\n<p>Zus\u00e4tzlich ist der Mittelteil nicht an der Fliege fixiert und l\u00e4sst sich mittels Klettverschluss einfach tauschen &#8211; egal, ob du zum Stoff nun eine andere Holzfliege w\u00e4hlen m\u00f6chtest oder ein anderer Tr\u00e4ger farblich besser zu deinem Outfit passt.<\/p>\n<p>Ma\u00dfe: ~ 12 x 5,5 cm<br \/>\nHolzart: Hainbuche<br \/>\nOberfl\u00e4che: fein geschliffen, lebensmittelecht ge\u00f6lt<br \/>\nStoff &#038; Band: recycelter Stoff<\/p>\n<p>Ein absolutes Unikat und bei jeder Veranstaltung ein Hingucker!<\/p>\n","protected":false},"excerpt":{"rendered":"<p>Holzfliege gefertigt aus \u00f6sterreichischem gestockten Hainbuchenholz. Ein absolutes Unikt, 100 % handgefertigt in \u00d6sterreich! Befestigt wird das Mascherl ganz bequem mit gr\u00f6\u00dfenverstellbarem Band &#8211; das Besondere dran: Die Tr\u00e4ger wurden aus BHs und der Mittelteil aus Stoffresten recycelt!\u00a0 Zus\u00e4tzlich ist der Mittelteil nicht an der Fliege fixiert und l\u00e4sst sich mittels Klettverschluss einfach tauschen &#8211; &hellip; <a href=\"https:\/\/www.regionalis.shop\/huizbirn\/shop\/holzfliege-fliege-mascherl-hainbuche-handmade-in-austria-unikat-geschenk\/\">Continued<\/a><\/p>\n","protected":false},"featured_media":1866,"template":"","meta":{"_acf_changed":false},"product_brand":[],"product_cat":[37,59],"product_tag":[],"class_list":{"0":"post-1865","1":"product","2":"type-product","3":"status-publish","4":"has-post-thumbnail","6":"product_cat-accessoires","7":"product_cat-mascherl-krawatten","9":"first","10":"instock","11":"purchasable","12":"product-type-simple"},"acf":[],"_links":{"self":[{"href":"https:\/\/www.regionalis.shop\/huizbirn\/wp-json\/wp\/v2\/product\/1865","targetHints":{"allow":["GET"]}}],"collection":[{"href":"https:\/\/www.regionalis.shop\/huizbirn\/wp-json\/wp\/v2\/product"}],"about":[{"href":"https:\/\/www.regionalis.shop\/huizbirn\/wp-json\/wp\/v2\/types\/product"}],"wp:featuredmedia":[{"embeddable":true,"href":"https:\/\/www.regionalis.shop\/huizbirn\/wp-json\/wp\/v2\/media\/1866"}],"wp:attachment":[{"href":"https:\/\/www.regionalis.shop\/huizbirn\/wp-json\/wp\/v2\/media?parent=1865"}],"wp:term":[{"taxonomy":"product_brand","embeddable":true,"href":"https:\/\/www.regionalis.shop\/huizbirn\/wp-json\/wp\/v2\/product_brand?post=1865"},{"taxonomy":"product_cat","embeddable":true,"href":"https:\/\/www.regionalis.shop\/huizbirn\/wp-json\/wp\/v2\/product_cat?post=1865"},{"taxonomy":"product_tag","embeddable":true,"href":"https:\/\/www.regionalis.shop\/huizbirn\/wp-json\/wp\/v2\/product_tag?post=1865"}],"curies":[{"name":"wp","href":"https:\/\/api.w.org\/{rel}","templated":true}]}}