{"id":1873,"date":"2025-04-18T08:06:15","date_gmt":"2025-04-18T06:06:15","guid":{"rendered":"https:\/\/www.regionalis.shop\/huizbirn\/product\/holz-rollerpen-tintenroller-kugelschreiber-zwetschke-geschenk-unikat-handmade\/"},"modified":"2025-04-18T08:06:15","modified_gmt":"2025-04-18T06:06:15","slug":"holz-rollerpen-tintenroller-kugelschreiber-zwetschke-geschenk-unikat-handmade","status":"publish","type":"product","link":"https:\/\/www.regionalis.shop\/huizbirn\/shop\/holz-rollerpen-tintenroller-kugelschreiber-zwetschke-geschenk-unikat-handmade\/","title":{"rendered":"Holz Rollerpen Tintenroller Kugelschreiber Zwetschke Geschenk Unikat handmade"},"content":{"rendered":"<p>Handgearbeiteter Rollerpen mit Schraubkappe, handgefertigt aus \u00f6sterreichischem Zwetschken-Holz.<\/p>\n<p>Ein absolutes Unikat!<\/p>\n<p>Mine problemlos wechselbar<br \/>\nTintenfarbe schwarz<br \/>\nOberfl\u00e4che fein geschliffen, ge\u00f6lt und versiegelt<br \/>\nLieferung erfolgt im handgefertigtem Stoff-T\u00e4schchen<br \/>\nL\u00e4nge ca. 13.5 cm, Bausatz Farbe verchromt<\/p>\n<p>Jeder Kugelschreiber ist ein absolutes Unikat und ein ideales Geschenk.<\/p>\n<p>Eine tolle Geschenksidee zum Geburtstag, Weihnachten oder anderen Anlass.<\/p>\n","protected":false},"excerpt":{"rendered":"<p>Handgearbeiteter Rollerpen mit Schraubkappe, handgefertigt aus \u00f6sterreichischem Zwetschken-Holz. Ein absolutes Unikat! Mine problemlos wechselbar Tintenfarbe schwarz Oberfl\u00e4che fein geschliffen, ge\u00f6lt und versiegelt Lieferung erfolgt im handgefertigtem Stoff-T\u00e4schchen L\u00e4nge ca. 13.5 cm, Bausatz Farbe verchromt Jeder Kugelschreiber ist ein absolutes Unikat und ein ideales Geschenk. Eine tolle Geschenksidee zum Geburtstag, Weihnachten oder anderen Anlass.<\/p>\n","protected":false},"featured_media":1874,"template":"","meta":{"_acf_changed":false},"product_brand":[],"product_cat":[62,72],"product_tag":[],"class_list":{"0":"post-1873","1":"product","2":"type-product","3":"status-publish","4":"has-post-thumbnail","6":"product_cat-papeterie-schreibwaren","7":"product_cat-schreibwaren","9":"first","10":"instock","11":"purchasable","12":"product-type-simple"},"acf":[],"_links":{"self":[{"href":"https:\/\/www.regionalis.shop\/huizbirn\/wp-json\/wp\/v2\/product\/1873","targetHints":{"allow":["GET"]}}],"collection":[{"href":"https:\/\/www.regionalis.shop\/huizbirn\/wp-json\/wp\/v2\/product"}],"about":[{"href":"https:\/\/www.regionalis.shop\/huizbirn\/wp-json\/wp\/v2\/types\/product"}],"wp:featuredmedia":[{"embeddable":true,"href":"https:\/\/www.regionalis.shop\/huizbirn\/wp-json\/wp\/v2\/media\/1874"}],"wp:attachment":[{"href":"https:\/\/www.regionalis.shop\/huizbirn\/wp-json\/wp\/v2\/media?parent=1873"}],"wp:term":[{"taxonomy":"product_brand","embeddable":true,"href":"https:\/\/www.regionalis.shop\/huizbirn\/wp-json\/wp\/v2\/product_brand?post=1873"},{"taxonomy":"product_cat","embeddable":true,"href":"https:\/\/www.regionalis.shop\/huizbirn\/wp-json\/wp\/v2\/product_cat?post=1873"},{"taxonomy":"product_tag","embeddable":true,"href":"https:\/\/www.regionalis.shop\/huizbirn\/wp-json\/wp\/v2\/product_tag?post=1873"}],"curies":[{"name":"wp","href":"https:\/\/api.w.org\/{rel}","templated":true}]}}