{"id":1884,"date":"2025-04-18T08:05:08","date_gmt":"2025-04-18T06:05:08","guid":{"rendered":"https:\/\/www.regionalis.shop\/huizbirn\/product\/holz-ohrringe-ohrstecker-2cm-trachtenschmuck-esche-holz-schmuck-handmade-unikat\/"},"modified":"2025-04-18T08:05:08","modified_gmt":"2025-04-18T06:05:08","slug":"holz-ohrringe-ohrstecker-2cm-trachtenschmuck-esche-holz-schmuck-handmade-unikat","status":"publish","type":"product","link":"https:\/\/www.regionalis.shop\/huizbirn\/shop\/holz-ohrringe-ohrstecker-2cm-trachtenschmuck-esche-holz-schmuck-handmade-unikat\/","title":{"rendered":"Holz Ohrringe Ohrstecker 2cm Trachtenschmuck Esche Holz Schmuck handmade Unikat"},"content":{"rendered":"<p>Ein wundersch\u00f6nes paar Ohrstecker aus Eschen Holz\u00a0in Edelstahlfassung. Wenn Sie 2 wunderbare Unikate an Ihren Ohren<br \/>\ntragen m\u00f6chten, dann sind Sie genau richtig.<\/p>\n<p>Liebevolle Handarbeit aus dem steirischen Wechselland.<\/p>\n<p>Gr\u00f6\u00dfe: Durchmesser 2\u00a0cm<br \/>\nHolzart: Esche Holz<br \/>\nIn Edelstahlfassung, mit Steckverschluss<\/p>\n<p>Schenken Sie sich selbst oder Ihren liebsten ein Unikat aus Holz. Egal ob zu Geburtstag, Namenstag, Ostern, Weihnachten, Hochzeit, Valentinstag, Verlobung oder anderen Anl\u00e4ssen.\u00a0<\/p>\n","protected":false},"excerpt":{"rendered":"<p>Ein wundersch\u00f6nes paar Ohrstecker aus Eschen Holz\u00a0in Edelstahlfassung. Wenn Sie 2 wunderbare Unikate an Ihren Ohren tragen m\u00f6chten, dann sind Sie genau richtig. Liebevolle Handarbeit aus dem steirischen Wechselland. Gr\u00f6\u00dfe: Durchmesser 2\u00a0cm Holzart: Esche Holz In Edelstahlfassung, mit Steckverschluss Schenken Sie sich selbst oder Ihren liebsten ein Unikat aus Holz. Egal ob zu Geburtstag, Namenstag, &hellip; <a href=\"https:\/\/www.regionalis.shop\/huizbirn\/shop\/holz-ohrringe-ohrstecker-2cm-trachtenschmuck-esche-holz-schmuck-handmade-unikat\/\">Continued<\/a><\/p>\n","protected":false},"featured_media":1885,"template":"","meta":{"_acf_changed":false},"product_brand":[],"product_cat":[163,70],"product_tag":[],"class_list":{"0":"post-1884","1":"product","2":"type-product","3":"status-publish","4":"has-post-thumbnail","6":"product_cat-ohrringe","7":"product_cat-schmuck","9":"first","10":"instock","11":"purchasable","12":"product-type-simple"},"acf":[],"_links":{"self":[{"href":"https:\/\/www.regionalis.shop\/huizbirn\/wp-json\/wp\/v2\/product\/1884","targetHints":{"allow":["GET"]}}],"collection":[{"href":"https:\/\/www.regionalis.shop\/huizbirn\/wp-json\/wp\/v2\/product"}],"about":[{"href":"https:\/\/www.regionalis.shop\/huizbirn\/wp-json\/wp\/v2\/types\/product"}],"wp:featuredmedia":[{"embeddable":true,"href":"https:\/\/www.regionalis.shop\/huizbirn\/wp-json\/wp\/v2\/media\/1885"}],"wp:attachment":[{"href":"https:\/\/www.regionalis.shop\/huizbirn\/wp-json\/wp\/v2\/media?parent=1884"}],"wp:term":[{"taxonomy":"product_brand","embeddable":true,"href":"https:\/\/www.regionalis.shop\/huizbirn\/wp-json\/wp\/v2\/product_brand?post=1884"},{"taxonomy":"product_cat","embeddable":true,"href":"https:\/\/www.regionalis.shop\/huizbirn\/wp-json\/wp\/v2\/product_cat?post=1884"},{"taxonomy":"product_tag","embeddable":true,"href":"https:\/\/www.regionalis.shop\/huizbirn\/wp-json\/wp\/v2\/product_tag?post=1884"}],"curies":[{"name":"wp","href":"https:\/\/api.w.org\/{rel}","templated":true}]}}