{"id":1915,"date":"2025-04-18T07:50:51","date_gmt":"2025-04-18T05:50:51","guid":{"rendered":"https:\/\/www.regionalis.shop\/huizbirn\/product\/holz-gewuerzmuehle-muehle-walnuss-pfeffermuehle-antik-optik-geschenk\/"},"modified":"2025-04-18T07:50:51","modified_gmt":"2025-04-18T05:50:51","slug":"holz-gewuerzmuehle-muehle-walnuss-pfeffermuehle-antik-optik-geschenk","status":"publish","type":"product","link":"https:\/\/www.regionalis.shop\/huizbirn\/shop\/holz-gewuerzmuehle-muehle-walnuss-pfeffermuehle-antik-optik-geschenk\/","title":{"rendered":"Holz Gew\u00fcrzm\u00fchle M\u00fchle Walnuss Pfefferm\u00fchle antik optik Geschenk"},"content":{"rendered":"<p>Wundersch\u00f6ne manuelle &#8211;Gew\u00fcrzm\u00fchle&#8211; \/ Pfefferm\u00fchle \/ Salzm\u00fchle aus &#8211;Walnuss-Holz&#8211; mit Kurbel in antik Optik. Mit dieser M\u00fchle f\u00fcr Ihre K\u00fcche oder Essbereich, w\u00fcrzen Sie zuk\u00fcnftig mit Genuss.<\/p>\n<p>Einfach mittels Kurbel manuell bedienbar. So Sie Ihre zubereiteten Speisen mit frisch gemahlenen Gew\u00fcrzen verfeinern. Nachhaltig und &#8211;einfach wiederbef\u00fcllbar&#8211; &#8211; dazu muss man einfach das Mahlgut oben einf\u00fcllen.<\/p>\n<p>&#8211;L\u00e4nge ca. 22 cm&#8211;<br \/>\n&#8211;Holzart: \u00f6sterreichisches Walnuss-Holz&#8211;<br \/>\n&#8211;Durchmesser: ca. 5,5 cm&#8211;<br \/>\n&#8211;Oberfl\u00e4che: fein geschliffen, lebensmittelecht ge\u00f6lt&#8211;<\/p>\n<p>Der Mittelteil aus Holz wurde handgefertigt, fein geschliffen und lebensmittelecht versiegelt.<\/p>\n<p>Handmade, Made in Austria.<\/p>\n<p>Ideal f\u00fcrs Eigenheim oder als Geschenk zu Weihnachten, Geburtstag oder Jubil\u00e4um.<\/p>\n","protected":false},"excerpt":{"rendered":"<p>Wundersch\u00f6ne manuelle &#8211;Gew\u00fcrzm\u00fchle&#8211; \/ Pfefferm\u00fchle \/ Salzm\u00fchle aus &#8211;Walnuss-Holz&#8211; mit Kurbel in antik Optik. Mit dieser M\u00fchle f\u00fcr Ihre K\u00fcche oder Essbereich, w\u00fcrzen Sie zuk\u00fcnftig mit Genuss. Einfach mittels Kurbel manuell bedienbar. So Sie Ihre zubereiteten Speisen mit frisch gemahlenen Gew\u00fcrzen verfeinern. Nachhaltig und &#8211;einfach wiederbef\u00fcllbar&#8211; &#8211; dazu muss man einfach das Mahlgut oben einf\u00fcllen. &hellip; <a href=\"https:\/\/www.regionalis.shop\/huizbirn\/shop\/holz-gewuerzmuehle-muehle-walnuss-pfeffermuehle-antik-optik-geschenk\/\">Continued<\/a><\/p>\n","protected":false},"featured_media":1916,"template":"","meta":{"_acf_changed":false},"product_brand":[],"product_cat":[127,103],"product_tag":[],"class_list":{"0":"post-1915","1":"product","2":"type-product","3":"status-publish","4":"has-post-thumbnail","6":"product_cat-essen-trinken","7":"product_cat-wohnen-deko","9":"first","10":"instock","11":"purchasable","12":"product-type-simple"},"acf":[],"_links":{"self":[{"href":"https:\/\/www.regionalis.shop\/huizbirn\/wp-json\/wp\/v2\/product\/1915","targetHints":{"allow":["GET"]}}],"collection":[{"href":"https:\/\/www.regionalis.shop\/huizbirn\/wp-json\/wp\/v2\/product"}],"about":[{"href":"https:\/\/www.regionalis.shop\/huizbirn\/wp-json\/wp\/v2\/types\/product"}],"wp:featuredmedia":[{"embeddable":true,"href":"https:\/\/www.regionalis.shop\/huizbirn\/wp-json\/wp\/v2\/media\/1916"}],"wp:attachment":[{"href":"https:\/\/www.regionalis.shop\/huizbirn\/wp-json\/wp\/v2\/media?parent=1915"}],"wp:term":[{"taxonomy":"product_brand","embeddable":true,"href":"https:\/\/www.regionalis.shop\/huizbirn\/wp-json\/wp\/v2\/product_brand?post=1915"},{"taxonomy":"product_cat","embeddable":true,"href":"https:\/\/www.regionalis.shop\/huizbirn\/wp-json\/wp\/v2\/product_cat?post=1915"},{"taxonomy":"product_tag","embeddable":true,"href":"https:\/\/www.regionalis.shop\/huizbirn\/wp-json\/wp\/v2\/product_tag?post=1915"}],"curies":[{"name":"wp","href":"https:\/\/api.w.org\/{rel}","templated":true}]}}