{"id":1929,"date":"2025-04-18T07:17:31","date_gmt":"2025-04-18T05:17:31","guid":{"rendered":"https:\/\/www.regionalis.shop\/huizbirn\/product\/holz-armband-trachtenschmuck-kette-3-cm-holzschmuck-birne-armschmuck\/"},"modified":"2025-04-18T07:17:31","modified_gmt":"2025-04-18T05:17:31","slug":"holz-armband-trachtenschmuck-kette-3-cm-holzschmuck-birne-armschmuck","status":"publish","type":"product","link":"https:\/\/www.regionalis.shop\/huizbirn\/shop\/holz-armband-trachtenschmuck-kette-3-cm-holzschmuck-birne-armschmuck\/","title":{"rendered":"Holz Armband Trachtenschmuck Kette 3 cm Holzschmuck Birne Armschmuck"},"content":{"rendered":"<p>Wundersch\u00f6nes Armband Edelstahl bronze und \u00f6sterreichischem Birnen-Holz. Ein tolles Accessoire und absoluter Hingucker.<\/p>\n<p>Liebevolle Handarbeit mit H\u00f6lzern aus dem steirischen Wechselland.<\/p>\n<p>Gr\u00f6\u00dfe: Durchmesser 3 cm<br \/>\nVerschluss: Karabiner<br \/>\nHolzart: Birne<br \/>\nMaterial: bronze, antik<\/p>\n<p>Eignet sich auch wunderbar als Geschenk!<\/p>\n","protected":false},"excerpt":{"rendered":"<p>Wundersch\u00f6nes Armband Edelstahl bronze und \u00f6sterreichischem Birnen-Holz. Ein tolles Accessoire und absoluter Hingucker. Liebevolle Handarbeit mit H\u00f6lzern aus dem steirischen Wechselland. Gr\u00f6\u00dfe: Durchmesser 3 cm Verschluss: Karabiner Holzart: Birne Material: bronze, antik Eignet sich auch wunderbar als Geschenk!<\/p>\n","protected":false},"featured_media":1930,"template":"","meta":{"_acf_changed":false},"product_brand":[],"product_cat":[110,70],"product_tag":[],"class_list":{"0":"post-1929","1":"product","2":"type-product","3":"status-publish","4":"has-post-thumbnail","6":"product_cat-armbaender","7":"product_cat-schmuck","9":"first","10":"instock","11":"purchasable","12":"product-type-simple"},"acf":[],"_links":{"self":[{"href":"https:\/\/www.regionalis.shop\/huizbirn\/wp-json\/wp\/v2\/product\/1929","targetHints":{"allow":["GET"]}}],"collection":[{"href":"https:\/\/www.regionalis.shop\/huizbirn\/wp-json\/wp\/v2\/product"}],"about":[{"href":"https:\/\/www.regionalis.shop\/huizbirn\/wp-json\/wp\/v2\/types\/product"}],"wp:featuredmedia":[{"embeddable":true,"href":"https:\/\/www.regionalis.shop\/huizbirn\/wp-json\/wp\/v2\/media\/1930"}],"wp:attachment":[{"href":"https:\/\/www.regionalis.shop\/huizbirn\/wp-json\/wp\/v2\/media?parent=1929"}],"wp:term":[{"taxonomy":"product_brand","embeddable":true,"href":"https:\/\/www.regionalis.shop\/huizbirn\/wp-json\/wp\/v2\/product_brand?post=1929"},{"taxonomy":"product_cat","embeddable":true,"href":"https:\/\/www.regionalis.shop\/huizbirn\/wp-json\/wp\/v2\/product_cat?post=1929"},{"taxonomy":"product_tag","embeddable":true,"href":"https:\/\/www.regionalis.shop\/huizbirn\/wp-json\/wp\/v2\/product_tag?post=1929"}],"curies":[{"name":"wp","href":"https:\/\/api.w.org\/{rel}","templated":true}]}}