{"id":1935,"date":"2025-04-18T07:17:31","date_gmt":"2025-04-18T05:17:31","guid":{"rendered":"https:\/\/www.regionalis.shop\/huizbirn\/product\/holz-armband-armkette-zirbetrachtenschmuck-2-cm-holzschmuck-armschmuck\/"},"modified":"2025-04-18T07:17:31","modified_gmt":"2025-04-18T05:17:31","slug":"holz-armband-armkette-zirbetrachtenschmuck-2-cm-holzschmuck-armschmuck","status":"publish","type":"product","link":"https:\/\/www.regionalis.shop\/huizbirn\/shop\/holz-armband-armkette-zirbetrachtenschmuck-2-cm-holzschmuck-armschmuck\/","title":{"rendered":"Holz Armband Armkette ZirbeTrachtenschmuck 2 cm Holzschmuck Armschmuck"},"content":{"rendered":"<p>Wundersch\u00f6nes Armband Edelstahl in Antikoptik und \u00f6sterreichischem Zirbe-Holz. Ein tolles Accessoire und absoluter Hingucker.<\/p>\n<p>Liebevolle Handarbeit mit H\u00f6lzern aus dem steirischen Wechselland.<\/p>\n<p>Gr\u00f6\u00dfe: Durchmesser 2\u00a0cm<br \/>\nVerschluss: Karabiner<br \/>\nHolzart: lebhaftes Zirbenholz<br \/>\nMaterial: Edelstahl<\/p>\n<p>Eignet sich auch wunderbar als Geschenk!<\/p>\n<p>Schenken Sie sich selbst oder Ihren liebsten ein Unikat aus Holz. Egal ob zu Geburtstag, Namenstag, Ostern, Weihnachten, Hochzeit, Valentinstag, Verlobung oder anderen Anl\u00e4ssen.\u00a0<\/p>\n","protected":false},"excerpt":{"rendered":"<p>Wundersch\u00f6nes Armband Edelstahl in Antikoptik und \u00f6sterreichischem Zirbe-Holz. Ein tolles Accessoire und absoluter Hingucker. Liebevolle Handarbeit mit H\u00f6lzern aus dem steirischen Wechselland. Gr\u00f6\u00dfe: Durchmesser 2\u00a0cm Verschluss: Karabiner Holzart: lebhaftes Zirbenholz Material: Edelstahl Eignet sich auch wunderbar als Geschenk! Schenken Sie sich selbst oder Ihren liebsten ein Unikat aus Holz. Egal ob zu Geburtstag, Namenstag, Ostern, &hellip; <a href=\"https:\/\/www.regionalis.shop\/huizbirn\/shop\/holz-armband-armkette-zirbetrachtenschmuck-2-cm-holzschmuck-armschmuck\/\">Continued<\/a><\/p>\n","protected":false},"featured_media":1936,"template":"","meta":{"_acf_changed":false},"product_brand":[],"product_cat":[110,70],"product_tag":[],"class_list":{"0":"post-1935","1":"product","2":"type-product","3":"status-publish","4":"has-post-thumbnail","6":"product_cat-armbaender","7":"product_cat-schmuck","9":"first","10":"instock","11":"purchasable","12":"product-type-simple"},"acf":[],"_links":{"self":[{"href":"https:\/\/www.regionalis.shop\/huizbirn\/wp-json\/wp\/v2\/product\/1935","targetHints":{"allow":["GET"]}}],"collection":[{"href":"https:\/\/www.regionalis.shop\/huizbirn\/wp-json\/wp\/v2\/product"}],"about":[{"href":"https:\/\/www.regionalis.shop\/huizbirn\/wp-json\/wp\/v2\/types\/product"}],"wp:featuredmedia":[{"embeddable":true,"href":"https:\/\/www.regionalis.shop\/huizbirn\/wp-json\/wp\/v2\/media\/1936"}],"wp:attachment":[{"href":"https:\/\/www.regionalis.shop\/huizbirn\/wp-json\/wp\/v2\/media?parent=1935"}],"wp:term":[{"taxonomy":"product_brand","embeddable":true,"href":"https:\/\/www.regionalis.shop\/huizbirn\/wp-json\/wp\/v2\/product_brand?post=1935"},{"taxonomy":"product_cat","embeddable":true,"href":"https:\/\/www.regionalis.shop\/huizbirn\/wp-json\/wp\/v2\/product_cat?post=1935"},{"taxonomy":"product_tag","embeddable":true,"href":"https:\/\/www.regionalis.shop\/huizbirn\/wp-json\/wp\/v2\/product_tag?post=1935"}],"curies":[{"name":"wp","href":"https:\/\/api.w.org\/{rel}","templated":true}]}}