{"id":1944,"date":"2025-04-18T06:51:28","date_gmt":"2025-04-18T04:51:28","guid":{"rendered":"https:\/\/www.regionalis.shop\/huizbirn\/product\/holz-armreif-holzschmuck-esche-trachtenschmuck-verchromt-armschmuck\/"},"modified":"2025-04-18T06:51:28","modified_gmt":"2025-04-18T04:51:28","slug":"holz-armreif-holzschmuck-esche-trachtenschmuck-verchromt-armschmuck","status":"publish","type":"product","link":"https:\/\/www.regionalis.shop\/huizbirn\/shop\/holz-armreif-holzschmuck-esche-trachtenschmuck-verchromt-armschmuck\/","title":{"rendered":"Holz Armreif Holzschmuck Esche Trachtenschmuck verchromt Armschmuck"},"content":{"rendered":"<p>Wundersch\u00f6ner Armreif aus verchromtem Edelstahl und \u00f6sterreichischem Eschen-Holz. Ein tolles Accessoire und absoluter Hingucker.<\/p>\n<p>Liebevolle Handarbeit mit H\u00f6lzern aus dem steirischen Wechselland.<\/p>\n<p>Gr\u00f6\u00dfe: Durchmesser 3 cm<br \/>\nHolzart: Esche<br \/>\nMaterial: Edelstahl, verchromt<\/p>\n<p>Eignet sich auch wunderbar als Geschenk!<\/p>\n","protected":false},"excerpt":{"rendered":"<p>Wundersch\u00f6ner Armreif aus verchromtem Edelstahl und \u00f6sterreichischem Eschen-Holz. Ein tolles Accessoire und absoluter Hingucker. Liebevolle Handarbeit mit H\u00f6lzern aus dem steirischen Wechselland. Gr\u00f6\u00dfe: Durchmesser 3 cm Holzart: Esche Material: Edelstahl, verchromt Eignet sich auch wunderbar als Geschenk!<\/p>\n","protected":false},"featured_media":1945,"template":"","meta":{"_acf_changed":false},"product_brand":[],"product_cat":[110,70],"product_tag":[],"class_list":{"0":"post-1944","1":"product","2":"type-product","3":"status-publish","4":"has-post-thumbnail","6":"product_cat-armbaender","7":"product_cat-schmuck","9":"first","10":"instock","11":"purchasable","12":"product-type-simple"},"acf":[],"_links":{"self":[{"href":"https:\/\/www.regionalis.shop\/huizbirn\/wp-json\/wp\/v2\/product\/1944","targetHints":{"allow":["GET"]}}],"collection":[{"href":"https:\/\/www.regionalis.shop\/huizbirn\/wp-json\/wp\/v2\/product"}],"about":[{"href":"https:\/\/www.regionalis.shop\/huizbirn\/wp-json\/wp\/v2\/types\/product"}],"wp:featuredmedia":[{"embeddable":true,"href":"https:\/\/www.regionalis.shop\/huizbirn\/wp-json\/wp\/v2\/media\/1945"}],"wp:attachment":[{"href":"https:\/\/www.regionalis.shop\/huizbirn\/wp-json\/wp\/v2\/media?parent=1944"}],"wp:term":[{"taxonomy":"product_brand","embeddable":true,"href":"https:\/\/www.regionalis.shop\/huizbirn\/wp-json\/wp\/v2\/product_brand?post=1944"},{"taxonomy":"product_cat","embeddable":true,"href":"https:\/\/www.regionalis.shop\/huizbirn\/wp-json\/wp\/v2\/product_cat?post=1944"},{"taxonomy":"product_tag","embeddable":true,"href":"https:\/\/www.regionalis.shop\/huizbirn\/wp-json\/wp\/v2\/product_tag?post=1944"}],"curies":[{"name":"wp","href":"https:\/\/api.w.org\/{rel}","templated":true}]}}