{"id":1947,"date":"2025-04-18T05:33:14","date_gmt":"2025-04-18T03:33:14","guid":{"rendered":"https:\/\/www.regionalis.shop\/huizbirn\/product\/holz-ohrringe-ohranhaenger-ohrschmuck-apfel-trachtenschmuck-holzschmuck\/"},"modified":"2025-04-18T05:33:14","modified_gmt":"2025-04-18T03:33:14","slug":"holz-ohrringe-ohranhaenger-ohrschmuck-apfel-trachtenschmuck-holzschmuck","status":"publish","type":"product","link":"https:\/\/www.regionalis.shop\/huizbirn\/shop\/holz-ohrringe-ohranhaenger-ohrschmuck-apfel-trachtenschmuck-holzschmuck\/","title":{"rendered":"Holz Ohrringe Ohranh\u00e4nger Ohrschmuck Apfel Trachtenschmuck Holzschmuck"},"content":{"rendered":"<p>Ein wundersch\u00f6nes Paar H\u00e4ngeohrringe aus steirischem Apfelholz eingefasst in\u00a0verchromten Edelstahl. Wenn Sie 2 wunderbare Unikate an Ihren Ohren<br \/>\ntragen m\u00f6chten, dann sind Sie genau richtig.<\/p>\n<p>Liebevolle Handarbeit aus dem steirischen Wechselland.<\/p>\n<p>Gr\u00f6\u00dfe: Durchmesser 3 x 1,5 cm<br \/>\nHolzart: steirisches Apfelholz<\/p>\n<p>Schenken Sie sich selbst oder Ihren liebsten ein Unikat aus Holz. Egal ob zu Geburtstag, Namenstag, Ostern, Weihnachten, Hochzeit, Valentinstag, Verlobung oder anderen Anl\u00e4ssen.<\/p>\n","protected":false},"excerpt":{"rendered":"<p>Ein wundersch\u00f6nes Paar H\u00e4ngeohrringe aus steirischem Apfelholz eingefasst in\u00a0verchromten Edelstahl. Wenn Sie 2 wunderbare Unikate an Ihren Ohren tragen m\u00f6chten, dann sind Sie genau richtig. Liebevolle Handarbeit aus dem steirischen Wechselland. Gr\u00f6\u00dfe: Durchmesser 3 x 1,5 cm Holzart: steirisches Apfelholz Schenken Sie sich selbst oder Ihren liebsten ein Unikat aus Holz. Egal ob zu Geburtstag, &hellip; <a href=\"https:\/\/www.regionalis.shop\/huizbirn\/shop\/holz-ohrringe-ohranhaenger-ohrschmuck-apfel-trachtenschmuck-holzschmuck\/\">Continued<\/a><\/p>\n","protected":false},"featured_media":1948,"template":"","meta":{"_acf_changed":false},"product_brand":[],"product_cat":[110,70],"product_tag":[],"class_list":{"0":"post-1947","1":"product","2":"type-product","3":"status-publish","4":"has-post-thumbnail","6":"product_cat-armbaender","7":"product_cat-schmuck","9":"first","10":"instock","11":"purchasable","12":"product-type-simple"},"acf":[],"_links":{"self":[{"href":"https:\/\/www.regionalis.shop\/huizbirn\/wp-json\/wp\/v2\/product\/1947","targetHints":{"allow":["GET"]}}],"collection":[{"href":"https:\/\/www.regionalis.shop\/huizbirn\/wp-json\/wp\/v2\/product"}],"about":[{"href":"https:\/\/www.regionalis.shop\/huizbirn\/wp-json\/wp\/v2\/types\/product"}],"wp:featuredmedia":[{"embeddable":true,"href":"https:\/\/www.regionalis.shop\/huizbirn\/wp-json\/wp\/v2\/media\/1948"}],"wp:attachment":[{"href":"https:\/\/www.regionalis.shop\/huizbirn\/wp-json\/wp\/v2\/media?parent=1947"}],"wp:term":[{"taxonomy":"product_brand","embeddable":true,"href":"https:\/\/www.regionalis.shop\/huizbirn\/wp-json\/wp\/v2\/product_brand?post=1947"},{"taxonomy":"product_cat","embeddable":true,"href":"https:\/\/www.regionalis.shop\/huizbirn\/wp-json\/wp\/v2\/product_cat?post=1947"},{"taxonomy":"product_tag","embeddable":true,"href":"https:\/\/www.regionalis.shop\/huizbirn\/wp-json\/wp\/v2\/product_tag?post=1947"}],"curies":[{"name":"wp","href":"https:\/\/api.w.org\/{rel}","templated":true}]}}