{"id":1964,"date":"2025-04-18T05:30:31","date_gmt":"2025-04-18T03:30:31","guid":{"rendered":"https:\/\/www.regionalis.shop\/huizbirn\/product\/holzschale-holzschuessel-fichte-%e2%88%8522-cm-obstschale-dekoschuessel-holzdekoration\/"},"modified":"2025-04-18T05:30:31","modified_gmt":"2025-04-18T03:30:31","slug":"holzschale-holzschuessel-fichte-%e2%88%8522-cm-obstschale-dekoschuessel-holzdekoration","status":"publish","type":"product","link":"https:\/\/www.regionalis.shop\/huizbirn\/shop\/holzschale-holzschuessel-fichte-%e2%88%8522-cm-obstschale-dekoschuessel-holzdekoration\/","title":{"rendered":"Holzschale Holzsch\u00fcssel Fichte \u220522 cm Obstschale Dekosch\u00fcssel Holzdekoration"},"content":{"rendered":"<p>Wundersch\u00f6ne, handgearbeitete Schale aus \u00f6sterreichischem Fichten-Holz. Das Highlight sind die sch\u00f6nen Maser- und Farbspiele, die dieses St\u00fcck zu einem absoluten Unikat machen. Au\u00dfen ist die Schale mit nat\u00fcrlichen Kreidefarben im Bordeaux-Ton handbemalt.<\/p>\n<p>Durchmesser: ca. 22\u00a0cm<\/p>\n<p>H\u00f6he: ca. 5\u00a0cm<\/p>\n<p>Die Schale wurde von Hand gedrechselt und mit lebensmittelechtem \u00d6l dauerhaft versiegelt. Ein wundersch\u00f6nes Unikat, Made in Austria.<\/p>\n<p>Allgemeiner Hinweis: Holz ist ein Naturprodukt und nicht f\u00fcr den Geschirrsp\u00fcler geeignet!<\/p>\n<p>Eine tolle Geschenksidee zum Geburtstag, Weihnachten oder anderen Anlass.<\/p>\n","protected":false},"excerpt":{"rendered":"<p>Wundersch\u00f6ne, handgearbeitete Schale aus \u00f6sterreichischem Fichten-Holz. Das Highlight sind die sch\u00f6nen Maser- und Farbspiele, die dieses St\u00fcck zu einem absoluten Unikat machen. Au\u00dfen ist die Schale mit nat\u00fcrlichen Kreidefarben im Bordeaux-Ton handbemalt. Durchmesser: ca. 22\u00a0cm H\u00f6he: ca. 5\u00a0cm Die Schale wurde von Hand gedrechselt und mit lebensmittelechtem \u00d6l dauerhaft versiegelt. Ein wundersch\u00f6nes Unikat, Made in &hellip; <a href=\"https:\/\/www.regionalis.shop\/huizbirn\/shop\/holzschale-holzschuessel-fichte-%e2%88%8522-cm-obstschale-dekoschuessel-holzdekoration\/\">Continued<\/a><\/p>\n","protected":false},"featured_media":1965,"template":"","meta":{"_acf_changed":false},"product_brand":[],"product_cat":[174,103],"product_tag":[],"class_list":{"0":"post-1964","1":"product","2":"type-product","3":"status-publish","4":"has-post-thumbnail","6":"product_cat-wohndekoration","7":"product_cat-wohnen-deko","9":"first","10":"instock","11":"purchasable","12":"product-type-simple"},"acf":[],"_links":{"self":[{"href":"https:\/\/www.regionalis.shop\/huizbirn\/wp-json\/wp\/v2\/product\/1964","targetHints":{"allow":["GET"]}}],"collection":[{"href":"https:\/\/www.regionalis.shop\/huizbirn\/wp-json\/wp\/v2\/product"}],"about":[{"href":"https:\/\/www.regionalis.shop\/huizbirn\/wp-json\/wp\/v2\/types\/product"}],"wp:featuredmedia":[{"embeddable":true,"href":"https:\/\/www.regionalis.shop\/huizbirn\/wp-json\/wp\/v2\/media\/1965"}],"wp:attachment":[{"href":"https:\/\/www.regionalis.shop\/huizbirn\/wp-json\/wp\/v2\/media?parent=1964"}],"wp:term":[{"taxonomy":"product_brand","embeddable":true,"href":"https:\/\/www.regionalis.shop\/huizbirn\/wp-json\/wp\/v2\/product_brand?post=1964"},{"taxonomy":"product_cat","embeddable":true,"href":"https:\/\/www.regionalis.shop\/huizbirn\/wp-json\/wp\/v2\/product_cat?post=1964"},{"taxonomy":"product_tag","embeddable":true,"href":"https:\/\/www.regionalis.shop\/huizbirn\/wp-json\/wp\/v2\/product_tag?post=1964"}],"curies":[{"name":"wp","href":"https:\/\/api.w.org\/{rel}","templated":true}]}}