{"id":1968,"date":"2025-04-18T05:12:43","date_gmt":"2025-04-18T03:12:43","guid":{"rendered":"https:\/\/www.regionalis.shop\/huizbirn\/product\/holz-armreif-armband-trachtenschmuck-holzschmuck-zirbe-handarbeit\/"},"modified":"2025-04-18T05:12:43","modified_gmt":"2025-04-18T03:12:43","slug":"holz-armreif-armband-trachtenschmuck-holzschmuck-zirbe-handarbeit","status":"publish","type":"product","link":"https:\/\/www.regionalis.shop\/huizbirn\/shop\/holz-armreif-armband-trachtenschmuck-holzschmuck-zirbe-handarbeit\/","title":{"rendered":"Holz Armreif Armband Trachtenschmuck Holzschmuck Zirbe Handarbeit"},"content":{"rendered":"<p>Wundersch\u00f6ner Armreif aus verchromten Edelstahl und \u00f6sterreichischem Zirbenholz. Ein tolles Accessoire und absoluter Hingucker.<\/p>\n<p>Liebevolle Handarbeit mit H\u00f6lzern aus dem steirischen Wechselland.<\/p>\n<p>Gr\u00f6\u00dfe: Durchmesser 1.7 cm<br \/>\nHolzart: Zirbe<br \/>\nMaterial: Edelstahl, verchromt<\/p>\n<p>Eignet sich auch wunderbar als Geschenk!<\/p>\n","protected":false},"excerpt":{"rendered":"<p>Wundersch\u00f6ner Armreif aus verchromten Edelstahl und \u00f6sterreichischem Zirbenholz. Ein tolles Accessoire und absoluter Hingucker. Liebevolle Handarbeit mit H\u00f6lzern aus dem steirischen Wechselland. Gr\u00f6\u00dfe: Durchmesser 1.7 cm Holzart: Zirbe Material: Edelstahl, verchromt Eignet sich auch wunderbar als Geschenk!<\/p>\n","protected":false},"featured_media":1969,"template":"","meta":{"_acf_changed":false},"product_brand":[],"product_cat":[110,70],"product_tag":[],"class_list":{"0":"post-1968","1":"product","2":"type-product","3":"status-publish","4":"has-post-thumbnail","6":"product_cat-armbaender","7":"product_cat-schmuck","9":"first","10":"instock","11":"purchasable","12":"product-type-simple"},"acf":[],"_links":{"self":[{"href":"https:\/\/www.regionalis.shop\/huizbirn\/wp-json\/wp\/v2\/product\/1968","targetHints":{"allow":["GET"]}}],"collection":[{"href":"https:\/\/www.regionalis.shop\/huizbirn\/wp-json\/wp\/v2\/product"}],"about":[{"href":"https:\/\/www.regionalis.shop\/huizbirn\/wp-json\/wp\/v2\/types\/product"}],"wp:featuredmedia":[{"embeddable":true,"href":"https:\/\/www.regionalis.shop\/huizbirn\/wp-json\/wp\/v2\/media\/1969"}],"wp:attachment":[{"href":"https:\/\/www.regionalis.shop\/huizbirn\/wp-json\/wp\/v2\/media?parent=1968"}],"wp:term":[{"taxonomy":"product_brand","embeddable":true,"href":"https:\/\/www.regionalis.shop\/huizbirn\/wp-json\/wp\/v2\/product_brand?post=1968"},{"taxonomy":"product_cat","embeddable":true,"href":"https:\/\/www.regionalis.shop\/huizbirn\/wp-json\/wp\/v2\/product_cat?post=1968"},{"taxonomy":"product_tag","embeddable":true,"href":"https:\/\/www.regionalis.shop\/huizbirn\/wp-json\/wp\/v2\/product_tag?post=1968"}],"curies":[{"name":"wp","href":"https:\/\/api.w.org\/{rel}","templated":true}]}}