{"id":1971,"date":"2025-04-18T05:12:43","date_gmt":"2025-04-18T03:12:43","guid":{"rendered":"https:\/\/www.regionalis.shop\/huizbirn\/product\/holz-armreif-armband-trachtenschmuck-holzschmuck-zeder-handarbeit\/"},"modified":"2025-04-18T05:12:43","modified_gmt":"2025-04-18T03:12:43","slug":"holz-armreif-armband-trachtenschmuck-holzschmuck-zeder-handarbeit","status":"publish","type":"product","link":"https:\/\/www.regionalis.shop\/huizbirn\/shop\/holz-armreif-armband-trachtenschmuck-holzschmuck-zeder-handarbeit\/","title":{"rendered":"Holz Armreif Armband Trachtenschmuck Holzschmuck Zeder Handarbeit"},"content":{"rendered":"<p>Wundersch\u00f6ner Armreif aus verchromten Edelstahl und \u00f6sterreichischem Atlas Zedern Holz. Ein tolles Accessoire und absoluter Hingucker.<\/p>\n<p>Liebevolle Handarbeit mit H\u00f6lzern aus dem steirischen Wechselland.<\/p>\n<p>Gr\u00f6\u00dfe: Durchmesser 1.7 cm<br \/>\nHolzart: Zeder<br \/>\nMaterial: Edelstahl, verchromt<\/p>\n<p>Eignet sich auch wunderbar als Geschenk!<\/p>\n","protected":false},"excerpt":{"rendered":"<p>Wundersch\u00f6ner Armreif aus verchromten Edelstahl und \u00f6sterreichischem Atlas Zedern Holz. Ein tolles Accessoire und absoluter Hingucker. Liebevolle Handarbeit mit H\u00f6lzern aus dem steirischen Wechselland. Gr\u00f6\u00dfe: Durchmesser 1.7 cm Holzart: Zeder Material: Edelstahl, verchromt Eignet sich auch wunderbar als Geschenk!<\/p>\n","protected":false},"featured_media":1972,"template":"","meta":{"_acf_changed":false},"product_brand":[],"product_cat":[110,70],"product_tag":[],"class_list":{"0":"post-1971","1":"product","2":"type-product","3":"status-publish","4":"has-post-thumbnail","6":"product_cat-armbaender","7":"product_cat-schmuck","9":"first","10":"instock","11":"purchasable","12":"product-type-simple"},"acf":[],"_links":{"self":[{"href":"https:\/\/www.regionalis.shop\/huizbirn\/wp-json\/wp\/v2\/product\/1971","targetHints":{"allow":["GET"]}}],"collection":[{"href":"https:\/\/www.regionalis.shop\/huizbirn\/wp-json\/wp\/v2\/product"}],"about":[{"href":"https:\/\/www.regionalis.shop\/huizbirn\/wp-json\/wp\/v2\/types\/product"}],"wp:featuredmedia":[{"embeddable":true,"href":"https:\/\/www.regionalis.shop\/huizbirn\/wp-json\/wp\/v2\/media\/1972"}],"wp:attachment":[{"href":"https:\/\/www.regionalis.shop\/huizbirn\/wp-json\/wp\/v2\/media?parent=1971"}],"wp:term":[{"taxonomy":"product_brand","embeddable":true,"href":"https:\/\/www.regionalis.shop\/huizbirn\/wp-json\/wp\/v2\/product_brand?post=1971"},{"taxonomy":"product_cat","embeddable":true,"href":"https:\/\/www.regionalis.shop\/huizbirn\/wp-json\/wp\/v2\/product_cat?post=1971"},{"taxonomy":"product_tag","embeddable":true,"href":"https:\/\/www.regionalis.shop\/huizbirn\/wp-json\/wp\/v2\/product_tag?post=1971"}],"curies":[{"name":"wp","href":"https:\/\/api.w.org\/{rel}","templated":true}]}}