{"id":1974,"date":"2025-04-18T05:12:43","date_gmt":"2025-04-18T03:12:43","guid":{"rendered":"https:\/\/www.regionalis.shop\/huizbirn\/product\/holz-kugelschreiber-klick-kugelschreiber-esche-handmade-geschenk\/"},"modified":"2025-04-18T05:12:43","modified_gmt":"2025-04-18T03:12:43","slug":"holz-kugelschreiber-klick-kugelschreiber-esche-handmade-geschenk","status":"publish","type":"product","link":"https:\/\/www.regionalis.shop\/huizbirn\/shop\/holz-kugelschreiber-klick-kugelschreiber-esche-handmade-geschenk\/","title":{"rendered":"Holz Kugelschreiber Klick Kugelschreiber Esche handmade Geschenk"},"content":{"rendered":"<p>Handgearbeiteter Klick Kugelschreiber, handgefertigt aus \u00f6sterreichischem Eschen-Holz. In seinen Schattierungen und Farbspielen einmalig!<\/p>\n<p>Ein absolutes Unikat!<\/p>\n<p>&#8211; kinderleichter Klick Mechanismus<br \/>\n&#8211; wechselbare, handels\u00fcbliche Kugelschreibermine<br \/>\n\u00a0&#8211; hochwertiger Bausatz, \u00a0L\u00e4nge ca. 13.5 cm, Bausatz Farbe verchromt<br \/>\n&#8211; Lieferung inkl. Samt T\u00e4schchen<br \/>\n&#8211; Oberfl\u00e4che gedrechselt, fein geschliffen, ge\u00f6lt und lebensmittelecht versiegelt<\/p>\n<p>Jeder Kugelschreiber ist ein absolutes Unikat und ein ideales Geschenk.<\/p>\n<p>Eine tolle Geschenksidee zum Geburtstag, Weihnachten oder anderen Anlass.<\/p>\n","protected":false},"excerpt":{"rendered":"<p>Handgearbeiteter Klick Kugelschreiber, handgefertigt aus \u00f6sterreichischem Eschen-Holz. In seinen Schattierungen und Farbspielen einmalig! Ein absolutes Unikat! &#8211; kinderleichter Klick Mechanismus &#8211; wechselbare, handels\u00fcbliche Kugelschreibermine \u00a0&#8211; hochwertiger Bausatz, \u00a0L\u00e4nge ca. 13.5 cm, Bausatz Farbe verchromt &#8211; Lieferung inkl. Samt T\u00e4schchen &#8211; Oberfl\u00e4che gedrechselt, fein geschliffen, ge\u00f6lt und lebensmittelecht versiegelt Jeder Kugelschreiber ist ein absolutes Unikat und &hellip; <a href=\"https:\/\/www.regionalis.shop\/huizbirn\/shop\/holz-kugelschreiber-klick-kugelschreiber-esche-handmade-geschenk\/\">Continued<\/a><\/p>\n","protected":false},"featured_media":1975,"template":"","meta":{"_acf_changed":false},"product_brand":[],"product_cat":[62,72],"product_tag":[],"class_list":{"0":"post-1974","1":"product","2":"type-product","3":"status-publish","4":"has-post-thumbnail","6":"product_cat-papeterie-schreibwaren","7":"product_cat-schreibwaren","9":"first","10":"instock","11":"purchasable","12":"product-type-simple"},"acf":[],"_links":{"self":[{"href":"https:\/\/www.regionalis.shop\/huizbirn\/wp-json\/wp\/v2\/product\/1974","targetHints":{"allow":["GET"]}}],"collection":[{"href":"https:\/\/www.regionalis.shop\/huizbirn\/wp-json\/wp\/v2\/product"}],"about":[{"href":"https:\/\/www.regionalis.shop\/huizbirn\/wp-json\/wp\/v2\/types\/product"}],"wp:featuredmedia":[{"embeddable":true,"href":"https:\/\/www.regionalis.shop\/huizbirn\/wp-json\/wp\/v2\/media\/1975"}],"wp:attachment":[{"href":"https:\/\/www.regionalis.shop\/huizbirn\/wp-json\/wp\/v2\/media?parent=1974"}],"wp:term":[{"taxonomy":"product_brand","embeddable":true,"href":"https:\/\/www.regionalis.shop\/huizbirn\/wp-json\/wp\/v2\/product_brand?post=1974"},{"taxonomy":"product_cat","embeddable":true,"href":"https:\/\/www.regionalis.shop\/huizbirn\/wp-json\/wp\/v2\/product_cat?post=1974"},{"taxonomy":"product_tag","embeddable":true,"href":"https:\/\/www.regionalis.shop\/huizbirn\/wp-json\/wp\/v2\/product_tag?post=1974"}],"curies":[{"name":"wp","href":"https:\/\/api.w.org\/{rel}","templated":true}]}}