{"id":1977,"date":"2025-04-18T05:12:43","date_gmt":"2025-04-18T03:12:43","guid":{"rendered":"https:\/\/www.regionalis.shop\/huizbirn\/product\/holz-manschettenknoepfe-weide-handmade-geschenk-made-in-austria\/"},"modified":"2025-04-18T05:12:43","modified_gmt":"2025-04-18T03:12:43","slug":"holz-manschettenknoepfe-weide-handmade-geschenk-made-in-austria","status":"publish","type":"product","link":"https:\/\/www.regionalis.shop\/huizbirn\/shop\/holz-manschettenknoepfe-weide-handmade-geschenk-made-in-austria\/","title":{"rendered":"Holz Manschettenkn\u00f6pfe Weide handmade Geschenk made in austria"},"content":{"rendered":"<p>Wundersch\u00f6ne Manschettenkn\u00f6pfe aus einzigartigem Weiden-Holz.<\/p>\n<p>Jedes St\u00fcck ein einzigartiges Unikat aus \u00d6sterreich, genauer gesagt aus dem oststeirischen Wechselland.<\/p>\n<p>Gr\u00f6\u00dfe Manschettenknopf:<br \/>\n1,5 cm<\/p>\n<p>Material:<br \/>\nEdelstahl verchromt<br \/>\nHolz Weide , fein geschliffen und lebensmittelecht versiegelt<\/p>\n<p>Tragen Sie diese sch\u00f6nen St\u00fccke zu edlen Anl\u00e4ssen wie zu Hochzeiten oder auch zu legereren Anl\u00e4ssen, wie Geburtstagsfeiern. Diese wundersch\u00f6nen Unikate sind immer ein Hingucker.<\/p>\n<p>Handgearbeitet, regional und f\u00fcr Sie ein ruhiges Gewissen. Denn f\u00fcr das Holz wurde kein Baum geschl\u00e4gert.<br \/>\nDiese Form der Nachhaltigkeit heutzutage tragen zu k\u00f6nnen ist schon etwas Besonderes.<\/p>\n<p>Schenken Sie sich selbst oder Ihren liebsten ein Unikat aus Holz. Egal ob zu Geburtstag, Namenstag, Ostern, Weihnachten, Hochzeit, Valentinstag, Verlobung oder anderen Anl\u00e4ssen.<\/p>\n","protected":false},"excerpt":{"rendered":"<p>Wundersch\u00f6ne Manschettenkn\u00f6pfe aus einzigartigem Weiden-Holz. Jedes St\u00fcck ein einzigartiges Unikat aus \u00d6sterreich, genauer gesagt aus dem oststeirischen Wechselland. Gr\u00f6\u00dfe Manschettenknopf: 1,5 cm Material: Edelstahl verchromt Holz Weide , fein geschliffen und lebensmittelecht versiegelt Tragen Sie diese sch\u00f6nen St\u00fccke zu edlen Anl\u00e4ssen wie zu Hochzeiten oder auch zu legereren Anl\u00e4ssen, wie Geburtstagsfeiern. Diese wundersch\u00f6nen Unikate sind &hellip; <a href=\"https:\/\/www.regionalis.shop\/huizbirn\/shop\/holz-manschettenknoepfe-weide-handmade-geschenk-made-in-austria\/\">Continued<\/a><\/p>\n","protected":false},"featured_media":1978,"template":"","meta":{"_acf_changed":false},"product_brand":[],"product_cat":[37,58],"product_tag":[],"class_list":{"0":"post-1977","1":"product","2":"type-product","3":"status-publish","4":"has-post-thumbnail","6":"product_cat-accessoires","7":"product_cat-manschettenknoepfe","9":"first","10":"instock","11":"purchasable","12":"product-type-simple"},"acf":[],"_links":{"self":[{"href":"https:\/\/www.regionalis.shop\/huizbirn\/wp-json\/wp\/v2\/product\/1977","targetHints":{"allow":["GET"]}}],"collection":[{"href":"https:\/\/www.regionalis.shop\/huizbirn\/wp-json\/wp\/v2\/product"}],"about":[{"href":"https:\/\/www.regionalis.shop\/huizbirn\/wp-json\/wp\/v2\/types\/product"}],"wp:featuredmedia":[{"embeddable":true,"href":"https:\/\/www.regionalis.shop\/huizbirn\/wp-json\/wp\/v2\/media\/1978"}],"wp:attachment":[{"href":"https:\/\/www.regionalis.shop\/huizbirn\/wp-json\/wp\/v2\/media?parent=1977"}],"wp:term":[{"taxonomy":"product_brand","embeddable":true,"href":"https:\/\/www.regionalis.shop\/huizbirn\/wp-json\/wp\/v2\/product_brand?post=1977"},{"taxonomy":"product_cat","embeddable":true,"href":"https:\/\/www.regionalis.shop\/huizbirn\/wp-json\/wp\/v2\/product_cat?post=1977"},{"taxonomy":"product_tag","embeddable":true,"href":"https:\/\/www.regionalis.shop\/huizbirn\/wp-json\/wp\/v2\/product_tag?post=1977"}],"curies":[{"name":"wp","href":"https:\/\/api.w.org\/{rel}","templated":true}]}}