{"id":1980,"date":"2025-04-18T04:31:06","date_gmt":"2025-04-18T02:31:06","guid":{"rendered":"https:\/\/www.regionalis.shop\/huizbirn\/product\/holz-schluesselanhaenger-mit-geheimfach-aus-zwetschke-handmade\/"},"modified":"2025-04-18T04:31:06","modified_gmt":"2025-04-18T02:31:06","slug":"holz-schluesselanhaenger-mit-geheimfach-aus-zwetschke-handmade","status":"publish","type":"product","link":"https:\/\/www.regionalis.shop\/huizbirn\/shop\/holz-schluesselanhaenger-mit-geheimfach-aus-zwetschke-handmade\/","title":{"rendered":"Holz Schl\u00fcsselanh\u00e4nger mit Geheimfach aus Zwetschke handmade"},"content":{"rendered":"<p>Wundersch\u00f6ner Holz Schl\u00fcsselanh\u00e4nger \/ key chain ring mit Geheimfach.<\/p>\n<p>Holzart: Zwetschke<br \/>\nL\u00e4nge: 8 cm<br \/>\nBausatzfarbe: 24 k vergoldet<\/p>\n<p>Ein tolles Geschenk f\u00fcr jeden, der Holz mag oder ein Unikat an seinem Schl\u00fcsselbund tragen m\u00f6chte.<\/p>\n<p>Egal ob Geburtstagsgeschenk, Geschenk zu Weihnachten, zu einem Jubil\u00e4um oder f\u00fcr sich selbst!<\/p>\n<p>Handmade, Made in Austria!<\/p>\n","protected":false},"excerpt":{"rendered":"<p>Wundersch\u00f6ner Holz Schl\u00fcsselanh\u00e4nger \/ key chain ring mit Geheimfach. Holzart: Zwetschke L\u00e4nge: 8 cm Bausatzfarbe: 24 k vergoldet Ein tolles Geschenk f\u00fcr jeden, der Holz mag oder ein Unikat an seinem Schl\u00fcsselbund tragen m\u00f6chte. Egal ob Geburtstagsgeschenk, Geschenk zu Weihnachten, zu einem Jubil\u00e4um oder f\u00fcr sich selbst! Handmade, Made in Austria!<\/p>\n","protected":false},"featured_media":1981,"template":"","meta":{"_acf_changed":false},"product_brand":[],"product_cat":[37,68],"product_tag":[],"class_list":{"0":"post-1980","1":"product","2":"type-product","3":"status-publish","4":"has-post-thumbnail","6":"product_cat-accessoires","7":"product_cat-schluesselanhaenger","9":"first","10":"instock","11":"purchasable","12":"product-type-simple"},"acf":[],"_links":{"self":[{"href":"https:\/\/www.regionalis.shop\/huizbirn\/wp-json\/wp\/v2\/product\/1980","targetHints":{"allow":["GET"]}}],"collection":[{"href":"https:\/\/www.regionalis.shop\/huizbirn\/wp-json\/wp\/v2\/product"}],"about":[{"href":"https:\/\/www.regionalis.shop\/huizbirn\/wp-json\/wp\/v2\/types\/product"}],"wp:featuredmedia":[{"embeddable":true,"href":"https:\/\/www.regionalis.shop\/huizbirn\/wp-json\/wp\/v2\/media\/1981"}],"wp:attachment":[{"href":"https:\/\/www.regionalis.shop\/huizbirn\/wp-json\/wp\/v2\/media?parent=1980"}],"wp:term":[{"taxonomy":"product_brand","embeddable":true,"href":"https:\/\/www.regionalis.shop\/huizbirn\/wp-json\/wp\/v2\/product_brand?post=1980"},{"taxonomy":"product_cat","embeddable":true,"href":"https:\/\/www.regionalis.shop\/huizbirn\/wp-json\/wp\/v2\/product_cat?post=1980"},{"taxonomy":"product_tag","embeddable":true,"href":"https:\/\/www.regionalis.shop\/huizbirn\/wp-json\/wp\/v2\/product_tag?post=1980"}],"curies":[{"name":"wp","href":"https:\/\/api.w.org\/{rel}","templated":true}]}}