{"id":1991,"date":"2025-04-18T03:56:24","date_gmt":"2025-04-18T01:56:24","guid":{"rendered":"https:\/\/www.regionalis.shop\/huizbirn\/product\/holz-rollerpen-kugelschreiber-briefoeffner-esche-geschenkset-handmade\/"},"modified":"2025-04-18T03:56:24","modified_gmt":"2025-04-18T01:56:24","slug":"holz-rollerpen-kugelschreiber-briefoeffner-esche-geschenkset-handmade","status":"publish","type":"product","link":"https:\/\/www.regionalis.shop\/huizbirn\/shop\/holz-rollerpen-kugelschreiber-briefoeffner-esche-geschenkset-handmade\/","title":{"rendered":"Holz Rollerpen Kugelschreiber Brief\u00f6ffner Esche Geschenkset handmade"},"content":{"rendered":"<p>Handgearbeitetes Geschenkset bestehend aus\u00a0Rollerpen und Brief\u00f6ffner handgefertigt aus \u00f6sterreichischem Eschen-Holz.<\/p>\n<p>Ein absolutes Unikat, welches Seinesgleichen sucht!<\/p>\n<p>&#8211; Bausatz von h\u00f6chster Qualit\u00e4t<br \/>\n&#8211; Holzart: Esche<br \/>\n&#8211; die Holzoberfl\u00e4che wurde fein geschliffen und lebensmittelecht versiegelt<br \/>\n&#8211; L\u00e4nge: ca. 13.5 cm<br \/>\n&#8211; MIne wechselbar<br \/>\n&#8211; Lieferung erfolgt im Geschenk-Karton<br \/>\n\u00a0\u00a0<\/p>\n<p>Jeder Kugelschreiber ist ein absolutes Unikat und ein ideales Geschenk.<\/p>\n<p>Eine tolle Geschenksidee zum Geburtstag, Weihnachten oder anderen Anlass.<\/p>\n","protected":false},"excerpt":{"rendered":"<p>Handgearbeitetes Geschenkset bestehend aus\u00a0Rollerpen und Brief\u00f6ffner handgefertigt aus \u00f6sterreichischem Eschen-Holz. Ein absolutes Unikat, welches Seinesgleichen sucht! &#8211; Bausatz von h\u00f6chster Qualit\u00e4t &#8211; Holzart: Esche &#8211; die Holzoberfl\u00e4che wurde fein geschliffen und lebensmittelecht versiegelt &#8211; L\u00e4nge: ca. 13.5 cm &#8211; MIne wechselbar &#8211; Lieferung erfolgt im Geschenk-Karton \u00a0\u00a0 Jeder Kugelschreiber ist ein absolutes Unikat und ein &hellip; <a href=\"https:\/\/www.regionalis.shop\/huizbirn\/shop\/holz-rollerpen-kugelschreiber-briefoeffner-esche-geschenkset-handmade\/\">Continued<\/a><\/p>\n","protected":false},"featured_media":1992,"template":"","meta":{"_acf_changed":false},"product_brand":[],"product_cat":[62,72],"product_tag":[],"class_list":{"0":"post-1991","1":"product","2":"type-product","3":"status-publish","4":"has-post-thumbnail","6":"product_cat-papeterie-schreibwaren","7":"product_cat-schreibwaren","9":"first","10":"instock","11":"purchasable","12":"product-type-simple"},"acf":[],"_links":{"self":[{"href":"https:\/\/www.regionalis.shop\/huizbirn\/wp-json\/wp\/v2\/product\/1991","targetHints":{"allow":["GET"]}}],"collection":[{"href":"https:\/\/www.regionalis.shop\/huizbirn\/wp-json\/wp\/v2\/product"}],"about":[{"href":"https:\/\/www.regionalis.shop\/huizbirn\/wp-json\/wp\/v2\/types\/product"}],"wp:featuredmedia":[{"embeddable":true,"href":"https:\/\/www.regionalis.shop\/huizbirn\/wp-json\/wp\/v2\/media\/1992"}],"wp:attachment":[{"href":"https:\/\/www.regionalis.shop\/huizbirn\/wp-json\/wp\/v2\/media?parent=1991"}],"wp:term":[{"taxonomy":"product_brand","embeddable":true,"href":"https:\/\/www.regionalis.shop\/huizbirn\/wp-json\/wp\/v2\/product_brand?post=1991"},{"taxonomy":"product_cat","embeddable":true,"href":"https:\/\/www.regionalis.shop\/huizbirn\/wp-json\/wp\/v2\/product_cat?post=1991"},{"taxonomy":"product_tag","embeddable":true,"href":"https:\/\/www.regionalis.shop\/huizbirn\/wp-json\/wp\/v2\/product_tag?post=1991"}],"curies":[{"name":"wp","href":"https:\/\/api.w.org\/{rel}","templated":true}]}}